{"id":83434,"date":"2018-04-26T18:21:07","date_gmt":"2018-04-26T18:21:07","guid":{"rendered":"http:\/\/www.irdin.org.br\/site\/produto\/conversas-com-trigueirinho-no-354\/"},"modified":"2025-03-15T20:55:34","modified_gmt":"2025-03-15T20:55:34","slug":"conversas-com-trigueirinho-no-354","status":"publish","type":"product","link":"https:\/\/www.irdin.org.br\/site\/produtos\/conversas-com-trigueirinho-no-354\/","title":{"rendered":"Conversas com Trigueirinho n\u00ba 354"},"content":{"rendered":"<p><em>Lei do Sacrif\u00edcio \/ Transcend\u00eancia \/ Colabora\u00e7\u00e3o de terapeutas \/ Magia negra e for\u00e7as da Luz \/ Deslocamento de \u00e1gua e terra no planeta \/ Irradia\u00e7\u00e3o \/ Premoni\u00e7\u00e3o \/ O valor do exemplo \/ Trabalhar o destino b\u00e1sico \/ Equil\u00edbrio c\u00e1rmico \/ Conv\u00edvio pac\u00edfico com as emo\u00e7\u00f5es \/ Sonhos dramatizados \/ Sonho: quedas de elevador \/ Acolher os Raios \/ Cirurgias \/ Anestesia geral \/ Sublima\u00e7\u00e3o da sexualidade<\/em><\/p>\n<p>&nbsp;<br \/>\n<strong>Ou\u00e7a agora:<\/strong><\/p>\n<p><span data-href=\"https:\/\/www.irdin.org.br\/site\/envios\/audios\/0023_0354__por_por__conversas_com_trigueirinho_n354.mp3\" data-title=\"conversas com trigueirinho n\u00ba 354\" data-rel=\"\" data-target=\"\" data-meta=\"#fap-meta-69ff43a73f1a3\" class=\"fap-single-track fap-track-button fap-play-button\" data-enqueue=\"no\" data-autoenqueue=\"no\" title=\"conversas com trigueirinho n\u00ba 354\"><span class=\"fap-icon-play\"><\/span>Ouvir<\/span> <a href=\"https:\/\/www.irdin.org.br\/site\/envios\/audios\/0023_0354__por_por__conversas_com_trigueirinho_n354.mp3\" class=\"baixar\" download><span class=\"fa fa-arrow-down\"><\/span>Baixar<\/span><\/a> <span class=\"textobaixar\"> conversas com trigueirinho n\u00ba 354<\/span><\/p>\n<p>&nbsp;<\/p>\n","protected":false},"excerpt":{"rendered":"<p>Lei do Sacrif\u00edcio \/ Transcend\u00eancia \/ Colabora\u00e7\u00e3o de terapeutas \/ Magia negra e for\u00e7as da Luz \/ Deslocamento de \u00e1gua<\/p>\n","protected":false},"featured_media":37803,"template":"","meta":{"_acf_changed":false},"product_brand":[],"product_cat":[18076,33068],"product_tag":[40187],"class_list":{"0":"post-83434","1":"product","2":"type-product","3":"status-publish","4":"has-post-thumbnail","6":"product_cat-cddvd","7":"product_cat-palestras","8":"product_tag-40187","9":"pa_autor-trigueirinho","10":"pa_codigo-da-serie-31985","11":"pa_codigo-externo-00230354porcd","12":"pa_data-de-gravacao-25721","13":"pa_duracao-43min","14":"pa_idioma-de-destino-portugues","15":"pa_idioma-de-origem-portugues","16":"pa_lancamento-no","17":"pa_midia-cd","18":"pa_moac-40186","19":"pa_quantidade-de-saldo-33067","20":"pa_sequencial-da-serie-32020","21":"pa_tipo-de-traducao-nao-classificado","23":"first","24":"outofstock","25":"product-type-simple"},"acf":[],"_links":{"self":[{"href":"https:\/\/www.irdin.org.br\/site\/wp-json\/wp\/v2\/product\/83434","targetHints":{"allow":["GET"]}}],"collection":[{"href":"https:\/\/www.irdin.org.br\/site\/wp-json\/wp\/v2\/product"}],"about":[{"href":"https:\/\/www.irdin.org.br\/site\/wp-json\/wp\/v2\/types\/product"}],"version-history":[{"count":1,"href":"https:\/\/www.irdin.org.br\/site\/wp-json\/wp\/v2\/product\/83434\/revisions"}],"predecessor-version":[{"id":108791,"href":"https:\/\/www.irdin.org.br\/site\/wp-json\/wp\/v2\/product\/83434\/revisions\/108791"}],"wp:featuredmedia":[{"embeddable":true,"href":"https:\/\/www.irdin.org.br\/site\/wp-json\/wp\/v2\/media\/37803"}],"wp:attachment":[{"href":"https:\/\/www.irdin.org.br\/site\/wp-json\/wp\/v2\/media?parent=83434"}],"wp:term":[{"taxonomy":"product_brand","embeddable":true,"href":"https:\/\/www.irdin.org.br\/site\/wp-json\/wp\/v2\/product_brand?post=83434"},{"taxonomy":"product_cat","embeddable":true,"href":"https:\/\/www.irdin.org.br\/site\/wp-json\/wp\/v2\/product_cat?post=83434"},{"taxonomy":"product_tag","embeddable":true,"href":"https:\/\/www.irdin.org.br\/site\/wp-json\/wp\/v2\/product_tag?post=83434"}],"curies":[{"name":"wp","href":"https:\/\/api.w.org\/{rel}","templated":true}]}}