{"id":83435,"date":"2018-04-26T18:21:07","date_gmt":"2018-04-26T18:21:07","guid":{"rendered":"http:\/\/www.irdin.org.br\/site\/produto\/conversas-com-trigueirinho-no-355\/"},"modified":"2025-03-15T20:55:48","modified_gmt":"2025-03-15T20:55:48","slug":"conversas-com-trigueirinho-no-355","status":"publish","type":"product","link":"https:\/\/www.irdin.org.br\/site\/produtos\/conversas-com-trigueirinho-no-355\/","title":{"rendered":"Conversas com Trigueirinho n\u00ba 355"},"content":{"rendered":"<p><em>Nova etapa \/ Sonho premonit\u00f3rio \/ Denti\u00e7\u00e3o e evolu\u00e7\u00e3o humana \/ Vontade, ordem, devo\u00e7\u00e3o \/ Controle da mente \/ Aperfei\u00e7oar a oferta de servir \/ Doa\u00e7\u00e3o correta \/ Transforma\u00e7\u00e3o do ser \/ Ajuda aos suicidas \/ Estar no lugar certo \/ Situa\u00e7\u00f5es indesej\u00e1veis \/ Transi\u00e7\u00e3o planet\u00e1ria \/ Corpos em condi\u00e7\u00f5es de servir \/ Grupos e advento da nova humanidade \/ Ser espelho \/ Origens da humanidade terrestre<\/em><\/p>\n<p>&nbsp;<br \/>\n<strong>Ou\u00e7a agora:<\/strong><\/p>\n<p><span data-href=\"https:\/\/www.irdin.org.br\/site\/envios\/audios\/0023_0355__por_por__conversas_com_trigueirinho_n355.mp3\" data-title=\"conversas com trigueirinho n\u00ba 355\" data-rel=\"\" data-target=\"\" data-meta=\"#fap-meta-69ff316aba8b0\" class=\"fap-single-track fap-track-button fap-play-button\" data-enqueue=\"no\" data-autoenqueue=\"no\" title=\"conversas com trigueirinho n\u00ba 355\"><span class=\"fap-icon-play\"><\/span>Ouvir<\/span> <a href=\"https:\/\/www.irdin.org.br\/site\/envios\/audios\/0023_0355__por_por__conversas_com_trigueirinho_n355.mp3\" class=\"baixar\" download><span class=\"fa fa-arrow-down\"><\/span>Baixar<\/span><\/a> <span class=\"textobaixar\"> conversas com trigueirinho n\u00ba 355<\/span><\/p>\n<p>&nbsp;<\/p>\n","protected":false},"excerpt":{"rendered":"<p>Nova etapa \/ Sonho premonit\u00f3rio \/ Denti\u00e7\u00e3o e evolu\u00e7\u00e3o humana \/ Vontade, ordem, devo\u00e7\u00e3o \/ Controle da mente \/ Aperfei\u00e7oar<\/p>\n","protected":false},"featured_media":37803,"template":"","meta":{"_acf_changed":false},"product_brand":[],"product_cat":[18076,33068],"product_tag":[40189],"class_list":{"0":"post-83435","1":"product","2":"type-product","3":"status-publish","4":"has-post-thumbnail","6":"product_cat-cddvd","7":"product_cat-palestras","8":"product_tag-40189","9":"pa_autor-trigueirinho","10":"pa_codigo-da-serie-31985","11":"pa_codigo-externo-00230355porcd","12":"pa_data-de-gravacao-25724","13":"pa_duracao-56min","14":"pa_idioma-de-destino-portugues","15":"pa_idioma-de-origem-portugues","16":"pa_lancamento-no","17":"pa_midia-cd","18":"pa_moac-40188","19":"pa_quantidade-de-saldo-33067","20":"pa_sequencial-da-serie-32021","21":"pa_tipo-de-traducao-nao-classificado","23":"first","24":"outofstock","25":"product-type-simple"},"acf":[],"_links":{"self":[{"href":"https:\/\/www.irdin.org.br\/site\/wp-json\/wp\/v2\/product\/83435","targetHints":{"allow":["GET"]}}],"collection":[{"href":"https:\/\/www.irdin.org.br\/site\/wp-json\/wp\/v2\/product"}],"about":[{"href":"https:\/\/www.irdin.org.br\/site\/wp-json\/wp\/v2\/types\/product"}],"version-history":[{"count":1,"href":"https:\/\/www.irdin.org.br\/site\/wp-json\/wp\/v2\/product\/83435\/revisions"}],"predecessor-version":[{"id":108792,"href":"https:\/\/www.irdin.org.br\/site\/wp-json\/wp\/v2\/product\/83435\/revisions\/108792"}],"wp:featuredmedia":[{"embeddable":true,"href":"https:\/\/www.irdin.org.br\/site\/wp-json\/wp\/v2\/media\/37803"}],"wp:attachment":[{"href":"https:\/\/www.irdin.org.br\/site\/wp-json\/wp\/v2\/media?parent=83435"}],"wp:term":[{"taxonomy":"product_brand","embeddable":true,"href":"https:\/\/www.irdin.org.br\/site\/wp-json\/wp\/v2\/product_brand?post=83435"},{"taxonomy":"product_cat","embeddable":true,"href":"https:\/\/www.irdin.org.br\/site\/wp-json\/wp\/v2\/product_cat?post=83435"},{"taxonomy":"product_tag","embeddable":true,"href":"https:\/\/www.irdin.org.br\/site\/wp-json\/wp\/v2\/product_tag?post=83435"}],"curies":[{"name":"wp","href":"https:\/\/api.w.org\/{rel}","templated":true}]}}