{"id":83437,"date":"2018-04-26T18:21:07","date_gmt":"2018-04-26T18:21:07","guid":{"rendered":"http:\/\/www.irdin.org.br\/site\/produto\/conversas-com-trigueirinho-no-357\/"},"modified":"2025-03-15T20:56:15","modified_gmt":"2025-03-15T20:56:15","slug":"conversas-com-trigueirinho-no-357","status":"publish","type":"product","link":"https:\/\/www.irdin.org.br\/site\/produtos\/conversas-com-trigueirinho-no-357\/","title":{"rendered":"Conversas com Trigueirinho n\u00ba 357"},"content":{"rendered":"<p><em>Arca e nave de No\u00e9 \/ Aquecimento global \/ A desuni\u00e3o da humanidade \/ Ajuda extraterrestre \/ O ser espelho e o contemplativo \/ Nossa responsabilidade para com os animais \/ Individualiza\u00e7\u00e3o \/ Instinto animal e livre-arb\u00edtrio humano \/ Instinto, intelecto e intui\u00e7\u00e3o \/ Alma humana, alma animal, alma vegetal \/ Evolu\u00e7\u00e3o an\u00edmica \/ Causas da miopia \/ O nome Maitreya como mantra \/ Coopera\u00e7\u00e3o<\/em><\/p>\n<p>&nbsp;<br \/>\n<strong>Ou\u00e7a agora:<\/strong><\/p>\n<p><span data-href=\"https:\/\/www.irdin.org.br\/site\/envios\/audios\/0023_0357__por_por__conversas_com_trigueirinho_n357.mp3\" data-title=\"conversas com trigueirinho n\u00ba 357\" data-rel=\"\" data-target=\"\" data-meta=\"#fap-meta-69e193dd716d6\" class=\"fap-single-track fap-track-button fap-play-button\" data-enqueue=\"no\" data-autoenqueue=\"no\" title=\"conversas com trigueirinho n\u00ba 357\"><span class=\"fap-icon-play\"><\/span>Ouvir<\/span> <a href=\"https:\/\/www.irdin.org.br\/site\/envios\/audios\/0023_0357__por_por__conversas_com_trigueirinho_n357.mp3\" class=\"baixar\" download><span class=\"fa fa-arrow-down\"><\/span>Baixar<\/span><\/a> <span class=\"textobaixar\"> conversas com trigueirinho n\u00ba 357<\/span><\/p>\n<p>&nbsp;<\/p>\n","protected":false},"excerpt":{"rendered":"<p>Arca e nave de No\u00e9 \/ Aquecimento global \/ A desuni\u00e3o da humanidade \/ Ajuda extraterrestre \/ O ser espelho<\/p>\n","protected":false},"featured_media":37803,"template":"","meta":{"_acf_changed":false},"product_brand":[],"product_cat":[18076,33068],"product_tag":[40193],"class_list":{"0":"post-83437","1":"product","2":"type-product","3":"status-publish","4":"has-post-thumbnail","6":"product_cat-cddvd","7":"product_cat-palestras","8":"product_tag-40193","9":"pa_autor-trigueirinho","10":"pa_codigo-da-serie-31985","11":"pa_codigo-externo-00230357porcd","12":"pa_data-de-gravacao-25730","13":"pa_duracao-1h1min","14":"pa_idioma-de-destino-portugues","15":"pa_idioma-de-origem-portugues","16":"pa_lancamento-no","17":"pa_midia-cd","18":"pa_moac-40192","19":"pa_quantidade-de-saldo-33067","20":"pa_sequencial-da-serie-32024","21":"pa_tipo-de-traducao-nao-classificado","23":"first","24":"outofstock","25":"product-type-simple"},"acf":[],"_links":{"self":[{"href":"https:\/\/www.irdin.org.br\/site\/wp-json\/wp\/v2\/product\/83437","targetHints":{"allow":["GET"]}}],"collection":[{"href":"https:\/\/www.irdin.org.br\/site\/wp-json\/wp\/v2\/product"}],"about":[{"href":"https:\/\/www.irdin.org.br\/site\/wp-json\/wp\/v2\/types\/product"}],"version-history":[{"count":1,"href":"https:\/\/www.irdin.org.br\/site\/wp-json\/wp\/v2\/product\/83437\/revisions"}],"predecessor-version":[{"id":108794,"href":"https:\/\/www.irdin.org.br\/site\/wp-json\/wp\/v2\/product\/83437\/revisions\/108794"}],"wp:featuredmedia":[{"embeddable":true,"href":"https:\/\/www.irdin.org.br\/site\/wp-json\/wp\/v2\/media\/37803"}],"wp:attachment":[{"href":"https:\/\/www.irdin.org.br\/site\/wp-json\/wp\/v2\/media?parent=83437"}],"wp:term":[{"taxonomy":"product_brand","embeddable":true,"href":"https:\/\/www.irdin.org.br\/site\/wp-json\/wp\/v2\/product_brand?post=83437"},{"taxonomy":"product_cat","embeddable":true,"href":"https:\/\/www.irdin.org.br\/site\/wp-json\/wp\/v2\/product_cat?post=83437"},{"taxonomy":"product_tag","embeddable":true,"href":"https:\/\/www.irdin.org.br\/site\/wp-json\/wp\/v2\/product_tag?post=83437"}],"curies":[{"name":"wp","href":"https:\/\/api.w.org\/{rel}","templated":true}]}}