{"id":83442,"date":"2018-04-26T18:21:26","date_gmt":"2018-04-26T18:21:26","guid":{"rendered":"http:\/\/www.irdin.org.br\/site\/produto\/conversas-com-trigueirinho-no-362\/"},"modified":"2025-03-15T20:33:52","modified_gmt":"2025-03-15T20:33:52","slug":"conversas-com-trigueirinho-no-362","status":"publish","type":"product","link":"https:\/\/www.irdin.org.br\/site\/produtos\/conversas-com-trigueirinho-no-362\/","title":{"rendered":"Conversas com Trigueirinho n\u00ba 362"},"content":{"rendered":"<p><em>A vida de desencarnados segundo o espiritismo e sob outra vis\u00e3o \/ Carma e busca espiritual \/ Atitudes construtivas em horas de caos \/ Transmuta\u00e7\u00e3o mon\u00e1dica hoje \/ Dificuldade de desencarnar \/ Por que n\u00e3o comer ovos nem queijos \/ Inclina\u00e7\u00e3o do eixo da Terra \/ O novo c\u00f3digo gen\u00e9tico na consci\u00eancia \/ A irradia\u00e7\u00e3o do nosso n\u00facleo interno, trabalho essencial \/ Ajuda \u00e0 evolu\u00e7\u00e3o dos animais<\/em><\/p>\n<p>&nbsp;<br \/>\n<strong>Ou\u00e7a agora:<\/strong><\/p>\n<p><span data-href=\"https:\/\/www.irdin.org.br\/site\/envios\/audios\/0023_0362__por_por__conversas_com_trigueirinho_n362.mp3\" data-title=\"conversas com trigueirinho n\u00ba 362\" data-rel=\"\" data-target=\"\" data-meta=\"#fap-meta-69e400cde8d5f\" class=\"fap-single-track fap-track-button fap-play-button\" data-enqueue=\"no\" data-autoenqueue=\"no\" title=\"conversas com trigueirinho n\u00ba 362\"><span class=\"fap-icon-play\"><\/span>Ouvir<\/span> <a href=\"https:\/\/www.irdin.org.br\/site\/envios\/audios\/0023_0362__por_por__conversas_com_trigueirinho_n362.mp3\" class=\"baixar\" download><span class=\"fa fa-arrow-down\"><\/span>Baixar<\/span><\/a> <span class=\"textobaixar\"> conversas com trigueirinho n\u00ba 362<\/span><\/p>\n<p>&nbsp;<\/p>\n","protected":false},"excerpt":{"rendered":"<p>A vida de desencarnados segundo o espiritismo e sob outra vis\u00e3o \/ Carma e busca espiritual \/ Atitudes construtivas em<\/p>\n","protected":false},"featured_media":37803,"template":"","meta":{"_acf_changed":false},"product_brand":[],"product_cat":[18076,33068],"product_tag":[40203],"class_list":{"0":"post-83442","1":"product","2":"type-product","3":"status-publish","4":"has-post-thumbnail","6":"product_cat-cddvd","7":"product_cat-palestras","8":"product_tag-40203","9":"pa_autor-trigueirinho","10":"pa_codigo-da-serie-31985","11":"pa_codigo-externo-00230362porcd","12":"pa_data-de-gravacao-25744","13":"pa_duracao-47min","14":"pa_idioma-de-destino-portugues","15":"pa_idioma-de-origem-portugues","16":"pa_lancamento-no","17":"pa_midia-cd","18":"pa_moac-40202","19":"pa_quantidade-de-saldo-33067","20":"pa_sequencial-da-serie-32030","21":"pa_tipo-de-traducao-nao-classificado","23":"first","24":"outofstock","25":"product-type-simple"},"acf":[],"_links":{"self":[{"href":"https:\/\/www.irdin.org.br\/site\/wp-json\/wp\/v2\/product\/83442","targetHints":{"allow":["GET"]}}],"collection":[{"href":"https:\/\/www.irdin.org.br\/site\/wp-json\/wp\/v2\/product"}],"about":[{"href":"https:\/\/www.irdin.org.br\/site\/wp-json\/wp\/v2\/types\/product"}],"version-history":[{"count":1,"href":"https:\/\/www.irdin.org.br\/site\/wp-json\/wp\/v2\/product\/83442\/revisions"}],"predecessor-version":[{"id":108759,"href":"https:\/\/www.irdin.org.br\/site\/wp-json\/wp\/v2\/product\/83442\/revisions\/108759"}],"wp:featuredmedia":[{"embeddable":true,"href":"https:\/\/www.irdin.org.br\/site\/wp-json\/wp\/v2\/media\/37803"}],"wp:attachment":[{"href":"https:\/\/www.irdin.org.br\/site\/wp-json\/wp\/v2\/media?parent=83442"}],"wp:term":[{"taxonomy":"product_brand","embeddable":true,"href":"https:\/\/www.irdin.org.br\/site\/wp-json\/wp\/v2\/product_brand?post=83442"},{"taxonomy":"product_cat","embeddable":true,"href":"https:\/\/www.irdin.org.br\/site\/wp-json\/wp\/v2\/product_cat?post=83442"},{"taxonomy":"product_tag","embeddable":true,"href":"https:\/\/www.irdin.org.br\/site\/wp-json\/wp\/v2\/product_tag?post=83442"}],"curies":[{"name":"wp","href":"https:\/\/api.w.org\/{rel}","templated":true}]}}