{"id":83450,"date":"2018-04-26T18:21:26","date_gmt":"2018-04-26T18:21:26","guid":{"rendered":"http:\/\/www.irdin.org.br\/site\/produto\/conversas-com-trigueirinho-no-370\/"},"modified":"2025-03-15T20:35:38","modified_gmt":"2025-03-15T20:35:38","slug":"conversas-com-trigueirinho-no-370","status":"publish","type":"product","link":"https:\/\/www.irdin.org.br\/site\/produtos\/conversas-com-trigueirinho-no-370\/","title":{"rendered":"Conversas com Trigueirinho n\u00ba 370"},"content":{"rendered":"<p><em>Grupos internos de almas \/ Divina indiferen\u00e7a \/ Transcend\u00eancia e onipresen\u00e7a \/ R\u00e9plicas nossas em sonhos \/ Proje\u00e7\u00f5es dos corpos \/ Compreender os fatos espiritualmente \/ Intera\u00e7\u00e3o com o universo e remanejamento do carma individual \/ Romper o c\u00edrculo pessoal, expandir a alma \/ A consci\u00eancia planet\u00e1ria rumo \u00e0 evolu\u00e7\u00e3o imaterial \/ O valor da decis\u00e3o de nos unir com n\u00edveis imateriais da vida<\/em><\/p>\n<p>&nbsp;<br \/>\n<strong>Ou\u00e7a agora:<\/strong><\/p>\n<p><span data-href=\"https:\/\/www.irdin.org.br\/site\/envios\/audios\/0023_0370__por_por__conversas_com_trigueirinho_n370.mp3\" data-title=\"conversas com trigueirinho n\u00ba 370\" data-rel=\"\" data-target=\"\" data-meta=\"#fap-meta-69e3f1c8e6bf3\" class=\"fap-single-track fap-track-button fap-play-button\" data-enqueue=\"no\" data-autoenqueue=\"no\" title=\"conversas com trigueirinho n\u00ba 370\"><span class=\"fap-icon-play\"><\/span>Ouvir<\/span> <a href=\"https:\/\/www.irdin.org.br\/site\/envios\/audios\/0023_0370__por_por__conversas_com_trigueirinho_n370.mp3\" class=\"baixar\" download><span class=\"fa fa-arrow-down\"><\/span>Baixar<\/span><\/a> <span class=\"textobaixar\"> conversas com trigueirinho n\u00ba 370<\/span><\/p>\n<p>&nbsp;<\/p>\n","protected":false},"excerpt":{"rendered":"<p>Grupos internos de almas \/ Divina indiferen\u00e7a \/ Transcend\u00eancia e onipresen\u00e7a \/ R\u00e9plicas nossas em sonhos \/ Proje\u00e7\u00f5es dos corpos<\/p>\n","protected":false},"featured_media":37803,"template":"","meta":{"_acf_changed":false},"product_brand":[],"product_cat":[18076,33068],"product_tag":[40219],"class_list":{"0":"post-83450","1":"product","2":"type-product","3":"status-publish","4":"has-post-thumbnail","6":"product_cat-cddvd","7":"product_cat-palestras","8":"product_tag-40219","9":"pa_autor-trigueirinho","10":"pa_codigo-da-serie-31985","11":"pa_codigo-externo-00230370porcd","12":"pa_data-de-gravacao-25766","13":"pa_duracao-46min","14":"pa_idioma-de-destino-portugues","15":"pa_idioma-de-origem-portugues","16":"pa_lancamento-no","17":"pa_midia-cd","18":"pa_moac-40218","19":"pa_quantidade-de-saldo-33067","20":"pa_sequencial-da-serie-32041","21":"pa_tipo-de-traducao-nao-classificado","23":"first","24":"outofstock","25":"product-type-simple"},"acf":[],"_links":{"self":[{"href":"https:\/\/www.irdin.org.br\/site\/wp-json\/wp\/v2\/product\/83450","targetHints":{"allow":["GET"]}}],"collection":[{"href":"https:\/\/www.irdin.org.br\/site\/wp-json\/wp\/v2\/product"}],"about":[{"href":"https:\/\/www.irdin.org.br\/site\/wp-json\/wp\/v2\/types\/product"}],"version-history":[{"count":1,"href":"https:\/\/www.irdin.org.br\/site\/wp-json\/wp\/v2\/product\/83450\/revisions"}],"predecessor-version":[{"id":108767,"href":"https:\/\/www.irdin.org.br\/site\/wp-json\/wp\/v2\/product\/83450\/revisions\/108767"}],"wp:featuredmedia":[{"embeddable":true,"href":"https:\/\/www.irdin.org.br\/site\/wp-json\/wp\/v2\/media\/37803"}],"wp:attachment":[{"href":"https:\/\/www.irdin.org.br\/site\/wp-json\/wp\/v2\/media?parent=83450"}],"wp:term":[{"taxonomy":"product_brand","embeddable":true,"href":"https:\/\/www.irdin.org.br\/site\/wp-json\/wp\/v2\/product_brand?post=83450"},{"taxonomy":"product_cat","embeddable":true,"href":"https:\/\/www.irdin.org.br\/site\/wp-json\/wp\/v2\/product_cat?post=83450"},{"taxonomy":"product_tag","embeddable":true,"href":"https:\/\/www.irdin.org.br\/site\/wp-json\/wp\/v2\/product_tag?post=83450"}],"curies":[{"name":"wp","href":"https:\/\/api.w.org\/{rel}","templated":true}]}}