{"id":83457,"date":"2018-04-26T18:21:26","date_gmt":"2018-04-26T18:21:26","guid":{"rendered":"http:\/\/www.irdin.org.br\/site\/produto\/conversas-com-trigueirinho-no-377\/"},"modified":"2025-03-15T20:37:10","modified_gmt":"2025-03-15T20:37:10","slug":"conversas-com-trigueirinho-no-377","status":"publish","type":"product","link":"https:\/\/www.irdin.org.br\/site\/produtos\/conversas-com-trigueirinho-no-377\/","title":{"rendered":"Conversas com Trigueirinho n\u00ba 377"},"content":{"rendered":"<p><em>Fun\u00e7\u00e3o sutil dos eucaliptos \/ Sonho com cavalo branco alado \/ Natureza e renova\u00e7\u00e3o \/ A alimenta\u00e7\u00e3o com carne e a vegetariana \/ Novo c\u00f3digo gen\u00e9tico e novo pensamento \/ Estar s\u00f3 junto com todos \/ Livro ?Viagem por Mundos Sutis? \/ Crian\u00e7a com tend\u00eancias do sexo oposto \/ Miss\u00e3o, tarefa e trabalho \/ Medo de \u00e1gua \/ Rela\u00e7\u00f5es e sil\u00eancio \/ Sonho acordado \/ A ilus\u00e3o humana \/ Contempla\u00e7\u00e3o e ra\u00e7a futura<\/em><\/p>\n<p>&nbsp;<br \/>\n<strong>Ou\u00e7a agora:<\/strong><\/p>\n<p><span data-href=\"https:\/\/www.irdin.org.br\/site\/envios\/audios\/0023_0377__por_por__conversas_com_trigueirinho_n377.mp3\" data-title=\"conversas com trigueirinho n\u00ba 377\" data-rel=\"\" data-target=\"\" data-meta=\"#fap-meta-69f5d60ce928f\" class=\"fap-single-track fap-track-button fap-play-button\" data-enqueue=\"no\" data-autoenqueue=\"no\" title=\"conversas com trigueirinho n\u00ba 377\"><span class=\"fap-icon-play\"><\/span>Ouvir<\/span> <a href=\"https:\/\/www.irdin.org.br\/site\/envios\/audios\/0023_0377__por_por__conversas_com_trigueirinho_n377.mp3\" class=\"baixar\" download><span class=\"fa fa-arrow-down\"><\/span>Baixar<\/span><\/a> <span class=\"textobaixar\"> conversas com trigueirinho n\u00ba 377<\/span><\/p>\n<p>&nbsp;<\/p>\n","protected":false},"excerpt":{"rendered":"<p>Fun\u00e7\u00e3o sutil dos eucaliptos \/ Sonho com cavalo branco alado \/ Natureza e renova\u00e7\u00e3o \/ A alimenta\u00e7\u00e3o com carne e<\/p>\n","protected":false},"featured_media":37803,"template":"","meta":{"_acf_changed":false},"product_brand":[],"product_cat":[18076,33068],"product_tag":[40233],"class_list":{"0":"post-83457","1":"product","2":"type-product","3":"status-publish","4":"has-post-thumbnail","6":"product_cat-cddvd","7":"product_cat-palestras","8":"product_tag-40233","9":"pa_autor-trigueirinho","10":"pa_codigo-da-serie-31985","11":"pa_codigo-externo-00230377porcd","12":"pa_data-de-gravacao-25790","13":"pa_duracao-1h1min","14":"pa_idioma-de-destino-portugues","15":"pa_idioma-de-origem-portugues","16":"pa_lancamento-no","17":"pa_midia-cd","18":"pa_moac-40232","19":"pa_quantidade-de-saldo-33067","20":"pa_sequencial-da-serie-32053","21":"pa_tipo-de-traducao-nao-classificado","23":"first","24":"outofstock","25":"product-type-simple"},"acf":[],"_links":{"self":[{"href":"https:\/\/www.irdin.org.br\/site\/wp-json\/wp\/v2\/product\/83457","targetHints":{"allow":["GET"]}}],"collection":[{"href":"https:\/\/www.irdin.org.br\/site\/wp-json\/wp\/v2\/product"}],"about":[{"href":"https:\/\/www.irdin.org.br\/site\/wp-json\/wp\/v2\/types\/product"}],"version-history":[{"count":1,"href":"https:\/\/www.irdin.org.br\/site\/wp-json\/wp\/v2\/product\/83457\/revisions"}],"predecessor-version":[{"id":108774,"href":"https:\/\/www.irdin.org.br\/site\/wp-json\/wp\/v2\/product\/83457\/revisions\/108774"}],"wp:featuredmedia":[{"embeddable":true,"href":"https:\/\/www.irdin.org.br\/site\/wp-json\/wp\/v2\/media\/37803"}],"wp:attachment":[{"href":"https:\/\/www.irdin.org.br\/site\/wp-json\/wp\/v2\/media?parent=83457"}],"wp:term":[{"taxonomy":"product_brand","embeddable":true,"href":"https:\/\/www.irdin.org.br\/site\/wp-json\/wp\/v2\/product_brand?post=83457"},{"taxonomy":"product_cat","embeddable":true,"href":"https:\/\/www.irdin.org.br\/site\/wp-json\/wp\/v2\/product_cat?post=83457"},{"taxonomy":"product_tag","embeddable":true,"href":"https:\/\/www.irdin.org.br\/site\/wp-json\/wp\/v2\/product_tag?post=83457"}],"curies":[{"name":"wp","href":"https:\/\/api.w.org\/{rel}","templated":true}]}}