{"id":83458,"date":"2018-04-26T18:21:46","date_gmt":"2018-04-26T18:21:46","guid":{"rendered":"http:\/\/www.irdin.org.br\/site\/produto\/conversas-com-trigueirinho-no-378\/"},"modified":"2025-03-15T20:28:31","modified_gmt":"2025-03-15T20:28:31","slug":"conversas-com-trigueirinho-no-378","status":"publish","type":"product","link":"https:\/\/www.irdin.org.br\/site\/produtos\/conversas-com-trigueirinho-no-378\/","title":{"rendered":"Conversas com Trigueirinho n\u00ba 378"},"content":{"rendered":"<p><em>Do sono ao despertar \/ Cuidar da mat\u00e9ria \/ Harmonia nos sonhos \/ Domesticidade animal \/ Sonho com areia, pedras, alian\u00e7a \/ N\u00e3o se envolver em magia \/ Continuidade de consci\u00eancia \/ Sublima\u00e7\u00e3o \/ Banhos de cura \/ Rede magn\u00e9tica planet\u00e1ria e fun\u00e7\u00e3o das baleias \/ Uso correto da \u00e1gua \/ \u00c1gua e humanidade futura \/ Novos contatos com o Sol \/ Desenvolvimento espiritual e intelig\u00eancia \/ Ora\u00e7\u00e3o em Figueira<\/em><\/p>\n<p>&nbsp;<br \/>\n<strong>Ou\u00e7a agora:<\/strong><\/p>\n<p><span data-href=\"https:\/\/www.irdin.org.br\/site\/envios\/audios\/0023_0378__por_por__conversas_com_trigueirinho_n378.mp3\" data-title=\"conversas com trigueirinho n\u00ba 378\" data-rel=\"\" data-target=\"\" data-meta=\"#fap-meta-69e41af712383\" class=\"fap-single-track fap-track-button fap-play-button\" data-enqueue=\"no\" data-autoenqueue=\"no\" title=\"conversas com trigueirinho n\u00ba 378\"><span class=\"fap-icon-play\"><\/span>Ouvir<\/span> <a href=\"https:\/\/www.irdin.org.br\/site\/envios\/audios\/0023_0378__por_por__conversas_com_trigueirinho_n378.mp3\" class=\"baixar\" download><span class=\"fa fa-arrow-down\"><\/span>Baixar<\/span><\/a> <span class=\"textobaixar\"> conversas com trigueirinho n\u00ba 378<\/span><\/p>\n<p>&nbsp;<\/p>\n","protected":false},"excerpt":{"rendered":"<p>Do sono ao despertar \/ Cuidar da mat\u00e9ria \/ Harmonia nos sonhos \/ Domesticidade animal \/ Sonho com areia, pedras,<\/p>\n","protected":false},"featured_media":37803,"template":"","meta":{"_acf_changed":false},"product_brand":[],"product_cat":[18076,33068],"product_tag":[40235],"class_list":{"0":"post-83458","1":"product","2":"type-product","3":"status-publish","4":"has-post-thumbnail","6":"product_cat-cddvd","7":"product_cat-palestras","8":"product_tag-40235","9":"pa_autor-trigueirinho","10":"pa_codigo-da-serie-31985","11":"pa_codigo-externo-00230378porcd","12":"pa_data-de-gravacao-25794","13":"pa_duracao-49min","14":"pa_idioma-de-destino-portugues","15":"pa_idioma-de-origem-portugues","16":"pa_lancamento-no","17":"pa_midia-cd","18":"pa_moac-40234","19":"pa_quantidade-de-saldo-33067","20":"pa_sequencial-da-serie-32054","21":"pa_tipo-de-traducao-nao-classificado","23":"first","24":"outofstock","25":"product-type-simple"},"acf":[],"_links":{"self":[{"href":"https:\/\/www.irdin.org.br\/site\/wp-json\/wp\/v2\/product\/83458","targetHints":{"allow":["GET"]}}],"collection":[{"href":"https:\/\/www.irdin.org.br\/site\/wp-json\/wp\/v2\/product"}],"about":[{"href":"https:\/\/www.irdin.org.br\/site\/wp-json\/wp\/v2\/types\/product"}],"version-history":[{"count":1,"href":"https:\/\/www.irdin.org.br\/site\/wp-json\/wp\/v2\/product\/83458\/revisions"}],"predecessor-version":[{"id":108734,"href":"https:\/\/www.irdin.org.br\/site\/wp-json\/wp\/v2\/product\/83458\/revisions\/108734"}],"wp:featuredmedia":[{"embeddable":true,"href":"https:\/\/www.irdin.org.br\/site\/wp-json\/wp\/v2\/media\/37803"}],"wp:attachment":[{"href":"https:\/\/www.irdin.org.br\/site\/wp-json\/wp\/v2\/media?parent=83458"}],"wp:term":[{"taxonomy":"product_brand","embeddable":true,"href":"https:\/\/www.irdin.org.br\/site\/wp-json\/wp\/v2\/product_brand?post=83458"},{"taxonomy":"product_cat","embeddable":true,"href":"https:\/\/www.irdin.org.br\/site\/wp-json\/wp\/v2\/product_cat?post=83458"},{"taxonomy":"product_tag","embeddable":true,"href":"https:\/\/www.irdin.org.br\/site\/wp-json\/wp\/v2\/product_tag?post=83458"}],"curies":[{"name":"wp","href":"https:\/\/api.w.org\/{rel}","templated":true}]}}