{"id":83460,"date":"2018-04-26T18:21:46","date_gmt":"2018-04-26T18:21:46","guid":{"rendered":"http:\/\/www.irdin.org.br\/site\/produto\/conversas-com-trigueirinho-no-380\/"},"modified":"2025-03-15T20:29:00","modified_gmt":"2025-03-15T20:29:00","slug":"conversas-com-trigueirinho-no-380","status":"publish","type":"product","link":"https:\/\/www.irdin.org.br\/site\/produtos\/conversas-com-trigueirinho-no-380\/","title":{"rendered":"Conversas com Trigueirinho n\u00ba 380"},"content":{"rendered":"<p><em>Sono instrutivo \/ Eleva\u00e7\u00e3o \/ Perfeccionismo \/ Adequa\u00e7\u00e3o \u00e0 consci\u00eancia \/ Deficientes mentais \/ Labirinto \/ Idades da humanidade \/ Cria\u00e7\u00e3o de corpos e encarna\u00e7\u00e3o \/ Pensar em Deus \/ Carma de comer carne \/ Sonho com cavalo branco \/ Vis\u00e3o de falecidos \/ Alegria no trabalho \/ Tarefas da vida \/ Cura em nave \/ Sil\u00eancio: efeitos \/ Eucaliptos e qu\u00edmica sutil \/ Ensinamento \/ Liberar-se de for\u00e7as involutivas \/ Tear \/ Livro ?Luz no Caminho?<\/em><\/p>\n<p>&nbsp;<br \/>\n<strong>Ou\u00e7a agora:<\/strong><\/p>\n<p><span data-href=\"https:\/\/www.irdin.org.br\/site\/envios\/audios\/0023_0380__por_por__conversas_com_trigueirinho_n380.mp3\" data-title=\"conversas com trigueirinho n\u00ba 380\" data-rel=\"\" data-target=\"\" data-meta=\"#fap-meta-69ff72e29f0c8\" class=\"fap-single-track fap-track-button fap-play-button\" data-enqueue=\"no\" data-autoenqueue=\"no\" title=\"conversas com trigueirinho n\u00ba 380\"><span class=\"fap-icon-play\"><\/span>Ouvir<\/span> <a href=\"https:\/\/www.irdin.org.br\/site\/envios\/audios\/0023_0380__por_por__conversas_com_trigueirinho_n380.mp3\" class=\"baixar\"><span class=\"fa fa-arrow-down\"><\/span>Baixar<\/span><\/a> <span class=\"textobaixar\"> conversas com trigueirinho n\u00ba 380<\/span><\/p>\n<p>&nbsp;<\/p>\n","protected":false},"excerpt":{"rendered":"<p>Sono instrutivo \/ Eleva\u00e7\u00e3o \/ Perfeccionismo \/ Adequa\u00e7\u00e3o \u00e0 consci\u00eancia \/ Deficientes mentais \/ Labirinto \/ Idades da humanidade \/<\/p>\n","protected":false},"featured_media":37803,"template":"","meta":{"_acf_changed":false},"product_brand":[],"product_cat":[18076,33068],"product_tag":[40239],"class_list":{"0":"post-83460","1":"product","2":"type-product","3":"status-publish","4":"has-post-thumbnail","6":"product_cat-cddvd","7":"product_cat-palestras","8":"product_tag-40239","9":"pa_autor-trigueirinho","10":"pa_codigo-da-serie-31985","11":"pa_codigo-externo-00230380porcd","12":"pa_data-de-gravacao-25802","13":"pa_duracao-50min","14":"pa_idioma-de-destino-portugues","15":"pa_idioma-de-origem-portugues","16":"pa_lancamento-no","17":"pa_midia-cd","18":"pa_moac-40238","19":"pa_quantidade-de-saldo-33067","20":"pa_sequencial-da-serie-32060","21":"pa_tipo-de-traducao-nao-classificado","23":"first","24":"outofstock","25":"product-type-simple"},"acf":[],"_links":{"self":[{"href":"https:\/\/www.irdin.org.br\/site\/wp-json\/wp\/v2\/product\/83460","targetHints":{"allow":["GET"]}}],"collection":[{"href":"https:\/\/www.irdin.org.br\/site\/wp-json\/wp\/v2\/product"}],"about":[{"href":"https:\/\/www.irdin.org.br\/site\/wp-json\/wp\/v2\/types\/product"}],"version-history":[{"count":1,"href":"https:\/\/www.irdin.org.br\/site\/wp-json\/wp\/v2\/product\/83460\/revisions"}],"predecessor-version":[{"id":108736,"href":"https:\/\/www.irdin.org.br\/site\/wp-json\/wp\/v2\/product\/83460\/revisions\/108736"}],"wp:featuredmedia":[{"embeddable":true,"href":"https:\/\/www.irdin.org.br\/site\/wp-json\/wp\/v2\/media\/37803"}],"wp:attachment":[{"href":"https:\/\/www.irdin.org.br\/site\/wp-json\/wp\/v2\/media?parent=83460"}],"wp:term":[{"taxonomy":"product_brand","embeddable":true,"href":"https:\/\/www.irdin.org.br\/site\/wp-json\/wp\/v2\/product_brand?post=83460"},{"taxonomy":"product_cat","embeddable":true,"href":"https:\/\/www.irdin.org.br\/site\/wp-json\/wp\/v2\/product_cat?post=83460"},{"taxonomy":"product_tag","embeddable":true,"href":"https:\/\/www.irdin.org.br\/site\/wp-json\/wp\/v2\/product_tag?post=83460"}],"curies":[{"name":"wp","href":"https:\/\/api.w.org\/{rel}","templated":true}]}}