{"id":83461,"date":"2018-04-26T18:21:46","date_gmt":"2018-04-26T18:21:46","guid":{"rendered":"http:\/\/www.irdin.org.br\/site\/produto\/conversas-com-trigueirinho-no-381\/"},"modified":"2025-03-15T20:29:12","modified_gmt":"2025-03-15T20:29:12","slug":"conversas-com-trigueirinho-no-381","status":"publish","type":"product","link":"https:\/\/www.irdin.org.br\/site\/produtos\/conversas-com-trigueirinho-no-381\/","title":{"rendered":"Conversas com Trigueirinho n\u00ba 381"},"content":{"rendered":"<p><em>Sono saud\u00e1vel \/ Sonho com barco a remo \/ Libertar-se de la\u00e7os c\u00e1rmicos \/ O Morro do Cristal em Figueira \/ Relacionamento impessoal \/ O despertar do centro card\u00edaco direito \/ Al\u00e9m das ilus\u00f5es materiais, o Infinito \/ Devo\u00e7\u00e3o e verticaliza\u00e7\u00e3o do ser \/ Luzes no c\u00e9u e o est\u00edmulo \u00e0 devo\u00e7\u00e3o \/ Existe algo eterno? \/ Tomar consci\u00eancia da m\u00f4nada \/ Ser elo da corrente evolutiva<\/em><\/p>\n<p>&nbsp;<br \/>\n<strong>Ou\u00e7a agora:<\/strong><\/p>\n<p><span data-href=\"https:\/\/www.irdin.org.br\/site\/envios\/audios\/0023_0381__por_por__conversas_com_trigueirinho_n381.mp3\" data-title=\"conversas com trigueirinho n\u00ba 381\" data-rel=\"\" data-target=\"\" data-meta=\"#fap-meta-69e40171b1f48\" class=\"fap-single-track fap-track-button fap-play-button\" data-enqueue=\"no\" data-autoenqueue=\"no\" title=\"conversas com trigueirinho n\u00ba 381\"><span class=\"fap-icon-play\"><\/span>Ouvir<\/span> <a href=\"https:\/\/www.irdin.org.br\/site\/envios\/audios\/0023_0381__por_por__conversas_com_trigueirinho_n381.mp3\" class=\"baixar\" download><span class=\"fa fa-arrow-down\"><\/span>Baixar<\/span><\/a> <span class=\"textobaixar\"> conversas com trigueirinho n\u00ba 381<\/span><\/p>\n<p>&nbsp;<\/p>\n","protected":false},"excerpt":{"rendered":"<p>Sono saud\u00e1vel \/ Sonho com barco a remo \/ Libertar-se de la\u00e7os c\u00e1rmicos \/ O Morro do Cristal em Figueira<\/p>\n","protected":false},"featured_media":37803,"template":"","meta":{"_acf_changed":false},"product_brand":[],"product_cat":[18076,33068],"product_tag":[40241],"class_list":{"0":"post-83461","1":"product","2":"type-product","3":"status-publish","4":"has-post-thumbnail","6":"product_cat-cddvd","7":"product_cat-palestras","8":"product_tag-40241","9":"pa_autor-trigueirinho","10":"pa_codigo-da-serie-31985","11":"pa_codigo-externo-00230381porcd","12":"pa_data-de-gravacao-25806","13":"pa_duracao-42min","14":"pa_idioma-de-destino-portugues","15":"pa_idioma-de-origem-portugues","16":"pa_lancamento-no","17":"pa_midia-cd","18":"pa_moac-40240","19":"pa_quantidade-de-saldo-33067","20":"pa_sequencial-da-serie-32061","21":"pa_tipo-de-traducao-nao-classificado","23":"first","24":"outofstock","25":"product-type-simple"},"acf":[],"_links":{"self":[{"href":"https:\/\/www.irdin.org.br\/site\/wp-json\/wp\/v2\/product\/83461","targetHints":{"allow":["GET"]}}],"collection":[{"href":"https:\/\/www.irdin.org.br\/site\/wp-json\/wp\/v2\/product"}],"about":[{"href":"https:\/\/www.irdin.org.br\/site\/wp-json\/wp\/v2\/types\/product"}],"version-history":[{"count":1,"href":"https:\/\/www.irdin.org.br\/site\/wp-json\/wp\/v2\/product\/83461\/revisions"}],"predecessor-version":[{"id":108737,"href":"https:\/\/www.irdin.org.br\/site\/wp-json\/wp\/v2\/product\/83461\/revisions\/108737"}],"wp:featuredmedia":[{"embeddable":true,"href":"https:\/\/www.irdin.org.br\/site\/wp-json\/wp\/v2\/media\/37803"}],"wp:attachment":[{"href":"https:\/\/www.irdin.org.br\/site\/wp-json\/wp\/v2\/media?parent=83461"}],"wp:term":[{"taxonomy":"product_brand","embeddable":true,"href":"https:\/\/www.irdin.org.br\/site\/wp-json\/wp\/v2\/product_brand?post=83461"},{"taxonomy":"product_cat","embeddable":true,"href":"https:\/\/www.irdin.org.br\/site\/wp-json\/wp\/v2\/product_cat?post=83461"},{"taxonomy":"product_tag","embeddable":true,"href":"https:\/\/www.irdin.org.br\/site\/wp-json\/wp\/v2\/product_tag?post=83461"}],"curies":[{"name":"wp","href":"https:\/\/api.w.org\/{rel}","templated":true}]}}