{"id":83463,"date":"2018-04-26T18:21:46","date_gmt":"2018-04-26T18:21:46","guid":{"rendered":"http:\/\/www.irdin.org.br\/site\/produto\/conversas-com-trigueirinho-no-383\/"},"modified":"2025-03-15T20:29:35","modified_gmt":"2025-03-15T20:29:35","slug":"conversas-com-trigueirinho-no-383","status":"publish","type":"product","link":"https:\/\/www.irdin.org.br\/site\/produtos\/conversas-com-trigueirinho-no-383\/","title":{"rendered":"Conversas com Trigueirinho n\u00ba 383"},"content":{"rendered":"<p><em>Mudan\u00e7as continentais \/ Medo \/ Remorso \/ Vibra\u00e7\u00e3o ambiental e alegria \/ Liberar-se de for\u00e7as involutivas \/ Caminhar \/ Descartar sem desunir \/ Inicia\u00e7\u00e3o, coliga\u00e7\u00e3o, uni\u00e3o \/ Quedas e retomadas \/ Vidas passadas \/ Uni\u00e3o entre humanos \/ A Cidade Santa \/ Aprender a viver s\u00f3, para estar em grupo \/ O livro ?Trabalho Espiritual com a Mente? \/ Equil\u00edbrio mente-cora\u00e7\u00e3o \/ O mal \/ Sirius \/ Sil\u00eancio e uni\u00e3o<\/em><\/p>\n<p>&nbsp;<br \/>\n<strong>Ou\u00e7a agora:<\/strong><\/p>\n<p><span data-href=\"https:\/\/www.irdin.org.br\/site\/envios\/audios\/0023_0383__por_por__conversas_com_trigueirinho_n383.mp3\" data-title=\"conversas com trigueirinho n\u00ba 383\" data-rel=\"\" data-target=\"\" data-meta=\"#fap-meta-6a01c06ac2484\" class=\"fap-single-track fap-track-button fap-play-button\" data-enqueue=\"no\" data-autoenqueue=\"no\" title=\"conversas com trigueirinho n\u00ba 383\"><span class=\"fap-icon-play\"><\/span>Ouvir<\/span> <a href=\"https:\/\/www.irdin.org.br\/site\/envios\/audios\/0023_0383__por_por__conversas_com_trigueirinho_n383.mp3\" class=\"baixar\" download><span class=\"fa fa-arrow-down\"><\/span>Baixar<\/span><\/a> <span class=\"textobaixar\"> conversas com trigueirinho n\u00ba 383<\/span><\/p>\n<p>&nbsp;<\/p>\n","protected":false},"excerpt":{"rendered":"<p>Mudan\u00e7as continentais \/ Medo \/ Remorso \/ Vibra\u00e7\u00e3o ambiental e alegria \/ Liberar-se de for\u00e7as involutivas \/ Caminhar \/ Descartar<\/p>\n","protected":false},"featured_media":37803,"template":"","meta":{"_acf_changed":false},"product_brand":[],"product_cat":[18076,33068],"product_tag":[40245],"class_list":{"0":"post-83463","1":"product","2":"type-product","3":"status-publish","4":"has-post-thumbnail","6":"product_cat-cddvd","7":"product_cat-palestras","8":"product_tag-40245","9":"pa_autor-trigueirinho","10":"pa_codigo-da-serie-31985","11":"pa_codigo-externo-00230383porcd","12":"pa_data-de-gravacao-19259","13":"pa_duracao-43min","14":"pa_idioma-de-destino-portugues","15":"pa_idioma-de-origem-portugues","16":"pa_lancamento-no","17":"pa_midia-cd","18":"pa_moac-40244","19":"pa_quantidade-de-saldo-33067","20":"pa_sequencial-da-serie-32065","21":"pa_tipo-de-traducao-nao-classificado","23":"first","24":"outofstock","25":"product-type-simple"},"acf":[],"_links":{"self":[{"href":"https:\/\/www.irdin.org.br\/site\/wp-json\/wp\/v2\/product\/83463","targetHints":{"allow":["GET"]}}],"collection":[{"href":"https:\/\/www.irdin.org.br\/site\/wp-json\/wp\/v2\/product"}],"about":[{"href":"https:\/\/www.irdin.org.br\/site\/wp-json\/wp\/v2\/types\/product"}],"version-history":[{"count":1,"href":"https:\/\/www.irdin.org.br\/site\/wp-json\/wp\/v2\/product\/83463\/revisions"}],"predecessor-version":[{"id":108739,"href":"https:\/\/www.irdin.org.br\/site\/wp-json\/wp\/v2\/product\/83463\/revisions\/108739"}],"wp:featuredmedia":[{"embeddable":true,"href":"https:\/\/www.irdin.org.br\/site\/wp-json\/wp\/v2\/media\/37803"}],"wp:attachment":[{"href":"https:\/\/www.irdin.org.br\/site\/wp-json\/wp\/v2\/media?parent=83463"}],"wp:term":[{"taxonomy":"product_brand","embeddable":true,"href":"https:\/\/www.irdin.org.br\/site\/wp-json\/wp\/v2\/product_brand?post=83463"},{"taxonomy":"product_cat","embeddable":true,"href":"https:\/\/www.irdin.org.br\/site\/wp-json\/wp\/v2\/product_cat?post=83463"},{"taxonomy":"product_tag","embeddable":true,"href":"https:\/\/www.irdin.org.br\/site\/wp-json\/wp\/v2\/product_tag?post=83463"}],"curies":[{"name":"wp","href":"https:\/\/api.w.org\/{rel}","templated":true}]}}