{"id":83466,"date":"2018-04-26T18:21:46","date_gmt":"2018-04-26T18:21:46","guid":{"rendered":"http:\/\/www.irdin.org.br\/site\/produto\/conversas-com-trigueirinho-no-386\/"},"modified":"2025-03-15T20:30:40","modified_gmt":"2025-03-15T20:30:40","slug":"conversas-com-trigueirinho-no-386","status":"publish","type":"product","link":"https:\/\/www.irdin.org.br\/site\/produtos\/conversas-com-trigueirinho-no-386\/","title":{"rendered":"Conversas com Trigueirinho n\u00ba 386"},"content":{"rendered":"<p><em>Ventos e chuvas \/ Discos voadores e naves \/ Diferen\u00e7a entre comer animais ou vegetais \/ Castra\u00e7\u00e3o de animais \/ Consumo de prote\u00ednas \/ Na Natureza, todos os rem\u00e9dios \/ Vida em Sirius \/ S\u00e9tima Inicia\u00e7\u00e3o \/ Grupo interno \/ Raz\u00f5es para o eixo da Terra inclinar \/ Intraterrenos \/ Nova civiliza\u00e7\u00e3o \/ Boas inten\u00e7\u00f5es e Plano Evolutivo \/ Superar a a\u00e7\u00e3o emocional \/ O livro ?Trabalho Espiritual com a Mente?<\/em><\/p>\n<p>&nbsp;<br \/>\n<strong>Ou\u00e7a agora:<\/strong><\/p>\n<p><span data-href=\"https:\/\/www.irdin.org.br\/site\/envios\/audios\/0023_0386__por_por__conversas_com_trigueirinho_n386.mp3\" data-title=\"conversas com trigueirinho n\u00ba 386\" data-rel=\"\" data-target=\"\" data-meta=\"#fap-meta-69ec97f0ad4e1\" class=\"fap-single-track fap-track-button fap-play-button\" data-enqueue=\"no\" data-autoenqueue=\"no\" title=\"conversas com trigueirinho n\u00ba 386\"><span class=\"fap-icon-play\"><\/span>Ouvir<\/span> <a href=\"https:\/\/www.irdin.org.br\/site\/envios\/audios\/0023_0386__por_por__conversas_com_trigueirinho_n386.mp3\" class=\"baixar\" download><span class=\"fa fa-arrow-down\"><\/span>Baixar<\/span><\/a> <span class=\"textobaixar\"> conversas com trigueirinho n\u00ba 386<\/span><\/p>\n<p>&nbsp;<\/p>\n","protected":false},"excerpt":{"rendered":"<p>Ventos e chuvas \/ Discos voadores e naves \/ Diferen\u00e7a entre comer animais ou vegetais \/ Castra\u00e7\u00e3o de animais \/<\/p>\n","protected":false},"featured_media":37803,"template":"","meta":{"_acf_changed":false},"product_brand":[],"product_cat":[18076,33068],"product_tag":[40251],"class_list":{"0":"post-83466","1":"product","2":"type-product","3":"status-publish","4":"has-post-thumbnail","6":"product_cat-cddvd","7":"product_cat-palestras","8":"product_tag-40251","9":"pa_autor-trigueirinho","10":"pa_codigo-da-serie-31985","11":"pa_codigo-externo-00230386porcd","12":"pa_data-de-gravacao-25824","13":"pa_duracao-45min","14":"pa_idioma-de-destino-portugues","15":"pa_idioma-de-origem-portugues","16":"pa_lancamento-no","17":"pa_midia-cd","18":"pa_moac-40250","19":"pa_quantidade-de-saldo-33067","20":"pa_sequencial-da-serie-32068","21":"pa_tipo-de-traducao-nao-classificado","23":"first","24":"outofstock","25":"product-type-simple"},"acf":[],"_links":{"self":[{"href":"https:\/\/www.irdin.org.br\/site\/wp-json\/wp\/v2\/product\/83466","targetHints":{"allow":["GET"]}}],"collection":[{"href":"https:\/\/www.irdin.org.br\/site\/wp-json\/wp\/v2\/product"}],"about":[{"href":"https:\/\/www.irdin.org.br\/site\/wp-json\/wp\/v2\/types\/product"}],"version-history":[{"count":1,"href":"https:\/\/www.irdin.org.br\/site\/wp-json\/wp\/v2\/product\/83466\/revisions"}],"predecessor-version":[{"id":108743,"href":"https:\/\/www.irdin.org.br\/site\/wp-json\/wp\/v2\/product\/83466\/revisions\/108743"}],"wp:featuredmedia":[{"embeddable":true,"href":"https:\/\/www.irdin.org.br\/site\/wp-json\/wp\/v2\/media\/37803"}],"wp:attachment":[{"href":"https:\/\/www.irdin.org.br\/site\/wp-json\/wp\/v2\/media?parent=83466"}],"wp:term":[{"taxonomy":"product_brand","embeddable":true,"href":"https:\/\/www.irdin.org.br\/site\/wp-json\/wp\/v2\/product_brand?post=83466"},{"taxonomy":"product_cat","embeddable":true,"href":"https:\/\/www.irdin.org.br\/site\/wp-json\/wp\/v2\/product_cat?post=83466"},{"taxonomy":"product_tag","embeddable":true,"href":"https:\/\/www.irdin.org.br\/site\/wp-json\/wp\/v2\/product_tag?post=83466"}],"curies":[{"name":"wp","href":"https:\/\/api.w.org\/{rel}","templated":true}]}}