{"id":83484,"date":"2018-04-26T18:22:06","date_gmt":"2018-04-26T18:22:06","guid":{"rendered":"http:\/\/www.irdin.org.br\/site\/produto\/conversas-com-trigueirinho-no-404\/"},"modified":"2024-10-21T13:16:39","modified_gmt":"2024-10-21T13:16:39","slug":"conversas-com-trigueirinho-no-404","status":"publish","type":"product","link":"https:\/\/www.irdin.org.br\/site\/produtos\/conversas-com-trigueirinho-no-404\/","title":{"rendered":"Conversas com Trigueirinho n\u00ba 404"},"content":{"rendered":"<p><em>Disposi\u00e7\u00e3o incondicional para o servi\u00e7o \/ Poder de cura da eternidade \/ Aperfei\u00e7oamento do corpo astral \/ Prioridade da vida e sele\u00e7\u00e3o das atividades \/ Retiro \/ Transcend\u00eancia das emo\u00e7\u00f5es \/ Desejo e aspira\u00e7\u00e3o \/ N\u00edvel intuitivo do ser \/ Astral e mental c\u00f3smicos \/ Significados profundos da transforma\u00e7\u00e3o do corpo emocional \/ Devo\u00e7\u00e3o \/ Liberta\u00e7\u00e3o de estados de conflito<\/em><\/p>\n<p>&nbsp;<br \/>\n<strong>Ou\u00e7a agora:<\/strong><\/p>\n<p><span data-href=\"https:\/\/www.irdin.org.br\/site\/envios\/audios\/0023_0404__por_por__conversas_com_trigueirinho_n404.mp3\" data-title=\"conversas com trigueirinho n\u00ba 404\" data-rel=\"\" data-target=\"\" data-meta=\"#fap-meta-69ff472f691e8\" class=\"fap-single-track fap-track-button fap-play-button\" data-enqueue=\"no\" data-autoenqueue=\"no\" title=\"conversas com trigueirinho n\u00ba 404\"><span class=\"fap-icon-play\"><\/span>Ouvir<\/span> <a href=\"https:\/\/www.irdin.org.br\/site\/envios\/audios\/0023_0404__por_por__conversas_com_trigueirinho_n404.mp3\" class=\"baixar\" download><span class=\"fa fa-arrow-down\"><\/span>Baixar<\/span><\/a> <span class=\"textobaixar\"> conversas com trigueirinho n\u00ba 404<\/span><\/p>\n<p>&nbsp;<\/p>\n","protected":false},"excerpt":{"rendered":"<p>Disposi\u00e7\u00e3o incondicional para o servi\u00e7o \/ Poder de cura da eternidade \/ Aperfei\u00e7oamento do corpo astral \/ Prioridade da vida<\/p>\n","protected":false},"featured_media":37803,"template":"","meta":{"_acf_changed":false},"product_brand":[],"product_cat":[18076,33068],"product_tag":[40287],"class_list":{"0":"post-83484","1":"product","2":"type-product","3":"status-publish","4":"has-post-thumbnail","6":"product_cat-cddvd","7":"product_cat-palestras","8":"product_tag-40287","9":"pa_autor-trigueirinho","10":"pa_codigo-da-serie-31985","11":"pa_codigo-externo-00230404porcd","12":"pa_data-de-gravacao-28693","13":"pa_duracao-43min","14":"pa_idioma-de-destino-portugues","15":"pa_idioma-de-origem-portugues","16":"pa_lancamento-no","17":"pa_midia-cd","18":"pa_moac-40286","19":"pa_quantidade-de-saldo-33067","20":"pa_sequencial-da-serie-32090","21":"pa_tipo-de-traducao-nao-classificado","23":"first","24":"outofstock","25":"product-type-simple"},"acf":[],"_links":{"self":[{"href":"https:\/\/www.irdin.org.br\/site\/wp-json\/wp\/v2\/product\/83484","targetHints":{"allow":["GET"]}}],"collection":[{"href":"https:\/\/www.irdin.org.br\/site\/wp-json\/wp\/v2\/product"}],"about":[{"href":"https:\/\/www.irdin.org.br\/site\/wp-json\/wp\/v2\/types\/product"}],"version-history":[{"count":1,"href":"https:\/\/www.irdin.org.br\/site\/wp-json\/wp\/v2\/product\/83484\/revisions"}],"predecessor-version":[{"id":107823,"href":"https:\/\/www.irdin.org.br\/site\/wp-json\/wp\/v2\/product\/83484\/revisions\/107823"}],"wp:featuredmedia":[{"embeddable":true,"href":"https:\/\/www.irdin.org.br\/site\/wp-json\/wp\/v2\/media\/37803"}],"wp:attachment":[{"href":"https:\/\/www.irdin.org.br\/site\/wp-json\/wp\/v2\/media?parent=83484"}],"wp:term":[{"taxonomy":"product_brand","embeddable":true,"href":"https:\/\/www.irdin.org.br\/site\/wp-json\/wp\/v2\/product_brand?post=83484"},{"taxonomy":"product_cat","embeddable":true,"href":"https:\/\/www.irdin.org.br\/site\/wp-json\/wp\/v2\/product_cat?post=83484"},{"taxonomy":"product_tag","embeddable":true,"href":"https:\/\/www.irdin.org.br\/site\/wp-json\/wp\/v2\/product_tag?post=83484"}],"curies":[{"name":"wp","href":"https:\/\/api.w.org\/{rel}","templated":true}]}}