{"id":83495,"date":"2018-04-26T18:22:06","date_gmt":"2018-04-26T18:22:06","guid":{"rendered":"http:\/\/www.irdin.org.br\/site\/produto\/conversas-com-trigueirinho-no-415\/"},"modified":"2025-03-15T20:27:48","modified_gmt":"2025-03-15T20:27:48","slug":"conversas-com-trigueirinho-no-415","status":"publish","type":"product","link":"https:\/\/www.irdin.org.br\/site\/produtos\/conversas-com-trigueirinho-no-415\/","title":{"rendered":"Conversas com Trigueirinho n\u00ba 415"},"content":{"rendered":"<p><em>Mente iluminada e atitude com o corpo \/ Controle da palavra \/ Prisioneiros do planeta \/ Vida em Sirius \/ Morte de mam\u00edferos marinhos nas praias \/ Corpos f\u00edsicos que irradiam energias ben\u00e9ficas ap\u00f3s a desencarna\u00e7\u00e3o \/ O Raio da harmonia \/ Nossas rela\u00e7\u00f5es superiores \/ Cura pelo servi\u00e7o \/ As v\u00e1rias influ\u00eancias que temos \/ Somos eternos estudantes \/ Evolu\u00e7\u00e3o do Quarto Raio e expans\u00e3o do nosso ser<\/em><\/p>\n<p>&nbsp;<br \/>\n<strong>Ou\u00e7a agora:<\/strong><\/p>\n<p><span data-href=\"https:\/\/www.irdin.org.br\/site\/envios\/audios\/0023_0415__por_por__conversas_com_trigueirinho_n415.mp3\" data-title=\"conversas com trigueirinho n\u00ba 415\" data-rel=\"\" data-target=\"\" data-meta=\"#fap-meta-69e79cb111d4f\" class=\"fap-single-track fap-track-button fap-play-button\" data-enqueue=\"no\" data-autoenqueue=\"no\" title=\"conversas com trigueirinho n\u00ba 415\"><span class=\"fap-icon-play\"><\/span>Ouvir<\/span> <a href=\"https:\/\/www.irdin.org.br\/site\/envios\/audios\/0023_0415__por_por__conversas_com_trigueirinho_n415.mp3\" class=\"baixar\" download><span class=\"fa fa-arrow-down\"><\/span>Baixar<\/span><\/a> <span class=\"textobaixar\"> conversas com trigueirinho n\u00ba 415<\/span><\/p>\n<p>&nbsp;<\/p>\n","protected":false},"excerpt":{"rendered":"<p>Mente iluminada e atitude com o corpo \/ Controle da palavra \/ Prisioneiros do planeta \/ Vida em Sirius \/<\/p>\n","protected":false},"featured_media":37803,"template":"","meta":{"_acf_changed":false},"product_brand":[],"product_cat":[18076,33068],"product_tag":[40309],"class_list":{"0":"post-83495","1":"product","2":"type-product","3":"status-publish","4":"has-post-thumbnail","6":"product_cat-cddvd","7":"product_cat-palestras","8":"product_tag-40309","9":"pa_autor-trigueirinho","10":"pa_codigo-da-serie-31985","11":"pa_codigo-externo-00230415porcd","12":"pa_data-de-gravacao-19299","13":"pa_duracao-39min","14":"pa_idioma-de-destino-portugues","15":"pa_idioma-de-origem-portugues","16":"pa_lancamento-no","17":"pa_midia-cd","18":"pa_moac-40308","19":"pa_quantidade-de-saldo-33067","20":"pa_sequencial-da-serie-32105","21":"pa_tipo-de-traducao-nao-classificado","23":"first","24":"outofstock","25":"product-type-simple"},"acf":[],"_links":{"self":[{"href":"https:\/\/www.irdin.org.br\/site\/wp-json\/wp\/v2\/product\/83495","targetHints":{"allow":["GET"]}}],"collection":[{"href":"https:\/\/www.irdin.org.br\/site\/wp-json\/wp\/v2\/product"}],"about":[{"href":"https:\/\/www.irdin.org.br\/site\/wp-json\/wp\/v2\/types\/product"}],"version-history":[{"count":1,"href":"https:\/\/www.irdin.org.br\/site\/wp-json\/wp\/v2\/product\/83495\/revisions"}],"predecessor-version":[{"id":108731,"href":"https:\/\/www.irdin.org.br\/site\/wp-json\/wp\/v2\/product\/83495\/revisions\/108731"}],"wp:featuredmedia":[{"embeddable":true,"href":"https:\/\/www.irdin.org.br\/site\/wp-json\/wp\/v2\/media\/37803"}],"wp:attachment":[{"href":"https:\/\/www.irdin.org.br\/site\/wp-json\/wp\/v2\/media?parent=83495"}],"wp:term":[{"taxonomy":"product_brand","embeddable":true,"href":"https:\/\/www.irdin.org.br\/site\/wp-json\/wp\/v2\/product_brand?post=83495"},{"taxonomy":"product_cat","embeddable":true,"href":"https:\/\/www.irdin.org.br\/site\/wp-json\/wp\/v2\/product_cat?post=83495"},{"taxonomy":"product_tag","embeddable":true,"href":"https:\/\/www.irdin.org.br\/site\/wp-json\/wp\/v2\/product_tag?post=83495"}],"curies":[{"name":"wp","href":"https:\/\/api.w.org\/{rel}","templated":true}]}}