{"id":83499,"date":"2018-04-26T18:22:25","date_gmt":"2018-04-26T18:22:25","guid":{"rendered":"http:\/\/www.irdin.org.br\/site\/produto\/conversas-com-trigueirinho-no-419\/"},"modified":"2024-10-21T12:55:01","modified_gmt":"2024-10-21T12:55:01","slug":"conversas-com-trigueirinho-no-419","status":"publish","type":"product","link":"https:\/\/www.irdin.org.br\/site\/produtos\/conversas-com-trigueirinho-no-419\/","title":{"rendered":"Conversas com Trigueirinho n\u00ba 419"},"content":{"rendered":"<p><em>Ora\u00e7\u00e3o como servi\u00e7o \/ Os que trabalham nos planos internos \/ Lembran\u00e7a dos sonhos e consci\u00eancia no sono \/ Diferen\u00e7a entre paix\u00e3o e amor \/ Neutralidade diante dos sonhos \/ Purifica\u00e7\u00e3o da alma \/ Ajuda a presidi\u00e1rio \/ Alimentos em Figueira \/ Perceber o pr\u00f3prio destino \/ Igreja e reencarna\u00e7\u00e3o \/ Chacras e consciente direito na cura \/ ?Estar no mundo sem ser do mundo?<\/em><\/p>\n<p>&nbsp;<br \/>\n<strong>Ou\u00e7a agora:<\/strong><\/p>\n<p><span data-href=\"https:\/\/www.irdin.org.br\/site\/envios\/audios\/0023_0419__por_por__conversas_com_trigueirinho_n419.mp3\" data-title=\"conversas com trigueirinho n\u00ba 419\" data-rel=\"\" data-target=\"\" data-meta=\"#fap-meta-69e3dd6060e73\" class=\"fap-single-track fap-track-button fap-play-button\" data-enqueue=\"no\" data-autoenqueue=\"no\" title=\"conversas com trigueirinho n\u00ba 419\"><span class=\"fap-icon-play\"><\/span>Ouvir<\/span> <a href=\"https:\/\/www.irdin.org.br\/site\/envios\/audios\/0023_0419__por_por__conversas_com_trigueirinho_n419.mp3\" class=\"baixar\" download><span class=\"fa fa-arrow-down\"><\/span>Baixar<\/span><\/a> <span class=\"textobaixar\"> conversas com trigueirinho n\u00ba 419<\/span><\/p>\n<p>&nbsp;<\/p>\n","protected":false},"excerpt":{"rendered":"<p>Ora\u00e7\u00e3o como servi\u00e7o \/ Os que trabalham nos planos internos \/ Lembran\u00e7a dos sonhos e consci\u00eancia no sono \/ Diferen\u00e7a<\/p>\n","protected":false},"featured_media":37803,"template":"","meta":{"_acf_changed":false},"product_brand":[],"product_cat":[18076,33068],"product_tag":[40317],"class_list":{"0":"post-83499","1":"product","2":"type-product","3":"status-publish","4":"has-post-thumbnail","6":"product_cat-cddvd","7":"product_cat-palestras","8":"product_tag-40317","9":"pa_autor-trigueirinho","10":"pa_codigo-da-serie-31985","11":"pa_codigo-externo-00230419porcd","12":"pa_data-de-gravacao-26959","13":"pa_duracao-46min","14":"pa_idioma-de-destino-portugues","15":"pa_idioma-de-origem-portugues","16":"pa_lancamento-no","17":"pa_midia-cd","18":"pa_moac-40316","19":"pa_quantidade-de-saldo-33067","20":"pa_sequencial-da-serie-32109","21":"pa_tipo-de-traducao-nao-classificado","23":"first","24":"outofstock","25":"product-type-simple"},"acf":[],"_links":{"self":[{"href":"https:\/\/www.irdin.org.br\/site\/wp-json\/wp\/v2\/product\/83499","targetHints":{"allow":["GET"]}}],"collection":[{"href":"https:\/\/www.irdin.org.br\/site\/wp-json\/wp\/v2\/product"}],"about":[{"href":"https:\/\/www.irdin.org.br\/site\/wp-json\/wp\/v2\/types\/product"}],"version-history":[{"count":1,"href":"https:\/\/www.irdin.org.br\/site\/wp-json\/wp\/v2\/product\/83499\/revisions"}],"predecessor-version":[{"id":107807,"href":"https:\/\/www.irdin.org.br\/site\/wp-json\/wp\/v2\/product\/83499\/revisions\/107807"}],"wp:featuredmedia":[{"embeddable":true,"href":"https:\/\/www.irdin.org.br\/site\/wp-json\/wp\/v2\/media\/37803"}],"wp:attachment":[{"href":"https:\/\/www.irdin.org.br\/site\/wp-json\/wp\/v2\/media?parent=83499"}],"wp:term":[{"taxonomy":"product_brand","embeddable":true,"href":"https:\/\/www.irdin.org.br\/site\/wp-json\/wp\/v2\/product_brand?post=83499"},{"taxonomy":"product_cat","embeddable":true,"href":"https:\/\/www.irdin.org.br\/site\/wp-json\/wp\/v2\/product_cat?post=83499"},{"taxonomy":"product_tag","embeddable":true,"href":"https:\/\/www.irdin.org.br\/site\/wp-json\/wp\/v2\/product_tag?post=83499"}],"curies":[{"name":"wp","href":"https:\/\/api.w.org\/{rel}","templated":true}]}}