{"id":83503,"date":"2018-04-26T18:22:25","date_gmt":"2018-04-26T18:22:25","guid":{"rendered":"http:\/\/www.irdin.org.br\/site\/produto\/conversas-com-trigueirinho-no-423\/"},"modified":"2024-10-21T13:15:21","modified_gmt":"2024-10-21T13:15:21","slug":"conversas-com-trigueirinho-no-423","status":"publish","type":"product","link":"https:\/\/www.irdin.org.br\/site\/produtos\/conversas-com-trigueirinho-no-423\/","title":{"rendered":"Conversas com Trigueirinho n\u00ba 423"},"content":{"rendered":"<p><em>Quietude mental e emocional \/ Almas que preparam a pr\u00f3pria encarna\u00e7\u00e3o e as conduzidas somente pelo carma \/ Aborto \/ Omiss\u00e3o e ren\u00fancia \/ Coca, estimulante e veneno \/ Caminho para a intui\u00e7\u00e3o \/ A intui\u00e7\u00e3o nos transforma \/ Bases para a realiza\u00e7\u00e3o do esp\u00edrito \/ Sil\u00eancio, aspira\u00e7\u00e3o e entrega \/ Um novo passo<\/em><\/p>\n<p>&nbsp;<br \/>\n<strong>Ou\u00e7a agora:<\/strong><\/p>\n<p><span data-href=\"https:\/\/www.irdin.org.br\/site\/envios\/audios\/0023_0423__por_por__conversas_com_trigueirinho_n423.mp3\" data-title=\"conversas com trigueirinho n\u00ba 423\" data-rel=\"\" data-target=\"\" data-meta=\"#fap-meta-69e7939feda42\" class=\"fap-single-track fap-track-button fap-play-button\" data-enqueue=\"no\" data-autoenqueue=\"no\" title=\"conversas com trigueirinho n\u00ba 423\"><span class=\"fap-icon-play\"><\/span>Ouvir<\/span> <a href=\"https:\/\/www.irdin.org.br\/site\/envios\/audios\/0023_0423__por_por__conversas_com_trigueirinho_n423.mp3\" class=\"baixar\" download><span class=\"fa fa-arrow-down\"><\/span>Baixar<\/span><\/a> <span class=\"textobaixar\"> conversas com trigueirinho n\u00ba 423<\/span><\/p>\n<p>&nbsp;<\/p>\n","protected":false},"excerpt":{"rendered":"<p>Quietude mental e emocional \/ Almas que preparam a pr\u00f3pria encarna\u00e7\u00e3o e as conduzidas somente pelo carma \/ Aborto \/<\/p>\n","protected":false},"featured_media":37803,"template":"","meta":{"_acf_changed":false},"product_brand":[],"product_cat":[18076,33068],"product_tag":[40325],"class_list":{"0":"post-83503","1":"product","2":"type-product","3":"status-publish","4":"has-post-thumbnail","6":"product_cat-cddvd","7":"product_cat-palestras","8":"product_tag-40325","9":"pa_autor-trigueirinho","10":"pa_codigo-da-serie-31985","11":"pa_codigo-externo-00230423porcd","12":"pa_data-de-gravacao-28762","13":"pa_duracao-42min","14":"pa_idioma-de-destino-portugues","15":"pa_idioma-de-origem-portugues","16":"pa_lancamento-no","17":"pa_midia-cd","18":"pa_moac-40324","19":"pa_quantidade-de-saldo-33067","20":"pa_sequencial-da-serie-32113","21":"pa_tipo-de-traducao-nao-classificado","23":"first","24":"outofstock","25":"product-type-simple"},"acf":[],"_links":{"self":[{"href":"https:\/\/www.irdin.org.br\/site\/wp-json\/wp\/v2\/product\/83503","targetHints":{"allow":["GET"]}}],"collection":[{"href":"https:\/\/www.irdin.org.br\/site\/wp-json\/wp\/v2\/product"}],"about":[{"href":"https:\/\/www.irdin.org.br\/site\/wp-json\/wp\/v2\/types\/product"}],"version-history":[{"count":1,"href":"https:\/\/www.irdin.org.br\/site\/wp-json\/wp\/v2\/product\/83503\/revisions"}],"predecessor-version":[{"id":107815,"href":"https:\/\/www.irdin.org.br\/site\/wp-json\/wp\/v2\/product\/83503\/revisions\/107815"}],"wp:featuredmedia":[{"embeddable":true,"href":"https:\/\/www.irdin.org.br\/site\/wp-json\/wp\/v2\/media\/37803"}],"wp:attachment":[{"href":"https:\/\/www.irdin.org.br\/site\/wp-json\/wp\/v2\/media?parent=83503"}],"wp:term":[{"taxonomy":"product_brand","embeddable":true,"href":"https:\/\/www.irdin.org.br\/site\/wp-json\/wp\/v2\/product_brand?post=83503"},{"taxonomy":"product_cat","embeddable":true,"href":"https:\/\/www.irdin.org.br\/site\/wp-json\/wp\/v2\/product_cat?post=83503"},{"taxonomy":"product_tag","embeddable":true,"href":"https:\/\/www.irdin.org.br\/site\/wp-json\/wp\/v2\/product_tag?post=83503"}],"curies":[{"name":"wp","href":"https:\/\/api.w.org\/{rel}","templated":true}]}}