{"id":83518,"date":"2018-04-26T18:22:43","date_gmt":"2018-04-26T18:22:43","guid":{"rendered":"http:\/\/www.irdin.org.br\/site\/produto\/conversas-com-trigueirinho-no-438\/"},"modified":"2024-10-21T12:53:09","modified_gmt":"2024-10-21T12:53:09","slug":"conversas-com-trigueirinho-no-438","status":"publish","type":"product","link":"https:\/\/www.irdin.org.br\/site\/produtos\/conversas-com-trigueirinho-no-438\/","title":{"rendered":"Conversas com Trigueirinho n\u00ba 438"},"content":{"rendered":"<p><em>Expans\u00f5es de consci\u00eancia e sil\u00eancio \/ Aprender com crian\u00e7as \/ Padre Pio, ora\u00e7\u00e3o e cura \/ Opera\u00e7\u00e3o Resgate no reino animal \/ Lei da Obedi\u00eancia \/ Pobreza de Francisco de Assis na Idade M\u00e9dia e aten\u00e7\u00e3o ao corpo f\u00edsico hoje \/ Portais para a transcend\u00eancia \/ Caridade a desenvolver \/ Renova\u00e7\u00e3o entre encarna\u00e7\u00f5es \/ Desapego e contatos superiores \/ Lei do Carma \/ Conviv\u00eancia com animais<\/em><\/p>\n<p>&nbsp;<br \/>\n<strong>Ou\u00e7a agora:<\/strong><\/p>\n<p><span data-href=\"https:\/\/www.irdin.org.br\/site\/envios\/audios\/0023_0438__por_por__conversas_com_trigueirinho_n438.mp3\" data-title=\"conversas com trigueirinho n\u00ba 438\" data-rel=\"\" data-target=\"\" data-meta=\"#fap-meta-69f1e0811564a\" class=\"fap-single-track fap-track-button fap-play-button\" data-enqueue=\"no\" data-autoenqueue=\"no\" title=\"conversas com trigueirinho n\u00ba 438\"><span class=\"fap-icon-play\"><\/span>Ouvir<\/span> <a href=\"https:\/\/www.irdin.org.br\/site\/envios\/audios\/0023_0438__por_por__conversas_com_trigueirinho_n438.mp3\" class=\"baixar\" download><span class=\"fa fa-arrow-down\"><\/span>Baixar<\/span><\/a> <span class=\"textobaixar\"> conversas com trigueirinho n\u00ba 438<\/span><\/p>\n<p>&nbsp;<\/p>\n","protected":false},"excerpt":{"rendered":"<p>Expans\u00f5es de consci\u00eancia e sil\u00eancio \/ Aprender com crian\u00e7as \/ Padre Pio, ora\u00e7\u00e3o e cura \/ Opera\u00e7\u00e3o Resgate no reino<\/p>\n","protected":false},"featured_media":37803,"template":"","meta":{"_acf_changed":false},"product_brand":[],"product_cat":[18076,33068],"product_tag":[40343],"class_list":{"0":"post-83518","1":"product","2":"type-product","3":"status-publish","4":"has-post-thumbnail","6":"product_cat-cddvd","7":"product_cat-palestras","8":"product_tag-40343","9":"pa_autor-trigueirinho","10":"pa_codigo-da-serie-31985","11":"pa_codigo-externo-00230438porcd","12":"pa_data-de-gravacao-28819","13":"pa_duracao-48min","14":"pa_idioma-de-destino-portugues","15":"pa_idioma-de-origem-portugues","16":"pa_lancamento-no","17":"pa_midia-cd","18":"pa_moac-40342","19":"pa_quantidade-de-saldo-33067","20":"pa_sequencial-da-serie-32129","21":"pa_tipo-de-traducao-nao-classificado","23":"first","24":"outofstock","25":"product-type-simple"},"acf":[],"_links":{"self":[{"href":"https:\/\/www.irdin.org.br\/site\/wp-json\/wp\/v2\/product\/83518","targetHints":{"allow":["GET"]}}],"collection":[{"href":"https:\/\/www.irdin.org.br\/site\/wp-json\/wp\/v2\/product"}],"about":[{"href":"https:\/\/www.irdin.org.br\/site\/wp-json\/wp\/v2\/types\/product"}],"version-history":[{"count":1,"href":"https:\/\/www.irdin.org.br\/site\/wp-json\/wp\/v2\/product\/83518\/revisions"}],"predecessor-version":[{"id":107792,"href":"https:\/\/www.irdin.org.br\/site\/wp-json\/wp\/v2\/product\/83518\/revisions\/107792"}],"wp:featuredmedia":[{"embeddable":true,"href":"https:\/\/www.irdin.org.br\/site\/wp-json\/wp\/v2\/media\/37803"}],"wp:attachment":[{"href":"https:\/\/www.irdin.org.br\/site\/wp-json\/wp\/v2\/media?parent=83518"}],"wp:term":[{"taxonomy":"product_brand","embeddable":true,"href":"https:\/\/www.irdin.org.br\/site\/wp-json\/wp\/v2\/product_brand?post=83518"},{"taxonomy":"product_cat","embeddable":true,"href":"https:\/\/www.irdin.org.br\/site\/wp-json\/wp\/v2\/product_cat?post=83518"},{"taxonomy":"product_tag","embeddable":true,"href":"https:\/\/www.irdin.org.br\/site\/wp-json\/wp\/v2\/product_tag?post=83518"}],"curies":[{"name":"wp","href":"https:\/\/api.w.org\/{rel}","templated":true}]}}