{"id":83529,"date":"2018-04-26T18:22:43","date_gmt":"2018-04-26T18:22:43","guid":{"rendered":"http:\/\/www.irdin.org.br\/site\/produto\/conversas-com-trigueirinho-no-449\/"},"modified":"2024-10-21T12:54:13","modified_gmt":"2024-10-21T12:54:13","slug":"conversas-com-trigueirinho-no-449","status":"publish","type":"product","link":"https:\/\/www.irdin.org.br\/site\/produtos\/conversas-com-trigueirinho-no-449\/","title":{"rendered":"Conversas com Trigueirinho n\u00ba 449"},"content":{"rendered":"<p><em>Preparo para elevar-se da Terra \/ N\u00e3o levanteis os ca\u00eddos\u00b4 \/ Exerc\u00edcio de purifica\u00e7\u00e3o do ser \/ Figueira, estado de consci\u00eancia \/ Centro planet\u00e1rio e centro espiritual \/ Trabalho e servi\u00e7o \/ Os seres inocentes \/ Desencarna\u00e7\u00e3o e desintegra\u00e7\u00e3o da alma \/ Determinismo e livre-arb\u00edtrio \/ Transforma\u00e7\u00e3o e transmuta\u00e7\u00e3o \/ Fun\u00e7\u00e3o dos eucaliptos \/ Servi\u00e7o em novo local \/ A forma\u00e7\u00e3o de um terafim                                                                                                                                                                                                                                                                                                                                                                                                                                                                                                                                                                                                                                                                                                                                                                                                                                                                                                                                                                                                                                                                                                                                                                                                                                                                                                                                                                                                                                                                                                                                                                                                                                                                                                                                                                                                                                                                                                                                                                                                                                                                                                                                                                                                                                                                                                                                                                                                                                                                                                                                                                                                                                                                                                                                                                                                                                                                                                                                                                                                                                                                                                                                                                                                                                                                                                                                                                                                                                                                                                                                                                                                                                                                                                                                                                                                                                                                                                                                                                                                                                                               \u00b4<\/em><\/p>\n<p>&nbsp;<br \/>\n<strong>Ou\u00e7a agora:<\/strong><\/p>\n<p><span data-href=\"https:\/\/www.irdin.org.br\/site\/envios\/audios\/0023_0449__por_por__conversas_com_trigueirinho_n449.mp3\" data-title=\"conversas com trigueirinho n\u00ba 449\" data-rel=\"\" data-target=\"\" data-meta=\"#fap-meta-69ff4bfff1f06\" class=\"fap-single-track fap-track-button fap-play-button\" data-enqueue=\"no\" data-autoenqueue=\"no\" title=\"conversas com trigueirinho n\u00ba 449\"><span class=\"fap-icon-play\"><\/span>Ouvir<\/span> <a href=\"https:\/\/www.irdin.org.br\/site\/envios\/audios\/0023_0449__por_por__conversas_com_trigueirinho_n449.mp3\" class=\"baixar\" download><span class=\"fa fa-arrow-down\"><\/span>Baixar<\/span><\/a> <span class=\"textobaixar\"> conversas com trigueirinho n\u00ba 449<\/span><\/p>\n<p>&nbsp;<\/p>\n","protected":false},"excerpt":{"rendered":"<p>Preparo para elevar-se da Terra \/ N\u00e3o levanteis os ca\u00eddos\u00b4 \/ Exerc\u00edcio de purifica\u00e7\u00e3o do ser \/ Figueira, estado de<\/p>\n","protected":false},"featured_media":37803,"template":"","meta":{"_acf_changed":false},"product_brand":[],"product_cat":[18076,33068],"product_tag":[40363],"class_list":{"0":"post-83529","1":"product","2":"type-product","3":"status-publish","4":"has-post-thumbnail","6":"product_cat-cddvd","7":"product_cat-palestras","8":"product_tag-40363","9":"pa_autor-trigueirinho","10":"pa_codigo-da-serie-31985","11":"pa_codigo-externo-00230449porcd","12":"pa_data-de-gravacao-28862","13":"pa_duracao-55min","14":"pa_idioma-de-destino-portugues","15":"pa_idioma-de-origem-portugues","16":"pa_lancamento-no","17":"pa_midia-cd","18":"pa_moac-40362","19":"pa_quantidade-de-saldo-33067","20":"pa_sequencial-da-serie-32142","21":"pa_tipo-de-traducao-nao-classificado","23":"first","24":"outofstock","25":"product-type-simple"},"acf":[],"_links":{"self":[{"href":"https:\/\/www.irdin.org.br\/site\/wp-json\/wp\/v2\/product\/83529","targetHints":{"allow":["GET"]}}],"collection":[{"href":"https:\/\/www.irdin.org.br\/site\/wp-json\/wp\/v2\/product"}],"about":[{"href":"https:\/\/www.irdin.org.br\/site\/wp-json\/wp\/v2\/types\/product"}],"version-history":[{"count":1,"href":"https:\/\/www.irdin.org.br\/site\/wp-json\/wp\/v2\/product\/83529\/revisions"}],"predecessor-version":[{"id":107802,"href":"https:\/\/www.irdin.org.br\/site\/wp-json\/wp\/v2\/product\/83529\/revisions\/107802"}],"wp:featuredmedia":[{"embeddable":true,"href":"https:\/\/www.irdin.org.br\/site\/wp-json\/wp\/v2\/media\/37803"}],"wp:attachment":[{"href":"https:\/\/www.irdin.org.br\/site\/wp-json\/wp\/v2\/media?parent=83529"}],"wp:term":[{"taxonomy":"product_brand","embeddable":true,"href":"https:\/\/www.irdin.org.br\/site\/wp-json\/wp\/v2\/product_brand?post=83529"},{"taxonomy":"product_cat","embeddable":true,"href":"https:\/\/www.irdin.org.br\/site\/wp-json\/wp\/v2\/product_cat?post=83529"},{"taxonomy":"product_tag","embeddable":true,"href":"https:\/\/www.irdin.org.br\/site\/wp-json\/wp\/v2\/product_tag?post=83529"}],"curies":[{"name":"wp","href":"https:\/\/api.w.org\/{rel}","templated":true}]}}