{"id":83530,"date":"2018-04-26T18:22:43","date_gmt":"2018-04-26T18:22:43","guid":{"rendered":"http:\/\/www.irdin.org.br\/site\/produto\/conversas-com-trigueirinho-no-450\/"},"modified":"2024-10-21T12:54:25","modified_gmt":"2024-10-21T12:54:25","slug":"conversas-com-trigueirinho-no-450","status":"publish","type":"product","link":"https:\/\/www.irdin.org.br\/site\/produtos\/conversas-com-trigueirinho-no-450\/","title":{"rendered":"Conversas com Trigueirinho n\u00ba 450"},"content":{"rendered":"<p><em>A pessoa e o Ser \/ Carma material \/ Experi\u00eancias internas durante vig\u00edlia \/ Celibato e vida de servi\u00e7o \/ V\u00edcios como degraus evolutivos \/ Nascimento por atra\u00e7\u00e3o \u00e0 mat\u00e9ria \/ Preconceitos quanto ao reino animal \/ Informalidade no caminho de eleva\u00e7\u00e3o \/ Matrim\u00f4nio e trabalho interior \/ Supera\u00e7\u00e3o da ambi\u00e7\u00e3o espiritual \/ Responsabilidade com animais \/ Novo pensar<\/em><\/p>\n<p>&nbsp;<br \/>\n<strong>Ou\u00e7a agora:<\/strong><\/p>\n<p><span data-href=\"https:\/\/www.irdin.org.br\/site\/envios\/audios\/0023_0450__por_por__conversas_com_trigueirinho_n450.mp3\" data-title=\"conversas com trigueirinho n\u00ba 450\" data-rel=\"\" data-target=\"\" data-meta=\"#fap-meta-69e653045aa25\" class=\"fap-single-track fap-track-button fap-play-button\" data-enqueue=\"no\" data-autoenqueue=\"no\" title=\"conversas com trigueirinho n\u00ba 450\"><span class=\"fap-icon-play\"><\/span>Ouvir<\/span> <a href=\"https:\/\/www.irdin.org.br\/site\/envios\/audios\/0023_0450__por_por__conversas_com_trigueirinho_n450.mp3\" class=\"baixar\" download><span class=\"fa fa-arrow-down\"><\/span>Baixar<\/span><\/a> <span class=\"textobaixar\"> conversas com trigueirinho n\u00ba 450<\/span><\/p>\n<p>&nbsp;<\/p>\n","protected":false},"excerpt":{"rendered":"<p>A pessoa e o Ser \/ Carma material \/ Experi\u00eancias internas durante vig\u00edlia \/ Celibato e vida de servi\u00e7o \/<\/p>\n","protected":false},"featured_media":37803,"template":"","meta":{"_acf_changed":false},"product_brand":[],"product_cat":[18076,33068],"product_tag":[40365],"class_list":{"0":"post-83530","1":"product","2":"type-product","3":"status-publish","4":"has-post-thumbnail","6":"product_cat-cddvd","7":"product_cat-palestras","8":"product_tag-40365","9":"pa_autor-trigueirinho","10":"pa_codigo-da-serie-31985","11":"pa_codigo-externo-00230450porcd","12":"pa_data-de-gravacao-27010","13":"pa_duracao-34min","14":"pa_idioma-de-destino-portugues","15":"pa_idioma-de-origem-portugues","16":"pa_lancamento-no","17":"pa_midia-cd","18":"pa_moac-40364","19":"pa_quantidade-de-saldo-33067","20":"pa_sequencial-da-serie-32145","21":"pa_tipo-de-traducao-nao-classificado","23":"first","24":"outofstock","25":"product-type-simple"},"acf":[],"_links":{"self":[{"href":"https:\/\/www.irdin.org.br\/site\/wp-json\/wp\/v2\/product\/83530","targetHints":{"allow":["GET"]}}],"collection":[{"href":"https:\/\/www.irdin.org.br\/site\/wp-json\/wp\/v2\/product"}],"about":[{"href":"https:\/\/www.irdin.org.br\/site\/wp-json\/wp\/v2\/types\/product"}],"version-history":[{"count":1,"href":"https:\/\/www.irdin.org.br\/site\/wp-json\/wp\/v2\/product\/83530\/revisions"}],"predecessor-version":[{"id":107803,"href":"https:\/\/www.irdin.org.br\/site\/wp-json\/wp\/v2\/product\/83530\/revisions\/107803"}],"wp:featuredmedia":[{"embeddable":true,"href":"https:\/\/www.irdin.org.br\/site\/wp-json\/wp\/v2\/media\/37803"}],"wp:attachment":[{"href":"https:\/\/www.irdin.org.br\/site\/wp-json\/wp\/v2\/media?parent=83530"}],"wp:term":[{"taxonomy":"product_brand","embeddable":true,"href":"https:\/\/www.irdin.org.br\/site\/wp-json\/wp\/v2\/product_brand?post=83530"},{"taxonomy":"product_cat","embeddable":true,"href":"https:\/\/www.irdin.org.br\/site\/wp-json\/wp\/v2\/product_cat?post=83530"},{"taxonomy":"product_tag","embeddable":true,"href":"https:\/\/www.irdin.org.br\/site\/wp-json\/wp\/v2\/product_tag?post=83530"}],"curies":[{"name":"wp","href":"https:\/\/api.w.org\/{rel}","templated":true}]}}