{"id":83537,"date":"2018-04-26T18:22:43","date_gmt":"2018-04-26T18:22:43","guid":{"rendered":"http:\/\/www.irdin.org.br\/site\/produto\/planeta-terra-um-ser-em-redencao-1a-parte\/"},"modified":"2025-03-15T20:24:26","modified_gmt":"2025-03-15T20:24:26","slug":"planeta-terra-um-ser-em-redencao-1a-parte","status":"publish","type":"product","link":"https:\/\/www.irdin.org.br\/site\/produtos\/planeta-terra-um-ser-em-redencao-1a-parte\/","title":{"rendered":"Planeta Terra: um Ser em reden\u00e7\u00e3o &#8211; 1\u00aa Parte"},"content":{"rendered":"<p><em>Revela\u00e7\u00f5es sobre os reinos da Natureza e a fun\u00e7\u00e3o do reino humano no processo planet\u00e1rio \/ O carma do sofrimento produzido pelo reino humano \u00e9 repartido por toda a humanidade \/ O planeta poder\u00e1 ser redimido da viol\u00eancia que os reinos recebem, \u00e0 medida que for surgindo no cora\u00e7\u00e3o humano amor pela Natureza \/ Metas a serem assumidas pelo reino humano<\/em><\/p>\n<p>&nbsp;<br \/>\n<strong>Ou\u00e7a agora:<\/strong><\/p>\n<p><span data-href=\"https:\/\/www.irdin.org.br\/site\/envios\/audios\/2909_0001__por_por__planeta_terra_um_ser_em_redencao_1a_parte.mp3\" data-title=\"planeta terra: um ser em reden\u00e7\u00e3o - 1\u00aa parte\" data-rel=\"\" data-target=\"\" data-meta=\"#fap-meta-69fe4f224fcd6\" class=\"fap-single-track fap-track-button fap-play-button\" data-enqueue=\"no\" data-autoenqueue=\"no\" title=\"planeta terra: um ser em reden\u00e7\u00e3o - 1\u00aa parte\"><span class=\"fap-icon-play\"><\/span>Ouvir<\/span> <a href=\"https:\/\/www.irdin.org.br\/site\/envios\/audios\/2909_0001__por_por__planeta_terra_um_ser_em_redencao_1a_parte.mp3\" class=\"baixar\" download><span class=\"fa fa-arrow-down\"><\/span>Baixar<\/span><\/a> <span class=\"textobaixar\"> planeta terra: um ser em reden\u00e7\u00e3o &#8211; 1\u00aa parte<\/span><\/p>\n<p>&nbsp;<\/p>\n","protected":false},"excerpt":{"rendered":"<p>Revela\u00e7\u00f5es sobre os reinos da Natureza e a fun\u00e7\u00e3o do reino humano no processo planet\u00e1rio \/ O carma do sofrimento<\/p>\n","protected":false},"featured_media":37803,"template":"","meta":{"_acf_changed":false},"product_brand":[],"product_cat":[18076,33068],"product_tag":[39453],"class_list":{"0":"post-83537","1":"product","2":"type-product","3":"status-publish","4":"has-post-thumbnail","6":"product_cat-cddvd","7":"product_cat-palestras","8":"product_tag-39453","9":"pa_autor-trigueirinho","10":"pa_codigo-da-serie-28641","11":"pa_codigo-externo-29090001porporcd","12":"pa_data-de-gravacao-28639","13":"pa_duracao-69-min","14":"pa_idioma-de-destino-portugues","15":"pa_idioma-de-origem-portugues","16":"pa_lancamento-yes","17":"pa_midia-cd","18":"pa_moac-39452","19":"pa_quantidade-de-saldo-33067","20":"pa_sequencial-da-serie-31877","21":"pa_tipo-de-traducao-nao-classificado","23":"first","24":"outofstock","25":"product-type-simple"},"acf":[],"_links":{"self":[{"href":"https:\/\/www.irdin.org.br\/site\/wp-json\/wp\/v2\/product\/83537","targetHints":{"allow":["GET"]}}],"collection":[{"href":"https:\/\/www.irdin.org.br\/site\/wp-json\/wp\/v2\/product"}],"about":[{"href":"https:\/\/www.irdin.org.br\/site\/wp-json\/wp\/v2\/types\/product"}],"version-history":[{"count":1,"href":"https:\/\/www.irdin.org.br\/site\/wp-json\/wp\/v2\/product\/83537\/revisions"}],"predecessor-version":[{"id":108721,"href":"https:\/\/www.irdin.org.br\/site\/wp-json\/wp\/v2\/product\/83537\/revisions\/108721"}],"wp:featuredmedia":[{"embeddable":true,"href":"https:\/\/www.irdin.org.br\/site\/wp-json\/wp\/v2\/media\/37803"}],"wp:attachment":[{"href":"https:\/\/www.irdin.org.br\/site\/wp-json\/wp\/v2\/media?parent=83537"}],"wp:term":[{"taxonomy":"product_brand","embeddable":true,"href":"https:\/\/www.irdin.org.br\/site\/wp-json\/wp\/v2\/product_brand?post=83537"},{"taxonomy":"product_cat","embeddable":true,"href":"https:\/\/www.irdin.org.br\/site\/wp-json\/wp\/v2\/product_cat?post=83537"},{"taxonomy":"product_tag","embeddable":true,"href":"https:\/\/www.irdin.org.br\/site\/wp-json\/wp\/v2\/product_tag?post=83537"}],"curies":[{"name":"wp","href":"https:\/\/api.w.org\/{rel}","templated":true}]}}