{"id":83539,"date":"2018-04-26T18:23:02","date_gmt":"2018-04-26T18:23:02","guid":{"rendered":"http:\/\/www.irdin.org.br\/site\/produto\/os-segredos-da-fe-e-da-vida-segundo-sao-jose\/"},"modified":"2025-03-15T20:18:19","modified_gmt":"2025-03-15T20:18:19","slug":"os-segredos-da-fe-e-da-vida-segundo-sao-jose","status":"publish","type":"product","link":"https:\/\/www.irdin.org.br\/site\/produtos\/os-segredos-da-fe-e-da-vida-segundo-sao-jose\/","title":{"rendered":"Os segredos da f\u00e9 e da vida segundo S\u00e3o Jos\u00e9"},"content":{"rendered":"<p><em>O resgate espiritual da vida na Terra \u00e9 o que mais importa nestes tempos \/ Certa realidade est\u00e1 em outro n\u00edvel e a mat\u00e9ria \u00e9 uma ilus\u00e3o \/ Por que os santos jamais ficam orgulhosos de si \/ Chaves para diminuir o ego\u00edsmo \/ Como come\u00e7ar a sentir a vida do Esp\u00edrito \/ Mensagem de S\u00e3o Jos\u00e9 de 20\/6\/2016<\/em><\/p>\n<p>&nbsp;<br \/>\n<strong>Ou\u00e7a agora:<\/strong><\/p>\n<p><span data-href=\"https:\/\/www.irdin.org.br\/site\/envios\/audios\/2867_0028__por_por__os_segredos_da_fe_e_da_vida_segundo_sao_jose.mp3\" data-title=\"os segredos da f\u00e9 e da vida segundo s\u00e3o jos\u00e9\" data-rel=\"\" data-target=\"\" data-meta=\"#fap-meta-69fec8a596ac7\" class=\"fap-single-track fap-track-button fap-play-button\" data-enqueue=\"no\" data-autoenqueue=\"no\" title=\"os segredos da f\u00e9 e da vida segundo s\u00e3o jos\u00e9\"><span class=\"fap-icon-play\"><\/span>Ouvir<\/span> <a href=\"https:\/\/www.irdin.org.br\/site\/envios\/audios\/2867_0028__por_por__os_segredos_da_fe_e_da_vida_segundo_sao_jose.mp3\" class=\"baixar\" download><span class=\"fa fa-arrow-down\"><\/span>Baixar<\/span><\/a> <span class=\"textobaixar\"> os segredos da f\u00e9 e da vida segundo s\u00e3o jos\u00e9<\/span><\/p>\n<p>&nbsp;<\/p>\n","protected":false},"excerpt":{"rendered":"<p>O resgate espiritual da vida na Terra \u00e9 o que mais importa nestes tempos \/ Certa realidade est\u00e1 em outro<\/p>\n","protected":false},"featured_media":37803,"template":"","meta":{"_acf_changed":false},"product_brand":[],"product_cat":[18076,33068],"product_tag":[40381],"class_list":{"0":"post-83539","1":"product","2":"type-product","3":"status-publish","4":"has-post-thumbnail","6":"product_cat-cddvd","7":"product_cat-palestras","8":"product_tag-40381","9":"pa_autor-trigueirinho","10":"pa_codigo-da-serie-28166","11":"pa_codigo-externo-28670028porporcd","12":"pa_data-de-gravacao-28245","13":"pa_duracao-69-min","14":"pa_idioma-de-destino-portugues","15":"pa_idioma-de-origem-portugues","16":"pa_lancamento-yes","17":"pa_midia-cd","18":"pa_moac-40380","19":"pa_quantidade-de-saldo-33067","20":"pa_sequencial-da-serie-31904","21":"pa_tipo-de-traducao-nao-classificado","23":"first","24":"outofstock","25":"product-type-simple"},"acf":[],"_links":{"self":[{"href":"https:\/\/www.irdin.org.br\/site\/wp-json\/wp\/v2\/product\/83539","targetHints":{"allow":["GET"]}}],"collection":[{"href":"https:\/\/www.irdin.org.br\/site\/wp-json\/wp\/v2\/product"}],"about":[{"href":"https:\/\/www.irdin.org.br\/site\/wp-json\/wp\/v2\/types\/product"}],"version-history":[{"count":1,"href":"https:\/\/www.irdin.org.br\/site\/wp-json\/wp\/v2\/product\/83539\/revisions"}],"predecessor-version":[{"id":108705,"href":"https:\/\/www.irdin.org.br\/site\/wp-json\/wp\/v2\/product\/83539\/revisions\/108705"}],"wp:featuredmedia":[{"embeddable":true,"href":"https:\/\/www.irdin.org.br\/site\/wp-json\/wp\/v2\/media\/37803"}],"wp:attachment":[{"href":"https:\/\/www.irdin.org.br\/site\/wp-json\/wp\/v2\/media?parent=83539"}],"wp:term":[{"taxonomy":"product_brand","embeddable":true,"href":"https:\/\/www.irdin.org.br\/site\/wp-json\/wp\/v2\/product_brand?post=83539"},{"taxonomy":"product_cat","embeddable":true,"href":"https:\/\/www.irdin.org.br\/site\/wp-json\/wp\/v2\/product_cat?post=83539"},{"taxonomy":"product_tag","embeddable":true,"href":"https:\/\/www.irdin.org.br\/site\/wp-json\/wp\/v2\/product_tag?post=83539"}],"curies":[{"name":"wp","href":"https:\/\/api.w.org\/{rel}","templated":true}]}}