{"id":83540,"date":"2018-04-26T18:23:02","date_gmt":"2018-04-26T18:23:02","guid":{"rendered":"http:\/\/www.irdin.org.br\/site\/produto\/aos-que-buscam-servir\/"},"modified":"2025-03-15T20:18:33","modified_gmt":"2025-03-15T20:18:33","slug":"aos-que-buscam-servir","status":"publish","type":"product","link":"https:\/\/www.irdin.org.br\/site\/produtos\/aos-que-buscam-servir\/","title":{"rendered":"Aos que buscam servir"},"content":{"rendered":"<p><em>O que h\u00e1 de mais dif\u00edcil para o cora\u00e7\u00e3o humano \/ Nossos planos e o Plano da Cria\u00e7\u00e3o \/ A oferta absoluta como chave para a manifesta\u00e7\u00e3o da Vontade do Criador \/ Tempo de Miseric\u00f3rdia \/ Mensagem de S\u00e3o Jos\u00e9 em 4\/6\/2016<\/em><\/p>\n<p>&nbsp;<br \/>\n<strong>Ou\u00e7a agora:<\/strong><\/p>\n<p><span data-href=\"https:\/\/www.irdin.org.br\/site\/envios\/audios\/2849_0027__por_por__aos_que_buscam_servir.mp3\" data-title=\"aos que buscam servir\" data-rel=\"\" data-target=\"\" data-meta=\"#fap-meta-69feb7aad523f\" class=\"fap-single-track fap-track-button fap-play-button\" data-enqueue=\"no\" data-autoenqueue=\"no\" title=\"aos que buscam servir\"><span class=\"fap-icon-play\"><\/span>Ouvir<\/span> <a href=\"https:\/\/www.irdin.org.br\/site\/envios\/audios\/2849_0027__por_por__aos_que_buscam_servir.mp3\" class=\"baixar\" download><span class=\"fa fa-arrow-down\"><\/span>Baixar<\/span><\/a> <span class=\"textobaixar\"> aos que buscam servir<\/span><\/p>\n<p>&nbsp;<\/p>\n","protected":false},"excerpt":{"rendered":"<p>O que h\u00e1 de mais dif\u00edcil para o cora\u00e7\u00e3o humano \/ Nossos planos e o Plano da Cria\u00e7\u00e3o \/ A<\/p>\n","protected":false},"featured_media":37803,"template":"","meta":{"_acf_changed":false},"product_brand":[],"product_cat":[18076,33068],"product_tag":[40383],"class_list":{"0":"post-83540","1":"product","2":"type-product","3":"status-publish","4":"has-post-thumbnail","6":"product_cat-cddvd","7":"product_cat-palestras","8":"product_tag-40383","9":"pa_autor-trigueirinho","10":"pa_codigo-da-serie-27694","11":"pa_codigo-externo-28490027porporcd","12":"pa_data-de-gravacao-27770","13":"pa_duracao-69-min","14":"pa_idioma-de-destino-portugues","15":"pa_idioma-de-origem-portugues","16":"pa_lancamento-yes","17":"pa_midia-cd","18":"pa_moac-40382","19":"pa_quantidade-de-saldo-33067","20":"pa_sequencial-da-serie-31903","21":"pa_tipo-de-traducao-nao-classificado","23":"first","24":"outofstock","25":"product-type-simple"},"acf":[],"_links":{"self":[{"href":"https:\/\/www.irdin.org.br\/site\/wp-json\/wp\/v2\/product\/83540","targetHints":{"allow":["GET"]}}],"collection":[{"href":"https:\/\/www.irdin.org.br\/site\/wp-json\/wp\/v2\/product"}],"about":[{"href":"https:\/\/www.irdin.org.br\/site\/wp-json\/wp\/v2\/types\/product"}],"version-history":[{"count":1,"href":"https:\/\/www.irdin.org.br\/site\/wp-json\/wp\/v2\/product\/83540\/revisions"}],"predecessor-version":[{"id":108706,"href":"https:\/\/www.irdin.org.br\/site\/wp-json\/wp\/v2\/product\/83540\/revisions\/108706"}],"wp:featuredmedia":[{"embeddable":true,"href":"https:\/\/www.irdin.org.br\/site\/wp-json\/wp\/v2\/media\/37803"}],"wp:attachment":[{"href":"https:\/\/www.irdin.org.br\/site\/wp-json\/wp\/v2\/media?parent=83540"}],"wp:term":[{"taxonomy":"product_brand","embeddable":true,"href":"https:\/\/www.irdin.org.br\/site\/wp-json\/wp\/v2\/product_brand?post=83540"},{"taxonomy":"product_cat","embeddable":true,"href":"https:\/\/www.irdin.org.br\/site\/wp-json\/wp\/v2\/product_cat?post=83540"},{"taxonomy":"product_tag","embeddable":true,"href":"https:\/\/www.irdin.org.br\/site\/wp-json\/wp\/v2\/product_tag?post=83540"}],"curies":[{"name":"wp","href":"https:\/\/api.w.org\/{rel}","templated":true}]}}