{"id":83541,"date":"2018-04-26T18:23:02","date_gmt":"2018-04-26T18:23:02","guid":{"rendered":"http:\/\/www.irdin.org.br\/site\/produto\/a-necessidade-de-um-perdao-mundial\/"},"modified":"2025-03-15T20:18:46","modified_gmt":"2025-03-15T20:18:46","slug":"a-necessidade-de-um-perdao-mundial","status":"publish","type":"product","link":"https:\/\/www.irdin.org.br\/site\/produtos\/a-necessidade-de-um-perdao-mundial\/","title":{"rendered":"A necessidade de um perd\u00e3o mundial"},"content":{"rendered":"<p><em>A ess\u00eancia do perd\u00e3o \/ Voc\u00ea n\u00e3o pode perdoar algu\u00e9m antes de perdoar a si mesmo \/ O plano de Deus n\u00e3o se implanta por causa da humanidade \/ A consci\u00eancia das na\u00e7\u00f5es diante do orgulho, da vaidade e da indiferen\u00e7a \/ Transmiss\u00e3o de S\u00e3o Jos\u00e9 de 3\/6\/2016<\/em><\/p>\n<p>&nbsp;<br \/>\n<strong>Ou\u00e7a agora:<\/strong><\/p>\n<p><span data-href=\"https:\/\/www.irdin.org.br\/site\/envios\/audios\/2867_0029__por_por__a_necessidade_de_um_perdao_mundial.mp3\" data-title=\"a necessidade de um perd\u00e3o mundial\" data-rel=\"\" data-target=\"\" data-meta=\"#fap-meta-6a04a20328a21\" class=\"fap-single-track fap-track-button fap-play-button\" data-enqueue=\"no\" data-autoenqueue=\"no\" title=\"a necessidade de um perd\u00e3o mundial\"><span class=\"fap-icon-play\"><\/span>Ouvir<\/span> <a href=\"https:\/\/www.irdin.org.br\/site\/envios\/audios\/2867_0029__por_por__a_necessidade_de_um_perdao_mundial.mp3\" class=\"baixar\" download><span class=\"fa fa-arrow-down\"><\/span>Baixar<\/span><\/a> <span class=\"textobaixar\"> a necessidade de um perd\u00e3o mundial<\/span><\/p>\n<p>&nbsp;<\/p>\n","protected":false},"excerpt":{"rendered":"<p>A ess\u00eancia do perd\u00e3o \/ Voc\u00ea n\u00e3o pode perdoar algu\u00e9m antes de perdoar a si mesmo \/ O plano de<\/p>\n","protected":false},"featured_media":37803,"template":"","meta":{"_acf_changed":false},"product_brand":[],"product_cat":[18076,33068],"product_tag":[40385],"class_list":{"0":"post-83541","1":"product","2":"type-product","3":"status-publish","4":"has-post-thumbnail","6":"product_cat-cddvd","7":"product_cat-palestras","8":"product_tag-40385","9":"pa_autor-trigueirinho","10":"pa_codigo-da-serie-28166","11":"pa_codigo-externo-28670029porporcd","12":"pa_data-de-gravacao-28248","13":"pa_duracao-69-min","14":"pa_idioma-de-destino-portugues","15":"pa_idioma-de-origem-portugues","16":"pa_lancamento-yes","17":"pa_midia-cd","18":"pa_moac-40384","19":"pa_quantidade-de-saldo-33067","20":"pa_sequencial-da-serie-31905","21":"pa_tipo-de-traducao-nao-classificado","23":"first","24":"outofstock","25":"product-type-simple"},"acf":[],"_links":{"self":[{"href":"https:\/\/www.irdin.org.br\/site\/wp-json\/wp\/v2\/product\/83541","targetHints":{"allow":["GET"]}}],"collection":[{"href":"https:\/\/www.irdin.org.br\/site\/wp-json\/wp\/v2\/product"}],"about":[{"href":"https:\/\/www.irdin.org.br\/site\/wp-json\/wp\/v2\/types\/product"}],"version-history":[{"count":1,"href":"https:\/\/www.irdin.org.br\/site\/wp-json\/wp\/v2\/product\/83541\/revisions"}],"predecessor-version":[{"id":108707,"href":"https:\/\/www.irdin.org.br\/site\/wp-json\/wp\/v2\/product\/83541\/revisions\/108707"}],"wp:featuredmedia":[{"embeddable":true,"href":"https:\/\/www.irdin.org.br\/site\/wp-json\/wp\/v2\/media\/37803"}],"wp:attachment":[{"href":"https:\/\/www.irdin.org.br\/site\/wp-json\/wp\/v2\/media?parent=83541"}],"wp:term":[{"taxonomy":"product_brand","embeddable":true,"href":"https:\/\/www.irdin.org.br\/site\/wp-json\/wp\/v2\/product_brand?post=83541"},{"taxonomy":"product_cat","embeddable":true,"href":"https:\/\/www.irdin.org.br\/site\/wp-json\/wp\/v2\/product_cat?post=83541"},{"taxonomy":"product_tag","embeddable":true,"href":"https:\/\/www.irdin.org.br\/site\/wp-json\/wp\/v2\/product_tag?post=83541"}],"curies":[{"name":"wp","href":"https:\/\/api.w.org\/{rel}","templated":true}]}}