{"id":83542,"date":"2018-04-26T18:23:02","date_gmt":"2018-04-26T18:23:02","guid":{"rendered":"http:\/\/www.irdin.org.br\/site\/produto\/a-desestabilizacao-das-mentes\/"},"modified":"2025-03-15T20:19:00","modified_gmt":"2025-03-15T20:19:00","slug":"a-desestabilizacao-das-mentes","status":"publish","type":"product","link":"https:\/\/www.irdin.org.br\/site\/produtos\/a-desestabilizacao-das-mentes\/","title":{"rendered":"A desestabiliza\u00e7\u00e3o das mentes"},"content":{"rendered":"<p><em>Um alerta diante dos nossos diferentes sistemas de resist\u00eancia: poder, propriedade, controle e competi\u00e7\u00e3o, que se espalham por todo o ser \/ Hoje a loucura \u00e9 vis\u00edvel \/ S\u00e3o Jos\u00e9, em sua mensagem de 21\/6\/2016, mostra-nos tr\u00eas n\u00edveis de guian\u00e7a: alma, esp\u00edrito e cora\u00e7\u00e3o.<\/em><\/p>\n<p>&nbsp;<br \/>\n<strong>Ou\u00e7a agora:<\/strong><\/p>\n<p><span data-href=\"https:\/\/www.irdin.org.br\/site\/envios\/audios\/2867_0030__por_por__a_desestabilizacao_das_mentes.mp3\" data-title=\"a desestabiliza\u00e7\u00e3o das mentes\" data-rel=\"\" data-target=\"\" data-meta=\"#fap-meta-69e3134725369\" class=\"fap-single-track fap-track-button fap-play-button\" data-enqueue=\"no\" data-autoenqueue=\"no\" title=\"a desestabiliza\u00e7\u00e3o das mentes\"><span class=\"fap-icon-play\"><\/span>Ouvir<\/span> <a href=\"https:\/\/www.irdin.org.br\/site\/envios\/audios\/2867_0030__por_por__a_desestabilizacao_das_mentes.mp3\" class=\"baixar\" download><span class=\"fa fa-arrow-down\"><\/span>Baixar<\/span><\/a> <span class=\"textobaixar\"> a desestabiliza\u00e7\u00e3o das mentes<\/span><\/p>\n<p>&nbsp;<\/p>\n","protected":false},"excerpt":{"rendered":"<p>Um alerta diante dos nossos diferentes sistemas de resist\u00eancia: poder, propriedade, controle e competi\u00e7\u00e3o, que se espalham por todo o<\/p>\n","protected":false},"featured_media":37803,"template":"","meta":{"_acf_changed":false},"product_brand":[],"product_cat":[18076,33068],"product_tag":[40387],"class_list":{"0":"post-83542","1":"product","2":"type-product","3":"status-publish","4":"has-post-thumbnail","6":"product_cat-cddvd","7":"product_cat-palestras","8":"product_tag-40387","9":"pa_autor-trigueirinho","10":"pa_codigo-da-serie-28166","11":"pa_codigo-externo-28670030porporcd","12":"pa_data-de-gravacao-28251","13":"pa_duracao-69-min","14":"pa_idioma-de-destino-portugues","15":"pa_idioma-de-origem-portugues","16":"pa_lancamento-yes","17":"pa_midia-cd","18":"pa_moac-40386","19":"pa_quantidade-de-saldo-33067","20":"pa_sequencial-da-serie-31906","21":"pa_tipo-de-traducao-nao-classificado","23":"first","24":"outofstock","25":"product-type-simple"},"acf":[],"_links":{"self":[{"href":"https:\/\/www.irdin.org.br\/site\/wp-json\/wp\/v2\/product\/83542","targetHints":{"allow":["GET"]}}],"collection":[{"href":"https:\/\/www.irdin.org.br\/site\/wp-json\/wp\/v2\/product"}],"about":[{"href":"https:\/\/www.irdin.org.br\/site\/wp-json\/wp\/v2\/types\/product"}],"version-history":[{"count":1,"href":"https:\/\/www.irdin.org.br\/site\/wp-json\/wp\/v2\/product\/83542\/revisions"}],"predecessor-version":[{"id":108708,"href":"https:\/\/www.irdin.org.br\/site\/wp-json\/wp\/v2\/product\/83542\/revisions\/108708"}],"wp:featuredmedia":[{"embeddable":true,"href":"https:\/\/www.irdin.org.br\/site\/wp-json\/wp\/v2\/media\/37803"}],"wp:attachment":[{"href":"https:\/\/www.irdin.org.br\/site\/wp-json\/wp\/v2\/media?parent=83542"}],"wp:term":[{"taxonomy":"product_brand","embeddable":true,"href":"https:\/\/www.irdin.org.br\/site\/wp-json\/wp\/v2\/product_brand?post=83542"},{"taxonomy":"product_cat","embeddable":true,"href":"https:\/\/www.irdin.org.br\/site\/wp-json\/wp\/v2\/product_cat?post=83542"},{"taxonomy":"product_tag","embeddable":true,"href":"https:\/\/www.irdin.org.br\/site\/wp-json\/wp\/v2\/product_tag?post=83542"}],"curies":[{"name":"wp","href":"https:\/\/api.w.org\/{rel}","templated":true}]}}