{"id":83544,"date":"2018-04-26T18:23:02","date_gmt":"2018-04-26T18:23:02","guid":{"rendered":"http:\/\/www.irdin.org.br\/site\/produto\/o-encontro-da-solidao-espiritual\/"},"modified":"2025-03-15T20:21:38","modified_gmt":"2025-03-15T20:21:38","slug":"o-encontro-da-solidao-espiritual","status":"publish","type":"product","link":"https:\/\/www.irdin.org.br\/site\/produtos\/o-encontro-da-solidao-espiritual\/","title":{"rendered":"O encontro da solid\u00e3o espiritual"},"content":{"rendered":"<p><em>A urg\u00eancia dos tempos leva-nos a redefinir a espiritualidade e a solid\u00e3o \/ Como lidar com o sofrimento moral, f\u00edsico e espiritual \/ Na mensagem de S\u00e3o Jos\u00e9 de 20\/4\/2016, Ele nos chama ao aprofundamento em nosso mundo interior, para a transforma\u00e7\u00e3o da vida que levamos \/ A forma\u00e7\u00e3o de uma nova ra\u00e7a<\/em><\/p>\n<p>&nbsp;<br \/>\n<strong>Ou\u00e7a agora:<\/strong><\/p>\n<p><span data-href=\"https:\/\/www.irdin.org.br\/site\/envios\/audios\/2867_0031__por_por__o_encontro_da_solidao_espiritual.mp3\" data-title=\"o encontro da solid\u00e3o espiritual\" data-rel=\"\" data-target=\"\" data-meta=\"#fap-meta-69e30f235fc82\" class=\"fap-single-track fap-track-button fap-play-button\" data-enqueue=\"no\" data-autoenqueue=\"no\" title=\"o encontro da solid\u00e3o espiritual\"><span class=\"fap-icon-play\"><\/span>Ouvir<\/span> <a href=\"https:\/\/www.irdin.org.br\/site\/envios\/audios\/2867_0031__por_por__o_encontro_da_solidao_espiritual.mp3\" class=\"baixar\" download><span class=\"fa fa-arrow-down\"><\/span>Baixar<\/span><\/a> <span class=\"textobaixar\"> o encontro da solid\u00e3o espiritual<\/span><\/p>\n<p>&nbsp;<\/p>\n","protected":false},"excerpt":{"rendered":"<p>A urg\u00eancia dos tempos leva-nos a redefinir a espiritualidade e a solid\u00e3o \/ Como lidar com o sofrimento moral, f\u00edsico<\/p>\n","protected":false},"featured_media":37803,"template":"","meta":{"_acf_changed":false},"product_brand":[],"product_cat":[18076,33068],"product_tag":[40391],"class_list":{"0":"post-83544","1":"product","2":"type-product","3":"status-publish","4":"has-post-thumbnail","6":"product_cat-cddvd","7":"product_cat-palestras","8":"product_tag-40391","9":"pa_autor-trigueirinho","10":"pa_codigo-da-serie-28166","11":"pa_codigo-externo-28670031porporcd","12":"pa_data-de-gravacao-32920","13":"pa_duracao-69-min","14":"pa_idioma-de-destino-portugues","15":"pa_idioma-de-origem-portugues","16":"pa_lancamento-yes","17":"pa_midia-cd","18":"pa_moac-40390","19":"pa_quantidade-de-saldo-33067","20":"pa_sequencial-da-serie-31907","21":"pa_tipo-de-traducao-nao-classificado","23":"first","24":"outofstock","25":"product-type-simple"},"acf":[],"_links":{"self":[{"href":"https:\/\/www.irdin.org.br\/site\/wp-json\/wp\/v2\/product\/83544","targetHints":{"allow":["GET"]}}],"collection":[{"href":"https:\/\/www.irdin.org.br\/site\/wp-json\/wp\/v2\/product"}],"about":[{"href":"https:\/\/www.irdin.org.br\/site\/wp-json\/wp\/v2\/types\/product"}],"version-history":[{"count":1,"href":"https:\/\/www.irdin.org.br\/site\/wp-json\/wp\/v2\/product\/83544\/revisions"}],"predecessor-version":[{"id":108710,"href":"https:\/\/www.irdin.org.br\/site\/wp-json\/wp\/v2\/product\/83544\/revisions\/108710"}],"wp:featuredmedia":[{"embeddable":true,"href":"https:\/\/www.irdin.org.br\/site\/wp-json\/wp\/v2\/media\/37803"}],"wp:attachment":[{"href":"https:\/\/www.irdin.org.br\/site\/wp-json\/wp\/v2\/media?parent=83544"}],"wp:term":[{"taxonomy":"product_brand","embeddable":true,"href":"https:\/\/www.irdin.org.br\/site\/wp-json\/wp\/v2\/product_brand?post=83544"},{"taxonomy":"product_cat","embeddable":true,"href":"https:\/\/www.irdin.org.br\/site\/wp-json\/wp\/v2\/product_cat?post=83544"},{"taxonomy":"product_tag","embeddable":true,"href":"https:\/\/www.irdin.org.br\/site\/wp-json\/wp\/v2\/product_tag?post=83544"}],"curies":[{"name":"wp","href":"https:\/\/api.w.org\/{rel}","templated":true}]}}