{"id":83545,"date":"2018-04-26T18:23:02","date_gmt":"2018-04-26T18:23:02","guid":{"rendered":"http:\/\/www.irdin.org.br\/site\/produto\/a-indiferenca-no-coracao-humano\/"},"modified":"2025-03-15T20:21:52","modified_gmt":"2025-03-15T20:21:52","slug":"a-indiferenca-no-coracao-humano","status":"publish","type":"product","link":"https:\/\/www.irdin.org.br\/site\/produtos\/a-indiferenca-no-coracao-humano\/","title":{"rendered":"A indiferen\u00e7a no cora\u00e7\u00e3o humano"},"content":{"rendered":"<p><em>Por que a indiferen\u00e7a \u00e9 pior que a ignor\u00e2ncia \/ A necessidade de instru\u00e7\u00e3o superior \/ Na mensagem de 22\/1\/2016, S\u00e3o Jos\u00e9 nos coloca diante da realidade planet\u00e1ria \/ Exemplos de algumas exce\u00e7\u00f5es<\/em><\/p>\n<p>&nbsp;<br \/>\n<strong>Ou\u00e7a agora:<\/strong><\/p>\n<p><span data-href=\"https:\/\/www.irdin.org.br\/site\/envios\/audios\/2867_0032__por_por__a_indiferenca_no_coracao_humano.mp3\" data-title=\"a indiferen\u00e7a no cora\u00e7\u00e3o humano\" data-rel=\"\" data-target=\"\" data-meta=\"#fap-meta-69e32859d68a9\" class=\"fap-single-track fap-track-button fap-play-button\" data-enqueue=\"no\" data-autoenqueue=\"no\" title=\"a indiferen\u00e7a no cora\u00e7\u00e3o humano\"><span class=\"fap-icon-play\"><\/span>Ouvir<\/span> <a href=\"https:\/\/www.irdin.org.br\/site\/envios\/audios\/2867_0032__por_por__a_indiferenca_no_coracao_humano.mp3\" class=\"baixar\" download><span class=\"fa fa-arrow-down\"><\/span>Baixar<\/span><\/a> <span class=\"textobaixar\"> a indiferen\u00e7a no cora\u00e7\u00e3o humano<\/span><\/p>\n<p>&nbsp;<\/p>\n","protected":false},"excerpt":{"rendered":"<p>Por que a indiferen\u00e7a \u00e9 pior que a ignor\u00e2ncia \/ A necessidade de instru\u00e7\u00e3o superior \/ Na mensagem de 22\/1\/2016,<\/p>\n","protected":false},"featured_media":37803,"template":"","meta":{"_acf_changed":false},"product_brand":[],"product_cat":[18076,33068],"product_tag":[40393],"class_list":{"0":"post-83545","1":"product","2":"type-product","3":"status-publish","4":"has-post-thumbnail","6":"product_cat-cddvd","7":"product_cat-palestras","8":"product_tag-40393","9":"pa_autor-trigueirinho","10":"pa_codigo-da-serie-28166","11":"pa_codigo-externo-28670032porporcd","12":"pa_data-de-gravacao-33099","13":"pa_duracao-69-min","14":"pa_idioma-de-destino-portugues","15":"pa_idioma-de-origem-portugues","16":"pa_lancamento-yes","17":"pa_midia-cd","18":"pa_moac-40392","19":"pa_quantidade-de-saldo-33067","20":"pa_sequencial-da-serie-31908","21":"pa_tipo-de-traducao-nao-classificado","23":"first","24":"outofstock","25":"product-type-simple"},"acf":[],"_links":{"self":[{"href":"https:\/\/www.irdin.org.br\/site\/wp-json\/wp\/v2\/product\/83545","targetHints":{"allow":["GET"]}}],"collection":[{"href":"https:\/\/www.irdin.org.br\/site\/wp-json\/wp\/v2\/product"}],"about":[{"href":"https:\/\/www.irdin.org.br\/site\/wp-json\/wp\/v2\/types\/product"}],"version-history":[{"count":1,"href":"https:\/\/www.irdin.org.br\/site\/wp-json\/wp\/v2\/product\/83545\/revisions"}],"predecessor-version":[{"id":108711,"href":"https:\/\/www.irdin.org.br\/site\/wp-json\/wp\/v2\/product\/83545\/revisions\/108711"}],"wp:featuredmedia":[{"embeddable":true,"href":"https:\/\/www.irdin.org.br\/site\/wp-json\/wp\/v2\/media\/37803"}],"wp:attachment":[{"href":"https:\/\/www.irdin.org.br\/site\/wp-json\/wp\/v2\/media?parent=83545"}],"wp:term":[{"taxonomy":"product_brand","embeddable":true,"href":"https:\/\/www.irdin.org.br\/site\/wp-json\/wp\/v2\/product_brand?post=83545"},{"taxonomy":"product_cat","embeddable":true,"href":"https:\/\/www.irdin.org.br\/site\/wp-json\/wp\/v2\/product_cat?post=83545"},{"taxonomy":"product_tag","embeddable":true,"href":"https:\/\/www.irdin.org.br\/site\/wp-json\/wp\/v2\/product_tag?post=83545"}],"curies":[{"name":"wp","href":"https:\/\/api.w.org\/{rel}","templated":true}]}}