{"id":83548,"date":"2018-04-26T18:23:02","date_gmt":"2018-04-26T18:23:02","guid":{"rendered":"http:\/\/www.irdin.org.br\/site\/produto\/sao-jose-e-o-despertar-dos-nossos-dons\/"},"modified":"2025-03-15T20:22:30","modified_gmt":"2025-03-15T20:22:30","slug":"sao-jose-e-o-despertar-dos-nossos-dons","status":"publish","type":"product","link":"https:\/\/www.irdin.org.br\/site\/produtos\/sao-jose-e-o-despertar-dos-nossos-dons\/","title":{"rendered":"S\u00e3o Jos\u00e9 e o despertar dos nossos dons"},"content":{"rendered":"<p><em>A busca da confian\u00e7a em Deus \/ O projeto divino para n\u00f3s \/ O que esta Terra ensina \/ Nosso preparo para o Ju\u00edzo \/ Quando boas a\u00e7\u00f5es n\u00e3o bastam \/ O valor da presen\u00e7a da intui\u00e7\u00e3o em nossas decis\u00f5es \/ Mensagem de S\u00e3o Jos\u00e9 de 20\/2\/2016<\/em><\/p>\n<p>&nbsp;<br \/>\n<strong>Ou\u00e7a agora:<\/strong><\/p>\n<p><span data-href=\"https:\/\/www.irdin.org.br\/site\/envios\/audios\/2867_0034__por_por__sao_jose_e_o_despertar_dos_nossos_dons.mp3\" data-title=\"s\u00e3o jos\u00e9 e o despertar dos nossos dons\" data-rel=\"\" data-target=\"\" data-meta=\"#fap-meta-69e38a02552e8\" class=\"fap-single-track fap-track-button fap-play-button\" data-enqueue=\"no\" data-autoenqueue=\"no\" title=\"s\u00e3o jos\u00e9 e o despertar dos nossos dons\"><span class=\"fap-icon-play\"><\/span>Ouvir<\/span> <a href=\"https:\/\/www.irdin.org.br\/site\/envios\/audios\/2867_0034__por_por__sao_jose_e_o_despertar_dos_nossos_dons.mp3\" class=\"baixar\" download><span class=\"fa fa-arrow-down\"><\/span>Baixar<\/span><\/a> <span class=\"textobaixar\"> s\u00e3o jos\u00e9 e o despertar dos nossos dons<\/span><\/p>\n<p>&nbsp;<\/p>\n","protected":false},"excerpt":{"rendered":"<p>A busca da confian\u00e7a em Deus \/ O projeto divino para n\u00f3s \/ O que esta Terra ensina \/ Nosso<\/p>\n","protected":false},"featured_media":37803,"template":"","meta":{"_acf_changed":false},"product_brand":[],"product_cat":[18076,33068],"product_tag":[40399],"class_list":{"0":"post-83548","1":"product","2":"type-product","3":"status-publish","4":"has-post-thumbnail","6":"product_cat-cddvd","7":"product_cat-palestras","8":"product_tag-40399","9":"pa_autor-trigueirinho","10":"pa_codigo-da-serie-28166","11":"pa_codigo-externo-28670034porporcd","12":"pa_data-de-gravacao-33103","13":"pa_duracao-69-min","14":"pa_idioma-de-destino-portugues","15":"pa_idioma-de-origem-portugues","16":"pa_lancamento-yes","17":"pa_midia-cd","18":"pa_moac-40398","19":"pa_quantidade-de-saldo-33067","20":"pa_sequencial-da-serie-31910","21":"pa_tipo-de-traducao-nao-classificado","23":"first","24":"outofstock","25":"product-type-simple"},"acf":[],"_links":{"self":[{"href":"https:\/\/www.irdin.org.br\/site\/wp-json\/wp\/v2\/product\/83548","targetHints":{"allow":["GET"]}}],"collection":[{"href":"https:\/\/www.irdin.org.br\/site\/wp-json\/wp\/v2\/product"}],"about":[{"href":"https:\/\/www.irdin.org.br\/site\/wp-json\/wp\/v2\/types\/product"}],"version-history":[{"count":1,"href":"https:\/\/www.irdin.org.br\/site\/wp-json\/wp\/v2\/product\/83548\/revisions"}],"predecessor-version":[{"id":108714,"href":"https:\/\/www.irdin.org.br\/site\/wp-json\/wp\/v2\/product\/83548\/revisions\/108714"}],"wp:featuredmedia":[{"embeddable":true,"href":"https:\/\/www.irdin.org.br\/site\/wp-json\/wp\/v2\/media\/37803"}],"wp:attachment":[{"href":"https:\/\/www.irdin.org.br\/site\/wp-json\/wp\/v2\/media?parent=83548"}],"wp:term":[{"taxonomy":"product_brand","embeddable":true,"href":"https:\/\/www.irdin.org.br\/site\/wp-json\/wp\/v2\/product_brand?post=83548"},{"taxonomy":"product_cat","embeddable":true,"href":"https:\/\/www.irdin.org.br\/site\/wp-json\/wp\/v2\/product_cat?post=83548"},{"taxonomy":"product_tag","embeddable":true,"href":"https:\/\/www.irdin.org.br\/site\/wp-json\/wp\/v2\/product_tag?post=83548"}],"curies":[{"name":"wp","href":"https:\/\/api.w.org\/{rel}","templated":true}]}}