{"id":83555,"date":"2018-04-26T18:23:02","date_gmt":"2018-04-26T18:23:02","guid":{"rendered":"http:\/\/www.irdin.org.br\/site\/produto\/planeta-terra-um-ser-em-redencao-5a-parte\/"},"modified":"2025-03-15T20:23:29","modified_gmt":"2025-03-15T20:23:29","slug":"planeta-terra-um-ser-em-redencao-5a-parte-reino-humano","status":"publish","type":"product","link":"https:\/\/www.irdin.org.br\/site\/produtos\/planeta-terra-um-ser-em-redencao-5a-parte-reino-humano\/","title":{"rendered":"Planeta Terra: um Ser em reden\u00e7\u00e3o &#8211; 5\u00aa Parte &#8211; Reino Humano"},"content":{"rendered":"<p><em>Humanidade, forma de vida disseminada pelos universos \/ Tipos de humanidade existentes na Terra \/ Homem comum, homem evolu\u00eddo e homem contato \/ A ra\u00e7a atual, os cinco sentidos humanos e seus desdobramentos nos v\u00e1rios n\u00edveis da consci\u00eancia \/ Homem interno, homem divino e ra\u00e7as futuras<\/em><\/p>\n<p>&nbsp;<br \/>\n<strong>Ou\u00e7a agora:<\/strong><\/p>\n<p><span data-href=\"https:\/\/www.irdin.org.br\/site\/envios\/audios\/2909_0005__por_por__planeta_terra_um_ser_em_redencao_5a_parte.mp3\" data-title=\"planeta terra: um ser em reden\u00e7\u00e3o - 5\u00aa parte\" data-rel=\"\" data-target=\"\" data-meta=\"#fap-meta-69e3972b721be\" class=\"fap-single-track fap-track-button fap-play-button\" data-enqueue=\"no\" data-autoenqueue=\"no\" title=\"planeta terra: um ser em reden\u00e7\u00e3o - 5\u00aa parte\"><span class=\"fap-icon-play\"><\/span>Ouvir<\/span> <a href=\"https:\/\/www.irdin.org.br\/site\/envios\/audios\/2909_0005__por_por__planeta_terra_um_ser_em_redencao_5a_parte.mp3\" class=\"baixar\" download><span class=\"fa fa-arrow-down\"><\/span>Baixar<\/span><\/a> <span class=\"textobaixar\"> planeta terra: um ser em reden\u00e7\u00e3o &#8211; 5\u00aa parte<\/span><\/p>\n<p>&nbsp;<\/p>\n","protected":false},"excerpt":{"rendered":"<p>Humanidade, forma de vida disseminada pelos universos \/ Tipos de humanidade existentes na Terra \/ Homem comum, homem evolu\u00eddo e<\/p>\n","protected":false},"featured_media":37803,"template":"","meta":{"_acf_changed":false},"product_brand":[],"product_cat":[18076,33068],"product_tag":[40413],"class_list":{"0":"post-83555","1":"product","2":"type-product","3":"status-publish","4":"has-post-thumbnail","6":"product_cat-cddvd","7":"product_cat-palestras","8":"product_tag-40413","9":"pa_autor-trigueirinho","10":"pa_codigo-da-serie-28641","11":"pa_codigo-externo-29090005porporcd","12":"pa_data-de-gravacao-32927","13":"pa_duracao-69-min","14":"pa_idioma-de-destino-portugues","15":"pa_idioma-de-origem-portugues","16":"pa_lancamento-yes","17":"pa_midia-cd","18":"pa_moac-40412","19":"pa_quantidade-de-saldo-33067","20":"pa_sequencial-da-serie-31881","21":"pa_tipo-de-traducao-nao-classificado","23":"first","24":"outofstock","25":"product-type-simple"},"acf":[],"_links":{"self":[{"href":"https:\/\/www.irdin.org.br\/site\/wp-json\/wp\/v2\/product\/83555","targetHints":{"allow":["GET"]}}],"collection":[{"href":"https:\/\/www.irdin.org.br\/site\/wp-json\/wp\/v2\/product"}],"about":[{"href":"https:\/\/www.irdin.org.br\/site\/wp-json\/wp\/v2\/types\/product"}],"version-history":[{"count":1,"href":"https:\/\/www.irdin.org.br\/site\/wp-json\/wp\/v2\/product\/83555\/revisions"}],"predecessor-version":[{"id":108718,"href":"https:\/\/www.irdin.org.br\/site\/wp-json\/wp\/v2\/product\/83555\/revisions\/108718"}],"wp:featuredmedia":[{"embeddable":true,"href":"https:\/\/www.irdin.org.br\/site\/wp-json\/wp\/v2\/media\/37803"}],"wp:attachment":[{"href":"https:\/\/www.irdin.org.br\/site\/wp-json\/wp\/v2\/media?parent=83555"}],"wp:term":[{"taxonomy":"product_brand","embeddable":true,"href":"https:\/\/www.irdin.org.br\/site\/wp-json\/wp\/v2\/product_brand?post=83555"},{"taxonomy":"product_cat","embeddable":true,"href":"https:\/\/www.irdin.org.br\/site\/wp-json\/wp\/v2\/product_cat?post=83555"},{"taxonomy":"product_tag","embeddable":true,"href":"https:\/\/www.irdin.org.br\/site\/wp-json\/wp\/v2\/product_tag?post=83555"}],"curies":[{"name":"wp","href":"https:\/\/api.w.org\/{rel}","templated":true}]}}