{"id":83557,"date":"2018-04-26T18:23:02","date_gmt":"2018-04-26T18:23:02","guid":{"rendered":"http:\/\/www.irdin.org.br\/site\/produto\/vida-cura-e-doacao-na-civilizacao-da-indiferenca\/"},"modified":"2025-03-15T20:23:55","modified_gmt":"2025-03-15T20:23:55","slug":"vida-cura-e-doacao-na-civilizacao-da-indiferenca","status":"publish","type":"product","link":"https:\/\/www.irdin.org.br\/site\/produtos\/vida-cura-e-doacao-na-civilizacao-da-indiferenca\/","title":{"rendered":"Vida, cura e doa\u00e7\u00e3o na civiliza\u00e7\u00e3o da indiferen\u00e7a"},"content":{"rendered":"<p><em>O trabalho do N\u00facleo de Figueira, em S\u00e3o Paulo, junto aos que sofrem \/ Os mission\u00e1rios, seu trabalho e novas casas de servi\u00e7o no interior \/ Enganos e acertos dos bem-intencionados \/Ora\u00e7\u00f5es, kundalini e o trabalho no centro card\u00edaco \/ A express\u00e3o do Mensageiro S\u00e3o Jos\u00e9 nos dias 3 e 4 de julho de 2016<\/em><\/p>\n<p>&nbsp;<br \/>\n<strong>Ou\u00e7a agora:<\/strong><\/p>\n<p><span data-href=\"https:\/\/www.irdin.org.br\/site\/envios\/audios\/2849_0028__por_por__vida_cura_e_doacao_na_civilizacao_da_indiferenca.mp3\" data-title=\"vida, cura e doa\u00e7\u00e3o na civiliza\u00e7\u00e3o da indiferen\u00e7a\" data-rel=\"\" data-target=\"\" data-meta=\"#fap-meta-69f85adc5a5f3\" class=\"fap-single-track fap-track-button fap-play-button\" data-enqueue=\"no\" data-autoenqueue=\"no\" title=\"vida, cura e doa\u00e7\u00e3o na civiliza\u00e7\u00e3o da indiferen\u00e7a\"><span class=\"fap-icon-play\"><\/span>Ouvir<\/span> <a href=\"https:\/\/www.irdin.org.br\/site\/envios\/audios\/2849_0028__por_por__vida_cura_e_doacao_na_civilizacao_da_indiferenca.mp3\" class=\"baixar\" download><span class=\"fa fa-arrow-down\"><\/span>Baixar<\/span><\/a> <span class=\"textobaixar\"> vida, cura e doa\u00e7\u00e3o na civiliza\u00e7\u00e3o da indiferen\u00e7a<\/span><\/p>\n<p>&nbsp;<\/p>\n","protected":false},"excerpt":{"rendered":"<p>O trabalho do N\u00facleo de Figueira, em S\u00e3o Paulo, junto aos que sofrem \/ Os mission\u00e1rios, seu trabalho e novas<\/p>\n","protected":false},"featured_media":37803,"template":"","meta":{"_acf_changed":false},"product_brand":[],"product_cat":[18076,33068],"product_tag":[40417],"class_list":{"0":"post-83557","1":"product","2":"type-product","3":"status-publish","4":"has-post-thumbnail","6":"product_cat-cddvd","7":"product_cat-palestras","8":"product_tag-40417","9":"pa_autor-trigueirinho","10":"pa_codigo-da-serie-27694","11":"pa_codigo-externo-28490028porporcd","12":"pa_data-de-gravacao-32910","13":"pa_duracao-69-min","14":"pa_idioma-de-destino-portugues","15":"pa_idioma-de-origem-portugues","16":"pa_lancamento-yes","17":"pa_midia-cd","18":"pa_moac-40416","19":"pa_quantidade-de-saldo-33067","20":"pa_sequencial-da-serie-31904","21":"pa_tipo-de-traducao-nao-classificado","23":"first","24":"outofstock","25":"product-type-simple"},"acf":[],"_links":{"self":[{"href":"https:\/\/www.irdin.org.br\/site\/wp-json\/wp\/v2\/product\/83557","targetHints":{"allow":["GET"]}}],"collection":[{"href":"https:\/\/www.irdin.org.br\/site\/wp-json\/wp\/v2\/product"}],"about":[{"href":"https:\/\/www.irdin.org.br\/site\/wp-json\/wp\/v2\/types\/product"}],"version-history":[{"count":1,"href":"https:\/\/www.irdin.org.br\/site\/wp-json\/wp\/v2\/product\/83557\/revisions"}],"predecessor-version":[{"id":108720,"href":"https:\/\/www.irdin.org.br\/site\/wp-json\/wp\/v2\/product\/83557\/revisions\/108720"}],"wp:featuredmedia":[{"embeddable":true,"href":"https:\/\/www.irdin.org.br\/site\/wp-json\/wp\/v2\/media\/37803"}],"wp:attachment":[{"href":"https:\/\/www.irdin.org.br\/site\/wp-json\/wp\/v2\/media?parent=83557"}],"wp:term":[{"taxonomy":"product_brand","embeddable":true,"href":"https:\/\/www.irdin.org.br\/site\/wp-json\/wp\/v2\/product_brand?post=83557"},{"taxonomy":"product_cat","embeddable":true,"href":"https:\/\/www.irdin.org.br\/site\/wp-json\/wp\/v2\/product_cat?post=83557"},{"taxonomy":"product_tag","embeddable":true,"href":"https:\/\/www.irdin.org.br\/site\/wp-json\/wp\/v2\/product_tag?post=83557"}],"curies":[{"name":"wp","href":"https:\/\/api.w.org\/{rel}","templated":true}]}}