{"id":83559,"date":"2018-04-26T18:23:23","date_gmt":"2018-04-26T18:23:23","guid":{"rendered":"http:\/\/www.irdin.org.br\/site\/produto\/desafios-do-8-de-agosto-de-2016-reflexao-realizada-no-57o-encontro-geral-de-figueira\/"},"modified":"2025-03-15T20:13:33","modified_gmt":"2025-03-15T20:13:33","slug":"desafios-do-8-de-agosto-de-2016-reflexao-realizada-no-57o-encontro-geral-de-figueira","status":"publish","type":"product","link":"https:\/\/www.irdin.org.br\/site\/produtos\/desafios-do-8-de-agosto-de-2016-reflexao-realizada-no-57o-encontro-geral-de-figueira\/","title":{"rendered":"Desafios do 8 de agosto de 2016 &#8211; Reflex\u00e3o realizada no 57\u00ba Encontro Geral de Figueira"},"content":{"rendered":"<p><em>Mudamos realmente de ponto quando consci\u00eancias maiores nos instruem \/ Construir uma ideia sobre n\u00f3s impede que saibamos o que somos \/ Aderir \u00e0 transforma\u00e7\u00e3o significa n\u00e3o querer mais ser como \u00e9 \/ Que somos na ideia de Deus? \/Milagres que podem acontecer na consci\u00eancia \/Mensagem de S\u00e3o Jos\u00e9 de 8\/8\/2016<\/em><\/p>\n<p>&nbsp;<br \/>\n<strong>Ou\u00e7a agora:<\/strong><\/p>\n<p><span data-href=\"https:\/\/www.irdin.org.br\/site\/envios\/audios\/0052_0039__por_por__desafios_do_8_de_agosto_de_2016.mp3\" data-title=\"desafios do 8 de agosto de 2016 - reflex\u00e3o realizada no 57\u00ba encontro geral de figueira\" data-rel=\"\" data-target=\"\" data-meta=\"#fap-meta-69e377719e7e1\" class=\"fap-single-track fap-track-button fap-play-button\" data-enqueue=\"no\" data-autoenqueue=\"no\" title=\"desafios do 8 de agosto de 2016 - reflex\u00e3o realizada no 57\u00ba encontro geral de figueira\"><span class=\"fap-icon-play\"><\/span>Ouvir<\/span> <a href=\"https:\/\/www.irdin.org.br\/site\/envios\/audios\/0052_0039__por_por__desafios_do_8_de_agosto_de_2016.mp3\" class=\"baixar\" download><span class=\"fa fa-arrow-down\"><\/span>Baixar<\/span><\/a> <span class=\"textobaixar\"> desafios do 8 de agosto de 2016 &#8211; reflex\u00e3o realizada no 57\u00ba encontro geral de figueira<\/span><\/p>\n<p>&nbsp;<\/p>\n","protected":false},"excerpt":{"rendered":"<p>Mudamos realmente de ponto quando consci\u00eancias maiores nos instruem \/ Construir uma ideia sobre n\u00f3s impede que saibamos o que<\/p>\n","protected":false},"featured_media":37803,"template":"","meta":{"_acf_changed":false},"product_brand":[],"product_cat":[18076,33068],"product_tag":[40421],"class_list":{"0":"post-83559","1":"product","2":"type-product","3":"status-publish","4":"has-post-thumbnail","6":"product_cat-cddvd","7":"product_cat-palestras","8":"product_tag-40421","9":"pa_autor-trigueirinho","10":"pa_codigo-da-serie-32831","11":"pa_codigo-externo-00520039porporcd","12":"pa_data-de-gravacao-32912","13":"pa_duracao-69-min","14":"pa_idioma-de-destino-portugues","15":"pa_idioma-de-origem-portugues","16":"pa_lancamento-yes","17":"pa_midia-cd","18":"pa_moac-40420","19":"pa_quantidade-de-saldo-33067","20":"pa_sequencial-da-serie-31915","21":"pa_tipo-de-traducao-nao-classificado","23":"first","24":"outofstock","25":"product-type-simple"},"acf":[],"_links":{"self":[{"href":"https:\/\/www.irdin.org.br\/site\/wp-json\/wp\/v2\/product\/83559","targetHints":{"allow":["GET"]}}],"collection":[{"href":"https:\/\/www.irdin.org.br\/site\/wp-json\/wp\/v2\/product"}],"about":[{"href":"https:\/\/www.irdin.org.br\/site\/wp-json\/wp\/v2\/types\/product"}],"version-history":[{"count":1,"href":"https:\/\/www.irdin.org.br\/site\/wp-json\/wp\/v2\/product\/83559\/revisions"}],"predecessor-version":[{"id":108686,"href":"https:\/\/www.irdin.org.br\/site\/wp-json\/wp\/v2\/product\/83559\/revisions\/108686"}],"wp:featuredmedia":[{"embeddable":true,"href":"https:\/\/www.irdin.org.br\/site\/wp-json\/wp\/v2\/media\/37803"}],"wp:attachment":[{"href":"https:\/\/www.irdin.org.br\/site\/wp-json\/wp\/v2\/media?parent=83559"}],"wp:term":[{"taxonomy":"product_brand","embeddable":true,"href":"https:\/\/www.irdin.org.br\/site\/wp-json\/wp\/v2\/product_brand?post=83559"},{"taxonomy":"product_cat","embeddable":true,"href":"https:\/\/www.irdin.org.br\/site\/wp-json\/wp\/v2\/product_cat?post=83559"},{"taxonomy":"product_tag","embeddable":true,"href":"https:\/\/www.irdin.org.br\/site\/wp-json\/wp\/v2\/product_tag?post=83559"}],"curies":[{"name":"wp","href":"https:\/\/api.w.org\/{rel}","templated":true}]}}