{"id":83560,"date":"2018-04-26T18:23:23","date_gmt":"2018-04-26T18:23:23","guid":{"rendered":"http:\/\/www.irdin.org.br\/site\/produto\/planeta-terra-um-ser-em-redencao-6a-parte-devas-e-elementais\/"},"modified":"2025-03-15T20:13:49","modified_gmt":"2025-03-15T20:13:49","slug":"planeta-terra-um-ser-em-redencao-6a-parte-devas-e-elementais","status":"publish","type":"product","link":"https:\/\/www.irdin.org.br\/site\/produtos\/planeta-terra-um-ser-em-redencao-6a-parte-devas-e-elementais\/","title":{"rendered":"Planeta Terra: um Ser em reden\u00e7\u00e3o &#8211; 6\u00aa Parte &#8211; Devas e Elementais"},"content":{"rendered":"<p>O Reino D\u00e9vico e sua import\u00e2ncia na manisfesta\u00e7\u00e3o da vida formal \/ O deva e seu elevado grau de pureza \/ A circula\u00e7\u00e3o de energia no universo a cargo dos devas \/ Formas que se mant\u00eam coesas pelas devas \/ Elementais, esp\u00edritos naturais que podem completar o trabalho d\u00e9vico \/ M\u00fasica divina \/ Informa\u00e7\u00f5es que nos levam \u00e0 compreens\u00e3o de fatos desconhecidos pela maioria.<\/p>\n<p>&nbsp;<br \/>\n<strong>Ou\u00e7a agora:<\/strong><\/p>\n<p><span data-href=\"https:\/\/www.irdin.org.br\/site\/envios\/audios\/2909_0006__por_por__planeta_terra_um_ser_em_redencao_6a_parte.mp3\" data-title=\"planeta terra: um ser em reden\u00e7\u00e3o - 6\u00aa parte - devas e elementais\" data-rel=\"\" data-target=\"\" data-meta=\"#fap-meta-69e89ddfd1029\" class=\"fap-single-track fap-track-button fap-play-button\" data-enqueue=\"no\" data-autoenqueue=\"no\" title=\"planeta terra: um ser em reden\u00e7\u00e3o - 6\u00aa parte - devas e elementais\"><span class=\"fap-icon-play\"><\/span>Ouvir<\/span> <a href=\"https:\/\/www.irdin.org.br\/site\/envios\/audios\/2909_0006__por_por__planeta_terra_um_ser_em_redencao_6a_parte.mp3\" class=\"baixar\" download><span class=\"fa fa-arrow-down\"><\/span>Baixar<\/span><\/a> <span class=\"textobaixar\"> planeta terra: um ser em reden\u00e7\u00e3o &#8211; 6\u00aa parte &#8211; devas e elementais<\/span><\/p>\n<p>&nbsp;<\/p>\n","protected":false},"excerpt":{"rendered":"<p>O Reino D\u00e9vico e sua import\u00e2ncia na manisfesta\u00e7\u00e3o da vida formal \/ O deva e seu elevado grau de pureza<\/p>\n","protected":false},"featured_media":37803,"template":"","meta":{"_acf_changed":false},"product_brand":[],"product_cat":[18076,33068],"product_tag":[40423],"class_list":{"0":"post-83560","1":"product","2":"type-product","3":"status-publish","4":"has-post-thumbnail","6":"product_cat-cddvd","7":"product_cat-palestras","8":"product_tag-40423","9":"pa_autor-trigueirinho","10":"pa_codigo-da-serie-28641","11":"pa_codigo-externo-29090006porporcd","12":"pa_data-de-gravacao-32928","13":"pa_duracao-69-min","14":"pa_idioma-de-destino-portugues","15":"pa_idioma-de-origem-portugues","16":"pa_lancamento-yes","17":"pa_midia-cd","18":"pa_moac-40422","19":"pa_quantidade-de-saldo-33067","20":"pa_sequencial-da-serie-31882","21":"pa_tipo-de-traducao-nao-classificado","23":"first","24":"outofstock","25":"product-type-simple"},"acf":[],"_links":{"self":[{"href":"https:\/\/www.irdin.org.br\/site\/wp-json\/wp\/v2\/product\/83560","targetHints":{"allow":["GET"]}}],"collection":[{"href":"https:\/\/www.irdin.org.br\/site\/wp-json\/wp\/v2\/product"}],"about":[{"href":"https:\/\/www.irdin.org.br\/site\/wp-json\/wp\/v2\/types\/product"}],"version-history":[{"count":2,"href":"https:\/\/www.irdin.org.br\/site\/wp-json\/wp\/v2\/product\/83560\/revisions"}],"predecessor-version":[{"id":108687,"href":"https:\/\/www.irdin.org.br\/site\/wp-json\/wp\/v2\/product\/83560\/revisions\/108687"}],"wp:featuredmedia":[{"embeddable":true,"href":"https:\/\/www.irdin.org.br\/site\/wp-json\/wp\/v2\/media\/37803"}],"wp:attachment":[{"href":"https:\/\/www.irdin.org.br\/site\/wp-json\/wp\/v2\/media?parent=83560"}],"wp:term":[{"taxonomy":"product_brand","embeddable":true,"href":"https:\/\/www.irdin.org.br\/site\/wp-json\/wp\/v2\/product_brand?post=83560"},{"taxonomy":"product_cat","embeddable":true,"href":"https:\/\/www.irdin.org.br\/site\/wp-json\/wp\/v2\/product_cat?post=83560"},{"taxonomy":"product_tag","embeddable":true,"href":"https:\/\/www.irdin.org.br\/site\/wp-json\/wp\/v2\/product_tag?post=83560"}],"curies":[{"name":"wp","href":"https:\/\/api.w.org\/{rel}","templated":true}]}}