{"id":83564,"date":"2018-04-26T18:23:23","date_gmt":"2018-04-26T18:23:23","guid":{"rendered":"http:\/\/www.irdin.org.br\/site\/produto\/a-tarefa-missionaria\/"},"modified":"2025-03-15T20:15:06","modified_gmt":"2025-03-15T20:15:06","slug":"a-tarefa-missionaria","status":"publish","type":"product","link":"https:\/\/www.irdin.org.br\/site\/produtos\/a-tarefa-missionaria\/","title":{"rendered":"A Tarefa Mission\u00e1ria"},"content":{"rendered":"<p><em>As miss\u00f5es espirituais refletindo na hist\u00f3ria humana \/ Das coloniza\u00e7\u00f5es a uma vis\u00e3o atual da forma de enfrentarmos necessidades vitais \/ Os cuidados para n\u00e3o se agredir as consci\u00eancias ao querer fazer-lhes o bem \/ Trabalhos mission\u00e1rios na Gr\u00e9cia, em regi\u00f5es ind\u00edgenas e em campos de refugiados no Brasil.<\/em><\/p>\n<p>&nbsp;<br \/>\n<strong>Ou\u00e7a agora:<\/strong><\/p>\n<p><span data-href=\"https:\/\/www.irdin.org.br\/site\/envios\/audios\/0041_0046__por_por__a_tarefa_missionaria.mp3\" data-title=\"a tarefa mission\u00e1ria\" data-rel=\"\" data-target=\"\" data-meta=\"#fap-meta-69e35b5c677ec\" class=\"fap-single-track fap-track-button fap-play-button\" data-enqueue=\"no\" data-autoenqueue=\"no\" title=\"a tarefa mission\u00e1ria\"><span class=\"fap-icon-play\"><\/span>Ouvir<\/span> <a href=\"https:\/\/www.irdin.org.br\/site\/envios\/audios\/0041_0046__por_por__a_tarefa_missionaria.mp3\" class=\"baixar\" download><span class=\"fa fa-arrow-down\"><\/span>Baixar<\/span><\/a> <span class=\"textobaixar\"> a tarefa mission\u00e1ria<\/span><\/p>\n<p>&nbsp;<\/p>\n","protected":false},"excerpt":{"rendered":"<p>As miss\u00f5es espirituais refletindo na hist\u00f3ria humana \/ Das coloniza\u00e7\u00f5es a uma vis\u00e3o atual da forma de enfrentarmos necessidades vitais<\/p>\n","protected":false},"featured_media":37803,"template":"","meta":{"_acf_changed":false},"product_brand":[],"product_cat":[18076,33068],"product_tag":[40431],"class_list":{"0":"post-83564","1":"product","2":"type-product","3":"status-publish","4":"has-post-thumbnail","6":"product_cat-cddvd","7":"product_cat-palestras","8":"product_tag-40431","9":"pa_autor-trigueirinho","10":"pa_codigo-da-serie-32815","11":"pa_codigo-externo-00410046porporcd","12":"pa_data-de-gravacao-33110","13":"pa_duracao-69-min","14":"pa_idioma-de-destino-portugues","15":"pa_idioma-de-origem-portugues","16":"pa_lancamento-yes","17":"pa_midia-cd","18":"pa_moac-40430","19":"pa_quantidade-de-saldo-33067","20":"pa_sequencial-da-serie-31922","21":"pa_tipo-de-traducao-nao-classificado","23":"first","24":"outofstock","25":"product-type-simple"},"acf":[],"_links":{"self":[{"href":"https:\/\/www.irdin.org.br\/site\/wp-json\/wp\/v2\/product\/83564","targetHints":{"allow":["GET"]}}],"collection":[{"href":"https:\/\/www.irdin.org.br\/site\/wp-json\/wp\/v2\/product"}],"about":[{"href":"https:\/\/www.irdin.org.br\/site\/wp-json\/wp\/v2\/types\/product"}],"version-history":[{"count":1,"href":"https:\/\/www.irdin.org.br\/site\/wp-json\/wp\/v2\/product\/83564\/revisions"}],"predecessor-version":[{"id":108691,"href":"https:\/\/www.irdin.org.br\/site\/wp-json\/wp\/v2\/product\/83564\/revisions\/108691"}],"wp:featuredmedia":[{"embeddable":true,"href":"https:\/\/www.irdin.org.br\/site\/wp-json\/wp\/v2\/media\/37803"}],"wp:attachment":[{"href":"https:\/\/www.irdin.org.br\/site\/wp-json\/wp\/v2\/media?parent=83564"}],"wp:term":[{"taxonomy":"product_brand","embeddable":true,"href":"https:\/\/www.irdin.org.br\/site\/wp-json\/wp\/v2\/product_brand?post=83564"},{"taxonomy":"product_cat","embeddable":true,"href":"https:\/\/www.irdin.org.br\/site\/wp-json\/wp\/v2\/product_cat?post=83564"},{"taxonomy":"product_tag","embeddable":true,"href":"https:\/\/www.irdin.org.br\/site\/wp-json\/wp\/v2\/product_tag?post=83564"}],"curies":[{"name":"wp","href":"https:\/\/api.w.org\/{rel}","templated":true}]}}