{"id":83567,"date":"2018-04-26T18:23:23","date_gmt":"2018-04-26T18:23:23","guid":{"rendered":"http:\/\/www.irdin.org.br\/site\/produto\/causas-da-insanidade-mental-segundo-maria\/"},"modified":"2025-03-15T20:15:39","modified_gmt":"2025-03-15T20:15:39","slug":"causas-da-insanidade-mental-segundo-maria","status":"publish","type":"product","link":"https:\/\/www.irdin.org.br\/site\/produtos\/causas-da-insanidade-mental-segundo-maria\/","title":{"rendered":"Causas da insanidade mental segundo Maria"},"content":{"rendered":"<p><em>Uma poderosa s\u00edntese sobre a eleva\u00e7\u00e3o de nossos relacionamentos: de \u00b4amigos\u00b4 passarmos a \u00b4irm\u00e3os espirituais\u00b4 \/ Pontos inertes e enfermos na humanidade atual \/ Fatores que afetam a sanidade mental \/ Como transformarmos a Lei da Economia, que \u00e9 c\u00f3smica e perfeita, na economia terrestre \/ Nossa comunh\u00e3o com a Cria\u00e7\u00e3o e com a Natureza.<\/em><\/p>\n<p>&nbsp;<br \/>\n<strong>Ou\u00e7a agora:<\/strong><\/p>\n<p><span data-href=\"https:\/\/www.irdin.org.br\/site\/envios\/audios\/2895_0010__por_por__causas_da_insanidade_mental_segundo_maria.mp3\" data-title=\"causas da insanidade mental segundo maria\" data-rel=\"\" data-target=\"\" data-meta=\"#fap-meta-6a055c531f18d\" class=\"fap-single-track fap-track-button fap-play-button\" data-enqueue=\"no\" data-autoenqueue=\"no\" title=\"causas da insanidade mental segundo maria\"><span class=\"fap-icon-play\"><\/span>Ouvir<\/span> <a href=\"https:\/\/www.irdin.org.br\/site\/envios\/audios\/2895_0010__por_por__causas_da_insanidade_mental_segundo_maria.mp3\" class=\"baixar\" download><span class=\"fa fa-arrow-down\"><\/span>Baixar<\/span><\/a> <span class=\"textobaixar\"> causas da insanidade mental segundo maria<\/span><\/p>\n<p>&nbsp;<\/p>\n","protected":false},"excerpt":{"rendered":"<p>Uma poderosa s\u00edntese sobre a eleva\u00e7\u00e3o de nossos relacionamentos: de \u00b4amigos\u00b4 passarmos a \u00b4irm\u00e3os espirituais\u00b4 \/ Pontos inertes e enfermos<\/p>\n","protected":false},"featured_media":37803,"template":"","meta":{"_acf_changed":false},"product_brand":[],"product_cat":[18076,33068],"product_tag":[40437],"class_list":{"0":"post-83567","1":"product","2":"type-product","3":"status-publish","4":"has-post-thumbnail","6":"product_cat-cddvd","7":"product_cat-palestras","8":"product_tag-40437","9":"pa_autor-trigueirinho","10":"pa_codigo-da-serie-28538","11":"pa_codigo-externo-28950010porporcd","12":"pa_data-de-gravacao-32992","13":"pa_duracao-69-min","14":"pa_idioma-de-destino-portugues","15":"pa_idioma-de-origem-portugues","16":"pa_lancamento-yes","17":"pa_midia-cd","18":"pa_moac-40436","19":"pa_quantidade-de-saldo-33067","20":"pa_sequencial-da-serie-31890","21":"pa_tipo-de-traducao-nao-classificado","23":"first","24":"outofstock","25":"product-type-simple"},"acf":[],"_links":{"self":[{"href":"https:\/\/www.irdin.org.br\/site\/wp-json\/wp\/v2\/product\/83567","targetHints":{"allow":["GET"]}}],"collection":[{"href":"https:\/\/www.irdin.org.br\/site\/wp-json\/wp\/v2\/product"}],"about":[{"href":"https:\/\/www.irdin.org.br\/site\/wp-json\/wp\/v2\/types\/product"}],"version-history":[{"count":1,"href":"https:\/\/www.irdin.org.br\/site\/wp-json\/wp\/v2\/product\/83567\/revisions"}],"predecessor-version":[{"id":108694,"href":"https:\/\/www.irdin.org.br\/site\/wp-json\/wp\/v2\/product\/83567\/revisions\/108694"}],"wp:featuredmedia":[{"embeddable":true,"href":"https:\/\/www.irdin.org.br\/site\/wp-json\/wp\/v2\/media\/37803"}],"wp:attachment":[{"href":"https:\/\/www.irdin.org.br\/site\/wp-json\/wp\/v2\/media?parent=83567"}],"wp:term":[{"taxonomy":"product_brand","embeddable":true,"href":"https:\/\/www.irdin.org.br\/site\/wp-json\/wp\/v2\/product_brand?post=83567"},{"taxonomy":"product_cat","embeddable":true,"href":"https:\/\/www.irdin.org.br\/site\/wp-json\/wp\/v2\/product_cat?post=83567"},{"taxonomy":"product_tag","embeddable":true,"href":"https:\/\/www.irdin.org.br\/site\/wp-json\/wp\/v2\/product_tag?post=83567"}],"curies":[{"name":"wp","href":"https:\/\/api.w.org\/{rel}","templated":true}]}}