{"id":83569,"date":"2018-04-26T18:23:23","date_gmt":"2018-04-26T18:23:23","guid":{"rendered":"http:\/\/www.irdin.org.br\/site\/produto\/acompanhando-consciencias-maiores-1a-e-2a-partes\/"},"modified":"2025-03-15T20:16:02","modified_gmt":"2025-03-15T20:16:02","slug":"acompanhando-consciencias-maiores-1a-e-2a-partes","status":"publish","type":"product","link":"https:\/\/www.irdin.org.br\/site\/produtos\/acompanhando-consciencias-maiores-1a-e-2a-partes\/","title":{"rendered":"Acompanhando Consci\u00eancias Maiores &#8211; 1\u00aa e 2\u00aa partes"},"content":{"rendered":"<p><em>O tema da ren\u00fancia visto por dois Mensageiros Divinos: Maria, Rosa da Paz, atrav\u00e9s do vidente Frei El\u00edas del Sagrado Coraz\u00f3n; e S\u00e3o Jos\u00e9 Cast\u00edssimo, atrav\u00e9s da vidente Irm\u00e3 Luc\u00eda de Jes\u00fas \/ 1\u00aa parte: mensagem de Maria de 25\/1\/2017 e mensagem de S\u00e3o Jos\u00e9 de 27\/1\/2017 \/ 2\u00aa parte: mensagem de S\u00e3o Jos\u00e9 de 11\/2\/2016.<\/em><\/p>\n<p>&nbsp;<br \/>\n<strong>Ou\u00e7a agora:<\/strong><\/p>\n<p><span data-href=\"https:\/\/www.irdin.org.br\/site\/envios\/audios\/0035_0019__por_por__acompanhando_consciencias_maiores_1_e_2_parte.mp3\" data-title=\"Acompanhando Consci\u00eancias Maiores - 1\u00aa e 2\u00aa partes\" data-rel=\"\" data-target=\"\" data-meta=\"#fap-meta-69e76ccb2fb35\" class=\"fap-single-track fap-track-button fap-play-button\" data-enqueue=\"no\" data-autoenqueue=\"no\" title=\"Acompanhando Consci\u00eancias Maiores - 1\u00aa e 2\u00aa partes\"><span class=\"fap-icon-play\"><\/span>Ouvir<\/span> <a href=\"https:\/\/www.irdin.org.br\/site\/envios\/audios\/0035_0019__por_por__acompanhando_consciencias_maiores_1_e_2_parte.mp3\" class=\"baixar\" download><span class=\"fa fa-arrow-down\"><\/span>Baixar<\/span><\/a> <span class=\"textobaixar\"> Acompanhando Consci\u00eancias Maiores &#8211; 1\u00aa e 2\u00aa partes<\/span><\/p>\n<p>&nbsp;<\/p>\n","protected":false},"excerpt":{"rendered":"<p>O tema da ren\u00fancia visto por dois Mensageiros Divinos: Maria, Rosa da Paz, atrav\u00e9s do vidente Frei El\u00edas del Sagrado<\/p>\n","protected":false},"featured_media":37803,"template":"","meta":{"_acf_changed":false},"product_brand":[],"product_cat":[18076,33068],"product_tag":[40441],"class_list":{"0":"post-83569","1":"product","2":"type-product","3":"status-publish","4":"has-post-thumbnail","6":"product_cat-cddvd","7":"product_cat-palestras","8":"product_tag-40441","9":"pa_autor-trigueirinho","10":"pa_codigo-da-serie-32809","11":"pa_codigo-externo-00350019porporcd","12":"pa_data-de-gravacao-33121","13":"pa_duracao-69-min","14":"pa_idioma-de-destino-portugues","15":"pa_idioma-de-origem-portugues","16":"pa_lancamento-yes","17":"pa_midia-cd","18":"pa_moac-40440","19":"pa_quantidade-de-saldo-33067","20":"pa_sequencial-da-serie-31872","21":"pa_tipo-de-traducao-nao-classificado","23":"first","24":"outofstock","25":"product-type-simple"},"acf":[],"_links":{"self":[{"href":"https:\/\/www.irdin.org.br\/site\/wp-json\/wp\/v2\/product\/83569","targetHints":{"allow":["GET"]}}],"collection":[{"href":"https:\/\/www.irdin.org.br\/site\/wp-json\/wp\/v2\/product"}],"about":[{"href":"https:\/\/www.irdin.org.br\/site\/wp-json\/wp\/v2\/types\/product"}],"version-history":[{"count":3,"href":"https:\/\/www.irdin.org.br\/site\/wp-json\/wp\/v2\/product\/83569\/revisions"}],"predecessor-version":[{"id":107531,"href":"https:\/\/www.irdin.org.br\/site\/wp-json\/wp\/v2\/product\/83569\/revisions\/107531"}],"wp:featuredmedia":[{"embeddable":true,"href":"https:\/\/www.irdin.org.br\/site\/wp-json\/wp\/v2\/media\/37803"}],"wp:attachment":[{"href":"https:\/\/www.irdin.org.br\/site\/wp-json\/wp\/v2\/media?parent=83569"}],"wp:term":[{"taxonomy":"product_brand","embeddable":true,"href":"https:\/\/www.irdin.org.br\/site\/wp-json\/wp\/v2\/product_brand?post=83569"},{"taxonomy":"product_cat","embeddable":true,"href":"https:\/\/www.irdin.org.br\/site\/wp-json\/wp\/v2\/product_cat?post=83569"},{"taxonomy":"product_tag","embeddable":true,"href":"https:\/\/www.irdin.org.br\/site\/wp-json\/wp\/v2\/product_tag?post=83569"}],"curies":[{"name":"wp","href":"https:\/\/api.w.org\/{rel}","templated":true}]}}