{"id":83596,"date":"2018-04-26T18:23:42","date_gmt":"2018-04-26T18:23:42","guid":{"rendered":"http:\/\/www.irdin.org.br\/site\/produto\/o-mundo-da-ignorancia-e-como-deixa-lo\/"},"modified":"2025-03-15T20:12:55","modified_gmt":"2025-03-15T20:12:55","slug":"o-mundo-da-ignorancia-e-como-deixa-lo","status":"publish","type":"product","link":"https:\/\/www.irdin.org.br\/site\/produtos\/o-mundo-da-ignorancia-e-como-deixa-lo\/","title":{"rendered":"O mundo da ignor\u00e2ncia e como deix\u00e1-lo"},"content":{"rendered":"<p><em>Coisa dif\u00edcil no caminho \u00e9 anular o mecanismo do desejo \/ O que impede o Amor de estabelecer seu reino nesta Terra \/ Desapego, rejei\u00e7\u00e3o e mente silenciosa podem nos libertar dos impulsos naturais \/ O valor da castidade como energia, nos n\u00edveis mental, emocional e f\u00edsico \/ Um contato com o yoga de Sri Aurobindo<\/em><\/p>\n<p>&nbsp;<br \/>\n<strong>Ou\u00e7a agora:<\/strong><\/p>\n<p><span data-href=\"https:\/\/www.irdin.org.br\/site\/envios\/audios\/0031_0021__por_por__o_mundo_da_ignorancia_e_como_deixa_lo.mp3\" data-title=\"o mundo da ignor\u00e2ncia e como deix\u00e1-lo\" data-rel=\"\" data-target=\"\" data-meta=\"#fap-meta-69e1931b8417d\" class=\"fap-single-track fap-track-button fap-play-button\" data-enqueue=\"no\" data-autoenqueue=\"no\" title=\"o mundo da ignor\u00e2ncia e como deix\u00e1-lo\"><span class=\"fap-icon-play\"><\/span>Ouvir<\/span> <a href=\"https:\/\/www.irdin.org.br\/site\/envios\/audios\/0031_0021__por_por__o_mundo_da_ignorancia_e_como_deixa_lo.mp3\" class=\"baixar\" download><span class=\"fa fa-arrow-down\"><\/span>Baixar<\/span><\/a> <span class=\"textobaixar\"> o mundo da ignor\u00e2ncia e como deix\u00e1-lo<\/span><\/p>\n<p>&nbsp;<\/p>\n","protected":false},"excerpt":{"rendered":"<p>Coisa dif\u00edcil no caminho \u00e9 anular o mecanismo do desejo \/ O que impede o Amor de estabelecer seu reino<\/p>\n","protected":false},"featured_media":37803,"template":"","meta":{"_acf_changed":false},"product_brand":[],"product_cat":[18076,33068],"product_tag":[40495],"class_list":{"0":"post-83596","1":"product","2":"type-product","3":"status-publish","4":"has-post-thumbnail","6":"product_cat-cddvd","7":"product_cat-palestras","8":"product_tag-40495","9":"pa_autor-trigueirinho","10":"pa_codigo-da-serie-32787","11":"pa_data-de-gravacao-30676","12":"pa_idioma-de-destino-portugues","13":"pa_lancamento-no","14":"pa_midia-cd","15":"pa_moac-40494","16":"pa_quantidade-de-saldo-33067","17":"pa_sequencial-da-serie-31874","18":"pa_tipo-de-traducao-nao-classificado","20":"first","21":"outofstock","22":"product-type-simple"},"acf":[],"_links":{"self":[{"href":"https:\/\/www.irdin.org.br\/site\/wp-json\/wp\/v2\/product\/83596","targetHints":{"allow":["GET"]}}],"collection":[{"href":"https:\/\/www.irdin.org.br\/site\/wp-json\/wp\/v2\/product"}],"about":[{"href":"https:\/\/www.irdin.org.br\/site\/wp-json\/wp\/v2\/types\/product"}],"version-history":[{"count":1,"href":"https:\/\/www.irdin.org.br\/site\/wp-json\/wp\/v2\/product\/83596\/revisions"}],"predecessor-version":[{"id":108683,"href":"https:\/\/www.irdin.org.br\/site\/wp-json\/wp\/v2\/product\/83596\/revisions\/108683"}],"wp:featuredmedia":[{"embeddable":true,"href":"https:\/\/www.irdin.org.br\/site\/wp-json\/wp\/v2\/media\/37803"}],"wp:attachment":[{"href":"https:\/\/www.irdin.org.br\/site\/wp-json\/wp\/v2\/media?parent=83596"}],"wp:term":[{"taxonomy":"product_brand","embeddable":true,"href":"https:\/\/www.irdin.org.br\/site\/wp-json\/wp\/v2\/product_brand?post=83596"},{"taxonomy":"product_cat","embeddable":true,"href":"https:\/\/www.irdin.org.br\/site\/wp-json\/wp\/v2\/product_cat?post=83596"},{"taxonomy":"product_tag","embeddable":true,"href":"https:\/\/www.irdin.org.br\/site\/wp-json\/wp\/v2\/product_tag?post=83596"}],"curies":[{"name":"wp","href":"https:\/\/api.w.org\/{rel}","templated":true}]}}