{"id":83597,"date":"2018-04-26T18:23:42","date_gmt":"2018-04-26T18:23:42","guid":{"rendered":"http:\/\/www.irdin.org.br\/site\/produto\/chamado-a-libertacao\/"},"modified":"2025-03-15T20:13:08","modified_gmt":"2025-03-15T20:13:08","slug":"chamado-a-libertacao","status":"publish","type":"product","link":"https:\/\/www.irdin.org.br\/site\/produtos\/chamado-a-libertacao\/","title":{"rendered":"Chamado \u00e0 liberta\u00e7\u00e3o"},"content":{"rendered":"<p><em>Importantes constata\u00e7\u00f5es diante de tr\u00eas atributos do Monast\u00e9rio \/ Nascer a cada instante \/ Preservar os impulsos c\u00f3smicos para a eleva\u00e7\u00e3o \/ Descobrir a liberta\u00e7\u00e3o no cumprimento obediente de cada etapa<\/em><\/p>\n<p>&nbsp;<br \/>\n<strong>Ou\u00e7a agora:<\/strong><\/p>\n<p><span data-href=\"https:\/\/www.irdin.org.br\/site\/envios\/audios\/0031_0022__por_por__chamado_a_libertacao.mp3\" data-title=\"chamado \u00e0 liberta\u00e7\u00e3o\" data-rel=\"\" data-target=\"\" data-meta=\"#fap-meta-69e17d348e297\" class=\"fap-single-track fap-track-button fap-play-button\" data-enqueue=\"no\" data-autoenqueue=\"no\" title=\"chamado \u00e0 liberta\u00e7\u00e3o\"><span class=\"fap-icon-play\"><\/span>Ouvir<\/span> <a href=\"https:\/\/www.irdin.org.br\/site\/envios\/audios\/0031_0022__por_por__chamado_a_libertacao.mp3\" class=\"baixar\" download><span class=\"fa fa-arrow-down\"><\/span>Baixar<\/span><\/a> <span class=\"textobaixar\"> chamado \u00e0 liberta\u00e7\u00e3o<\/span><\/p>\n<p>&nbsp;<\/p>\n","protected":false},"excerpt":{"rendered":"<p>Importantes constata\u00e7\u00f5es diante de tr\u00eas atributos do Monast\u00e9rio \/ Nascer a cada instante \/ Preservar os impulsos c\u00f3smicos para a<\/p>\n","protected":false},"featured_media":37803,"template":"","meta":{"_acf_changed":false},"product_brand":[],"product_cat":[18076,33068],"product_tag":[40497],"class_list":{"0":"post-83597","1":"product","2":"type-product","3":"status-publish","4":"has-post-thumbnail","6":"product_cat-cddvd","7":"product_cat-palestras","8":"product_tag-40497","9":"pa_autor-trigueirinho","10":"pa_codigo-da-serie-32787","11":"pa_data-de-gravacao-28043","12":"pa_idioma-de-destino-portugues","13":"pa_lancamento-no","14":"pa_midia-cd","15":"pa_moac-40496","16":"pa_quantidade-de-saldo-33067","17":"pa_sequencial-da-serie-31875","18":"pa_tipo-de-traducao-nao-classificado","20":"first","21":"outofstock","22":"product-type-simple"},"acf":[],"_links":{"self":[{"href":"https:\/\/www.irdin.org.br\/site\/wp-json\/wp\/v2\/product\/83597","targetHints":{"allow":["GET"]}}],"collection":[{"href":"https:\/\/www.irdin.org.br\/site\/wp-json\/wp\/v2\/product"}],"about":[{"href":"https:\/\/www.irdin.org.br\/site\/wp-json\/wp\/v2\/types\/product"}],"version-history":[{"count":1,"href":"https:\/\/www.irdin.org.br\/site\/wp-json\/wp\/v2\/product\/83597\/revisions"}],"predecessor-version":[{"id":108684,"href":"https:\/\/www.irdin.org.br\/site\/wp-json\/wp\/v2\/product\/83597\/revisions\/108684"}],"wp:featuredmedia":[{"embeddable":true,"href":"https:\/\/www.irdin.org.br\/site\/wp-json\/wp\/v2\/media\/37803"}],"wp:attachment":[{"href":"https:\/\/www.irdin.org.br\/site\/wp-json\/wp\/v2\/media?parent=83597"}],"wp:term":[{"taxonomy":"product_brand","embeddable":true,"href":"https:\/\/www.irdin.org.br\/site\/wp-json\/wp\/v2\/product_brand?post=83597"},{"taxonomy":"product_cat","embeddable":true,"href":"https:\/\/www.irdin.org.br\/site\/wp-json\/wp\/v2\/product_cat?post=83597"},{"taxonomy":"product_tag","embeddable":true,"href":"https:\/\/www.irdin.org.br\/site\/wp-json\/wp\/v2\/product_tag?post=83597"}],"curies":[{"name":"wp","href":"https:\/\/api.w.org\/{rel}","templated":true}]}}