{"id":83602,"date":"2018-04-26T18:24:01","date_gmt":"2018-04-26T18:24:01","guid":{"rendered":"http:\/\/www.irdin.org.br\/site\/produto\/differents-niveaux-de-lecture-spirituelle\/"},"modified":"2025-03-15T20:03:01","modified_gmt":"2025-03-15T20:03:01","slug":"differents-niveaux-de-lecture-spirituelle","status":"publish","type":"product","link":"https:\/\/www.irdin.org.br\/site\/produtos\/differents-niveaux-de-lecture-spirituelle\/","title":{"rendered":"Diff\u00e9rents Niveaux de Lecture Spirituelle"},"content":{"rendered":"<p><em>La lecture spirituelle nous aide \u00e0 identifier le prochain pas que nous avons \u00e0 faire et nous stimule pour avancer.<\/em><\/p>\n<p><strong>Ou\u00e7a agora:<\/strong><\/p>\n<p><span data-href=\"https:\/\/www.irdin.org.br\/site\/envios\/audios\/0032_0001__por_fra__differents_niveaux_de_lecture_spirituelle.mp3\" data-title=\"diff\u00e9rents niveaux de lecture spirituelle\" data-rel=\"\" data-target=\"\" data-meta=\"#fap-meta-69e3c3f6d3991\" class=\"fap-single-track fap-track-button fap-play-button\" data-enqueue=\"no\" data-autoenqueue=\"no\" title=\"diff\u00e9rents niveaux de lecture spirituelle\"><span class=\"fap-icon-play\"><\/span>Ouvir<\/span> <a class=\"baixar\" href=\"https:\/\/www.irdin.org.br\/site\/envios\/audios\/0032_0001__por_fra__differents_niveaux_de_lecture_spirituelle.mp3\" download=\"\">Baixar<\/a> <span class=\"textobaixar\"> diff\u00e9rents niveaux de lecture spirituelle<\/span><\/p>\n<p>&nbsp;<\/p>\n","protected":false},"excerpt":{"rendered":"<p>La lecture spirituelle nous aide \u00e0 identifier le prochain pas que nous avons \u00e0 faire et nous stimule pour avancer.<\/p>\n","protected":false},"featured_media":37803,"template":"","meta":{"_acf_changed":false},"product_brand":[],"product_cat":[18076,33068],"product_tag":[40507],"class_list":{"0":"post-83602","1":"product","2":"type-product","3":"status-publish","4":"has-post-thumbnail","6":"product_cat-cddvd","7":"product_cat-palestras","8":"product_tag-40507","9":"pa_autor-trigueirinho","10":"pa_codigo-da-serie-32788","11":"pa_data-de-gravacao-20820","12":"pa_idioma-de-destino-frances","13":"pa_lancamento-no","14":"pa_midia-cd","15":"pa_moac-40506","16":"pa_quantidade-de-saldo-33067","17":"pa_sequencial-da-serie-31877","18":"pa_tipo-de-traducao-nao-classificado","20":"first","21":"outofstock","22":"product-type-simple"},"acf":[],"_links":{"self":[{"href":"https:\/\/www.irdin.org.br\/site\/wp-json\/wp\/v2\/product\/83602","targetHints":{"allow":["GET"]}}],"collection":[{"href":"https:\/\/www.irdin.org.br\/site\/wp-json\/wp\/v2\/product"}],"about":[{"href":"https:\/\/www.irdin.org.br\/site\/wp-json\/wp\/v2\/types\/product"}],"version-history":[{"count":2,"href":"https:\/\/www.irdin.org.br\/site\/wp-json\/wp\/v2\/product\/83602\/revisions"}],"predecessor-version":[{"id":108650,"href":"https:\/\/www.irdin.org.br\/site\/wp-json\/wp\/v2\/product\/83602\/revisions\/108650"}],"wp:featuredmedia":[{"embeddable":true,"href":"https:\/\/www.irdin.org.br\/site\/wp-json\/wp\/v2\/media\/37803"}],"wp:attachment":[{"href":"https:\/\/www.irdin.org.br\/site\/wp-json\/wp\/v2\/media?parent=83602"}],"wp:term":[{"taxonomy":"product_brand","embeddable":true,"href":"https:\/\/www.irdin.org.br\/site\/wp-json\/wp\/v2\/product_brand?post=83602"},{"taxonomy":"product_cat","embeddable":true,"href":"https:\/\/www.irdin.org.br\/site\/wp-json\/wp\/v2\/product_cat?post=83602"},{"taxonomy":"product_tag","embeddable":true,"href":"https:\/\/www.irdin.org.br\/site\/wp-json\/wp\/v2\/product_tag?post=83602"}],"curies":[{"name":"wp","href":"https:\/\/api.w.org\/{rel}","templated":true}]}}