{"id":83606,"date":"2018-04-26T18:24:01","date_gmt":"2018-04-26T18:24:01","guid":{"rendered":"http:\/\/www.irdin.org.br\/site\/produto\/o-nascimento-da-humanidade-futura\/"},"modified":"2025-03-15T20:04:11","modified_gmt":"2025-03-15T20:04:11","slug":"o-nascimento-da-humanidade-futura","status":"publish","type":"product","link":"https:\/\/www.irdin.org.br\/site\/produtos\/o-nascimento-da-humanidade-futura\/","title":{"rendered":"O nascimento da humanidade futura"},"content":{"rendered":"<p><em>A transcend\u00eancia da ilus\u00e3o mental e emocional e o ingresso a n\u00edveis de consci\u00eancia em que realmente temos o nosso ser.<\/em><\/p>\n<p>&nbsp;<br \/>\n<strong>Ou\u00e7a agora:<\/strong><\/p>\n<p><span data-href=\"https:\/\/www.irdin.org.br\/site\/envios\/audios\/0032_0008__por_por__o_nascimento_da_humanidade_futura.mp3\" data-title=\"o nascimento da humanidade futura\" data-rel=\"\" data-target=\"\" data-meta=\"#fap-meta-69f3c0b833c41\" class=\"fap-single-track fap-track-button fap-play-button\" data-enqueue=\"no\" data-autoenqueue=\"no\" title=\"o nascimento da humanidade futura\"><span class=\"fap-icon-play\"><\/span>Ouvir<\/span> <a href=\"https:\/\/www.irdin.org.br\/site\/envios\/audios\/0032_0008__por_por__o_nascimento_da_humanidade_futura.mp3\" class=\"baixar\" download><span class=\"fa fa-arrow-down\"><\/span>Baixar<\/span><\/a> <span class=\"textobaixar\"> o nascimento da humanidade futura<\/span><\/p>\n<p>&nbsp;<\/p>\n","protected":false},"excerpt":{"rendered":"<p>A transcend\u00eancia da ilus\u00e3o mental e emocional e o ingresso a n\u00edveis de consci\u00eancia em que realmente temos o nosso<\/p>\n","protected":false},"featured_media":37803,"template":"","meta":{"_acf_changed":false},"product_brand":[],"product_cat":[18076,33068],"product_tag":[40515],"class_list":{"0":"post-83606","1":"product","2":"type-product","3":"status-publish","4":"has-post-thumbnail","6":"product_cat-cddvd","7":"product_cat-palestras","8":"product_tag-40515","9":"pa_autor-trigueirinho","10":"pa_codigo-da-serie-32788","11":"pa_codigo-externo-00320008porcd","12":"pa_data-de-gravacao-30705","13":"pa_duracao-51min","14":"pa_idioma-de-destino-portugues","15":"pa_idioma-de-origem-portugues","16":"pa_lancamento-no","17":"pa_midia-cd","18":"pa_moac-40514","19":"pa_quantidade-de-saldo-33067","20":"pa_sequencial-da-serie-31888","21":"pa_tipo-de-traducao-nao-classificado","23":"first","24":"outofstock","25":"product-type-simple"},"acf":[],"_links":{"self":[{"href":"https:\/\/www.irdin.org.br\/site\/wp-json\/wp\/v2\/product\/83606","targetHints":{"allow":["GET"]}}],"collection":[{"href":"https:\/\/www.irdin.org.br\/site\/wp-json\/wp\/v2\/product"}],"about":[{"href":"https:\/\/www.irdin.org.br\/site\/wp-json\/wp\/v2\/types\/product"}],"version-history":[{"count":1,"href":"https:\/\/www.irdin.org.br\/site\/wp-json\/wp\/v2\/product\/83606\/revisions"}],"predecessor-version":[{"id":108654,"href":"https:\/\/www.irdin.org.br\/site\/wp-json\/wp\/v2\/product\/83606\/revisions\/108654"}],"wp:featuredmedia":[{"embeddable":true,"href":"https:\/\/www.irdin.org.br\/site\/wp-json\/wp\/v2\/media\/37803"}],"wp:attachment":[{"href":"https:\/\/www.irdin.org.br\/site\/wp-json\/wp\/v2\/media?parent=83606"}],"wp:term":[{"taxonomy":"product_brand","embeddable":true,"href":"https:\/\/www.irdin.org.br\/site\/wp-json\/wp\/v2\/product_brand?post=83606"},{"taxonomy":"product_cat","embeddable":true,"href":"https:\/\/www.irdin.org.br\/site\/wp-json\/wp\/v2\/product_cat?post=83606"},{"taxonomy":"product_tag","embeddable":true,"href":"https:\/\/www.irdin.org.br\/site\/wp-json\/wp\/v2\/product_tag?post=83606"}],"curies":[{"name":"wp","href":"https:\/\/api.w.org\/{rel}","templated":true}]}}