{"id":83616,"date":"2018-04-26T18:24:01","date_gmt":"2018-04-26T18:24:01","guid":{"rendered":"http:\/\/www.irdin.org.br\/site\/produto\/as-chaves-de-ouro\/"},"modified":"2019-12-06T18:36:00","modified_gmt":"2019-12-06T18:36:00","slug":"as-chaves-de-ouro","status":"publish","type":"product","link":"https:\/\/www.irdin.org.br\/site\/produtos\/as-chaves-de-ouro\/","title":{"rendered":"As chaves de ouro"},"content":{"rendered":"<p><em>Existe a ra\u00e7a dos filhos da Luz, candidatos ao novo c\u00f3digo gen\u00e9tico que hoje est\u00e1 sendo implantado na consci\u00eancia.<\/em><\/p>\n<p>&nbsp;<br \/>\n<strong>Ou\u00e7a agora:<\/strong><\/p>\n<p><span data-href=\"https:\/\/www.irdin.org.br\/site\/envios\/audios\/0032_0028__por_por__as_chaves_de_ouro.mp3\" data-title=\"as chaves de ouro\" data-rel=\"\" data-target=\"\" data-meta=\"#fap-meta-69e8a754af527\" class=\"fap-single-track fap-track-button fap-play-button\" data-enqueue=\"no\" data-autoenqueue=\"no\" title=\"as chaves de ouro\"><span class=\"fap-icon-play\"><\/span>Ouvir<\/span> <a href=\"https:\/\/www.irdin.org.br\/site\/envios\/audios\/0032_0028__por_por__as_chaves_de_ouro.mp3\" class=\"baixar\" download><span class=\"fa fa-arrow-down\"><\/span>Baixar<\/span><\/a> <span class=\"textobaixar\"> as chaves de ouro<\/span><\/p>\n<p>&nbsp;<\/p>\n","protected":false},"excerpt":{"rendered":"<p>Existe a ra\u00e7a dos filhos da Luz, candidatos ao novo c\u00f3digo gen\u00e9tico que hoje est\u00e1 sendo implantado na consci\u00eancia. &nbsp;<\/p>\n","protected":false},"featured_media":37803,"template":"","meta":{"_acf_changed":false},"product_brand":[],"product_cat":[18076,33068],"product_tag":[40535],"class_list":{"0":"post-83616","1":"product","2":"type-product","3":"status-publish","4":"has-post-thumbnail","6":"product_cat-cddvd","7":"product_cat-palestras","8":"product_tag-40535","9":"pa_autor-trigueirinho","10":"pa_codigo-da-serie-32788","11":"pa_codigo-externo-00320028porcd","12":"pa_data-de-gravacao-30756","13":"pa_duracao-47min","14":"pa_idioma-de-destino-portugues","15":"pa_idioma-de-origem-portugues","16":"pa_lancamento-no","17":"pa_midia-cd","18":"pa_moac-40534","19":"pa_quantidade-de-saldo-33067","20":"pa_sequencial-da-serie-31904","21":"pa_tipo-de-traducao-nao-classificado","23":"first","24":"outofstock","25":"product-type-simple"},"acf":[],"_links":{"self":[{"href":"https:\/\/www.irdin.org.br\/site\/wp-json\/wp\/v2\/product\/83616","targetHints":{"allow":["GET"]}}],"collection":[{"href":"https:\/\/www.irdin.org.br\/site\/wp-json\/wp\/v2\/product"}],"about":[{"href":"https:\/\/www.irdin.org.br\/site\/wp-json\/wp\/v2\/types\/product"}],"version-history":[{"count":0,"href":"https:\/\/www.irdin.org.br\/site\/wp-json\/wp\/v2\/product\/83616\/revisions"}],"wp:featuredmedia":[{"embeddable":true,"href":"https:\/\/www.irdin.org.br\/site\/wp-json\/wp\/v2\/media\/37803"}],"wp:attachment":[{"href":"https:\/\/www.irdin.org.br\/site\/wp-json\/wp\/v2\/media?parent=83616"}],"wp:term":[{"taxonomy":"product_brand","embeddable":true,"href":"https:\/\/www.irdin.org.br\/site\/wp-json\/wp\/v2\/product_brand?post=83616"},{"taxonomy":"product_cat","embeddable":true,"href":"https:\/\/www.irdin.org.br\/site\/wp-json\/wp\/v2\/product_cat?post=83616"},{"taxonomy":"product_tag","embeddable":true,"href":"https:\/\/www.irdin.org.br\/site\/wp-json\/wp\/v2\/product_tag?post=83616"}],"curies":[{"name":"wp","href":"https:\/\/api.w.org\/{rel}","templated":true}]}}