{"id":83617,"date":"2018-04-26T18:24:01","date_gmt":"2018-04-26T18:24:01","guid":{"rendered":"http:\/\/www.irdin.org.br\/site\/produto\/das-lutas-a-paz\/"},"modified":"2025-03-15T20:06:30","modified_gmt":"2025-03-15T20:06:30","slug":"das-lutas-a-paz","status":"publish","type":"product","link":"https:\/\/www.irdin.org.br\/site\/produtos\/das-lutas-a-paz\/","title":{"rendered":"Das lutas \u00e0 paz"},"content":{"rendered":"<p><em>Depois de estarmos em completa escurid\u00e3o e de servir em meio a essa escurid\u00e3o, entramos em uma vida de luz sempre crescente.<\/em><\/p>\n<p>&nbsp;<br \/>\n<strong>Ou\u00e7a agora:<\/strong><\/p>\n<p><span data-href=\"https:\/\/www.irdin.org.br\/site\/envios\/audios\/0032_0029__por_por__das_lutas_a_paz.mp3\" data-title=\"das lutas \u00e0 paz\" data-rel=\"\" data-target=\"\" data-meta=\"#fap-meta-69e3203973ea3\" class=\"fap-single-track fap-track-button fap-play-button\" data-enqueue=\"no\" data-autoenqueue=\"no\" title=\"das lutas \u00e0 paz\"><span class=\"fap-icon-play\"><\/span>Ouvir<\/span> <a href=\"https:\/\/www.irdin.org.br\/site\/envios\/audios\/0032_0029__por_por__das_lutas_a_paz.mp3\" class=\"baixar\" download><span class=\"fa fa-arrow-down\"><\/span>Baixar<\/span><\/a> <span class=\"textobaixar\"> das lutas \u00e0 paz<\/span><\/p>\n<p>&nbsp;<\/p>\n","protected":false},"excerpt":{"rendered":"<p>Depois de estarmos em completa escurid\u00e3o e de servir em meio a essa escurid\u00e3o, entramos em uma vida de luz<\/p>\n","protected":false},"featured_media":37803,"template":"","meta":{"_acf_changed":false},"product_brand":[],"product_cat":[18076,33068],"product_tag":[40537],"class_list":{"0":"post-83617","1":"product","2":"type-product","3":"status-publish","4":"has-post-thumbnail","6":"product_cat-cddvd","7":"product_cat-palestras","8":"product_tag-40537","9":"pa_autor-trigueirinho","10":"pa_codigo-da-serie-32788","11":"pa_data-de-gravacao-21082","12":"pa_idioma-de-destino-portugues","13":"pa_lancamento-no","14":"pa_midia-cd","15":"pa_moac-40536","16":"pa_quantidade-de-saldo-33067","17":"pa_sequencial-da-serie-31905","18":"pa_tipo-de-traducao-nao-classificado","20":"first","21":"outofstock","22":"product-type-simple"},"acf":[],"_links":{"self":[{"href":"https:\/\/www.irdin.org.br\/site\/wp-json\/wp\/v2\/product\/83617","targetHints":{"allow":["GET"]}}],"collection":[{"href":"https:\/\/www.irdin.org.br\/site\/wp-json\/wp\/v2\/product"}],"about":[{"href":"https:\/\/www.irdin.org.br\/site\/wp-json\/wp\/v2\/types\/product"}],"version-history":[{"count":1,"href":"https:\/\/www.irdin.org.br\/site\/wp-json\/wp\/v2\/product\/83617\/revisions"}],"predecessor-version":[{"id":108664,"href":"https:\/\/www.irdin.org.br\/site\/wp-json\/wp\/v2\/product\/83617\/revisions\/108664"}],"wp:featuredmedia":[{"embeddable":true,"href":"https:\/\/www.irdin.org.br\/site\/wp-json\/wp\/v2\/media\/37803"}],"wp:attachment":[{"href":"https:\/\/www.irdin.org.br\/site\/wp-json\/wp\/v2\/media?parent=83617"}],"wp:term":[{"taxonomy":"product_brand","embeddable":true,"href":"https:\/\/www.irdin.org.br\/site\/wp-json\/wp\/v2\/product_brand?post=83617"},{"taxonomy":"product_cat","embeddable":true,"href":"https:\/\/www.irdin.org.br\/site\/wp-json\/wp\/v2\/product_cat?post=83617"},{"taxonomy":"product_tag","embeddable":true,"href":"https:\/\/www.irdin.org.br\/site\/wp-json\/wp\/v2\/product_tag?post=83617"}],"curies":[{"name":"wp","href":"https:\/\/api.w.org\/{rel}","templated":true}]}}