{"id":83620,"date":"2018-04-26T18:24:21","date_gmt":"2018-04-26T18:24:21","guid":{"rendered":"http:\/\/www.irdin.org.br\/site\/produto\/a-cura-da-humanidade\/"},"modified":"2025-03-15T19:58:15","modified_gmt":"2025-03-15T19:58:15","slug":"a-cura-da-humanidade","status":"publish","type":"product","link":"https:\/\/www.irdin.org.br\/site\/produtos\/a-cura-da-humanidade\/","title":{"rendered":"A Cura da Humanidade"},"content":{"rendered":"<p><em>\u00c0 medida que transcendemos a id\u00e9ia de tempo e espa\u00e7o, podemos passar a viver segundo o n\u00facleo interno da consci\u00eancia e retornar \u00e0 nossa origem c\u00f3smica.<\/em><\/p>\n<p>&nbsp;<br \/>\n<strong>Ou\u00e7a agora:<\/strong><\/p>\n<p><span data-href=\"https:\/\/www.irdin.org.br\/site\/envios\/audios\/0032_0031__por_por__a_cura_da_humanidade.mp3\" data-title=\"a cura da humanidade\" data-rel=\"\" data-target=\"\" data-meta=\"#fap-meta-69e27c27f3675\" class=\"fap-single-track fap-track-button fap-play-button\" data-enqueue=\"no\" data-autoenqueue=\"no\" title=\"a cura da humanidade\"><span class=\"fap-icon-play\"><\/span>Ouvir<\/span> <a href=\"https:\/\/www.irdin.org.br\/site\/envios\/audios\/0032_0031__por_por__a_cura_da_humanidade.mp3\" class=\"baixar\" download><span class=\"fa fa-arrow-down\"><\/span>Baixar<\/span><\/a> <span class=\"textobaixar\"> a cura da humanidade<\/span><\/p>\n<p>&nbsp;<\/p>\n","protected":false},"excerpt":{"rendered":"<p>\u00c0 medida que transcendemos a id\u00e9ia de tempo e espa\u00e7o, podemos passar a viver segundo o n\u00facleo interno da consci\u00eancia<\/p>\n","protected":false},"featured_media":37803,"template":"","meta":{"_acf_changed":false},"product_brand":[],"product_cat":[18076,33068],"product_tag":[40543],"class_list":{"0":"post-83620","1":"product","2":"type-product","3":"status-publish","4":"has-post-thumbnail","6":"product_cat-cddvd","7":"product_cat-palestras","8":"product_tag-40543","9":"pa_autor-trigueirinho","10":"pa_codigo-da-serie-32788","11":"pa_codigo-externo-00320031porcd","12":"pa_data-de-gravacao-21123","13":"pa_duracao-35min","14":"pa_idioma-de-destino-portugues","15":"pa_idioma-de-origem-portugues","16":"pa_lancamento-no","17":"pa_midia-cd","18":"pa_moac-40542","19":"pa_quantidade-de-saldo-33067","20":"pa_sequencial-da-serie-31907","21":"pa_tipo-de-traducao-nao-classificado","23":"first","24":"outofstock","25":"product-type-simple"},"acf":[],"_links":{"self":[{"href":"https:\/\/www.irdin.org.br\/site\/wp-json\/wp\/v2\/product\/83620","targetHints":{"allow":["GET"]}}],"collection":[{"href":"https:\/\/www.irdin.org.br\/site\/wp-json\/wp\/v2\/product"}],"about":[{"href":"https:\/\/www.irdin.org.br\/site\/wp-json\/wp\/v2\/types\/product"}],"version-history":[{"count":1,"href":"https:\/\/www.irdin.org.br\/site\/wp-json\/wp\/v2\/product\/83620\/revisions"}],"predecessor-version":[{"id":108629,"href":"https:\/\/www.irdin.org.br\/site\/wp-json\/wp\/v2\/product\/83620\/revisions\/108629"}],"wp:featuredmedia":[{"embeddable":true,"href":"https:\/\/www.irdin.org.br\/site\/wp-json\/wp\/v2\/media\/37803"}],"wp:attachment":[{"href":"https:\/\/www.irdin.org.br\/site\/wp-json\/wp\/v2\/media?parent=83620"}],"wp:term":[{"taxonomy":"product_brand","embeddable":true,"href":"https:\/\/www.irdin.org.br\/site\/wp-json\/wp\/v2\/product_brand?post=83620"},{"taxonomy":"product_cat","embeddable":true,"href":"https:\/\/www.irdin.org.br\/site\/wp-json\/wp\/v2\/product_cat?post=83620"},{"taxonomy":"product_tag","embeddable":true,"href":"https:\/\/www.irdin.org.br\/site\/wp-json\/wp\/v2\/product_tag?post=83620"}],"curies":[{"name":"wp","href":"https:\/\/api.w.org\/{rel}","templated":true}]}}