{"id":83623,"date":"2018-04-26T18:24:21","date_gmt":"2018-04-26T18:24:21","guid":{"rendered":"http:\/\/www.irdin.org.br\/site\/produto\/contatos-com-um-monasterio-intraterreno\/"},"modified":"2025-03-15T19:58:39","modified_gmt":"2025-03-15T19:58:39","slug":"contatos-com-um-monasterio-intraterreno","status":"publish","type":"product","link":"https:\/\/www.irdin.org.br\/site\/produtos\/contatos-com-um-monasterio-intraterreno\/","title":{"rendered":"Contatos com um monast\u00e9rio intraterreno"},"content":{"rendered":"<p><em>Para a vida exterior evoluir, \u00e9 preciso descobrir seu aspecto interno. Um monast\u00e9rio tem uma contraparte invis\u00edvel, assim como n\u00f3s. Que nos unamos ao lado espiritual da exist\u00eancia.<\/em><\/p>\n<p>&nbsp;<br \/>\n<strong>Ou\u00e7a agora:<\/strong><\/p>\n<p><span data-href=\"https:\/\/www.irdin.org.br\/site\/envios\/audios\/0032_0033__por_por__contatos_com_um_monasterio_intraterreno.mp3\" data-title=\"contatos com um monast\u00e9rio intraterreno\" data-rel=\"\" data-target=\"\" data-meta=\"#fap-meta-69e8a8c944f69\" class=\"fap-single-track fap-track-button fap-play-button\" data-enqueue=\"no\" data-autoenqueue=\"no\" title=\"contatos com um monast\u00e9rio intraterreno\"><span class=\"fap-icon-play\"><\/span>Ouvir<\/span> <a href=\"https:\/\/www.irdin.org.br\/site\/envios\/audios\/0032_0033__por_por__contatos_com_um_monasterio_intraterreno.mp3\" class=\"baixar\" download><span class=\"fa fa-arrow-down\"><\/span>Baixar<\/span><\/a> <span class=\"textobaixar\"> contatos com um monast\u00e9rio intraterreno<\/span><\/p>\n<p>&nbsp;<\/p>\n","protected":false},"excerpt":{"rendered":"<p>Para a vida exterior evoluir, \u00e9 preciso descobrir seu aspecto interno. Um monast\u00e9rio tem uma contraparte invis\u00edvel, assim como n\u00f3s.<\/p>\n","protected":false},"featured_media":37803,"template":"","meta":{"_acf_changed":false},"product_brand":[],"product_cat":[18076,33068],"product_tag":[40549],"class_list":{"0":"post-83623","1":"product","2":"type-product","3":"status-publish","4":"has-post-thumbnail","6":"product_cat-cddvd","7":"product_cat-palestras","8":"product_tag-40549","9":"pa_autor-trigueirinho","10":"pa_codigo-da-serie-32788","11":"pa_data-de-gravacao-30773","12":"pa_idioma-de-destino-portugues","13":"pa_lancamento-no","14":"pa_midia-cd","15":"pa_moac-40548","16":"pa_quantidade-de-saldo-33067","17":"pa_sequencial-da-serie-31909","18":"pa_tipo-de-traducao-nao-classificado","20":"first","21":"outofstock","22":"product-type-simple"},"acf":[],"_links":{"self":[{"href":"https:\/\/www.irdin.org.br\/site\/wp-json\/wp\/v2\/product\/83623","targetHints":{"allow":["GET"]}}],"collection":[{"href":"https:\/\/www.irdin.org.br\/site\/wp-json\/wp\/v2\/product"}],"about":[{"href":"https:\/\/www.irdin.org.br\/site\/wp-json\/wp\/v2\/types\/product"}],"version-history":[{"count":1,"href":"https:\/\/www.irdin.org.br\/site\/wp-json\/wp\/v2\/product\/83623\/revisions"}],"predecessor-version":[{"id":108631,"href":"https:\/\/www.irdin.org.br\/site\/wp-json\/wp\/v2\/product\/83623\/revisions\/108631"}],"wp:featuredmedia":[{"embeddable":true,"href":"https:\/\/www.irdin.org.br\/site\/wp-json\/wp\/v2\/media\/37803"}],"wp:attachment":[{"href":"https:\/\/www.irdin.org.br\/site\/wp-json\/wp\/v2\/media?parent=83623"}],"wp:term":[{"taxonomy":"product_brand","embeddable":true,"href":"https:\/\/www.irdin.org.br\/site\/wp-json\/wp\/v2\/product_brand?post=83623"},{"taxonomy":"product_cat","embeddable":true,"href":"https:\/\/www.irdin.org.br\/site\/wp-json\/wp\/v2\/product_cat?post=83623"},{"taxonomy":"product_tag","embeddable":true,"href":"https:\/\/www.irdin.org.br\/site\/wp-json\/wp\/v2\/product_tag?post=83623"}],"curies":[{"name":"wp","href":"https:\/\/api.w.org\/{rel}","templated":true}]}}