{"id":83630,"date":"2018-04-26T18:24:21","date_gmt":"2018-04-26T18:24:21","guid":{"rendered":"http:\/\/www.irdin.org.br\/site\/produto\/os-jardineiros-do-espaco\/"},"modified":"2025-03-15T20:00:27","modified_gmt":"2025-03-15T20:00:27","slug":"os-jardineiros-do-espaco","status":"publish","type":"product","link":"https:\/\/www.irdin.org.br\/site\/produtos\/os-jardineiros-do-espaco\/","title":{"rendered":"Os Jardineiros do Espa\u00e7o"},"content":{"rendered":"<p><em>Hierarquias c\u00f3smicas trazem-nos hoje, com a colabora\u00e7\u00e3o dos devas, um c\u00f3digo gen\u00e9tico imaterial que nos levar\u00e1 a expressar igualdade e fraternidade na face da Terra.<\/em><\/p>\n<p>&nbsp;<br \/>\n<strong>Ou\u00e7a agora:<\/strong><\/p>\n<p><span data-href=\"https:\/\/www.irdin.org.br\/site\/envios\/audios\/0032_0042__por_por__os_jardineiros_do_espaco.mp3\" data-title=\"os jardineiros do espa\u00e7o\" data-rel=\"\" data-target=\"\" data-meta=\"#fap-meta-69e3030d4b1fb\" class=\"fap-single-track fap-track-button fap-play-button\" data-enqueue=\"no\" data-autoenqueue=\"no\" title=\"os jardineiros do espa\u00e7o\"><span class=\"fap-icon-play\"><\/span>Ouvir<\/span> <a href=\"https:\/\/www.irdin.org.br\/site\/envios\/audios\/0032_0042__por_por__os_jardineiros_do_espaco.mp3\" class=\"baixar\"><span class=\"fa fa-arrow-down\"><\/span>Baixar<\/span><\/a> <span class=\"textobaixar\"> os jardineiros do espa\u00e7o<\/span><\/p>\n<p>&nbsp;<\/p>\n","protected":false},"excerpt":{"rendered":"<p>Hierarquias c\u00f3smicas trazem-nos hoje, com a colabora\u00e7\u00e3o dos devas, um c\u00f3digo gen\u00e9tico imaterial que nos levar\u00e1 a expressar igualdade e<\/p>\n","protected":false},"featured_media":37803,"template":"","meta":{"_acf_changed":false},"product_brand":[],"product_cat":[18076,33068],"product_tag":[40563],"class_list":{"0":"post-83630","1":"product","2":"type-product","3":"status-publish","4":"has-post-thumbnail","6":"product_cat-cddvd","7":"product_cat-palestras","8":"product_tag-40563","9":"pa_autor-trigueirinho","10":"pa_codigo-da-serie-32788","11":"pa_data-de-gravacao-26218","12":"pa_idioma-de-destino-portugues","13":"pa_lancamento-no","14":"pa_midia-cd","15":"pa_moac-40562","16":"pa_quantidade-de-saldo-33067","17":"pa_sequencial-da-serie-31918","18":"pa_tipo-de-traducao-nao-classificado","20":"first","21":"outofstock","22":"product-type-simple"},"acf":[],"_links":{"self":[{"href":"https:\/\/www.irdin.org.br\/site\/wp-json\/wp\/v2\/product\/83630","targetHints":{"allow":["GET"]}}],"collection":[{"href":"https:\/\/www.irdin.org.br\/site\/wp-json\/wp\/v2\/product"}],"about":[{"href":"https:\/\/www.irdin.org.br\/site\/wp-json\/wp\/v2\/types\/product"}],"version-history":[{"count":1,"href":"https:\/\/www.irdin.org.br\/site\/wp-json\/wp\/v2\/product\/83630\/revisions"}],"predecessor-version":[{"id":108638,"href":"https:\/\/www.irdin.org.br\/site\/wp-json\/wp\/v2\/product\/83630\/revisions\/108638"}],"wp:featuredmedia":[{"embeddable":true,"href":"https:\/\/www.irdin.org.br\/site\/wp-json\/wp\/v2\/media\/37803"}],"wp:attachment":[{"href":"https:\/\/www.irdin.org.br\/site\/wp-json\/wp\/v2\/media?parent=83630"}],"wp:term":[{"taxonomy":"product_brand","embeddable":true,"href":"https:\/\/www.irdin.org.br\/site\/wp-json\/wp\/v2\/product_brand?post=83630"},{"taxonomy":"product_cat","embeddable":true,"href":"https:\/\/www.irdin.org.br\/site\/wp-json\/wp\/v2\/product_cat?post=83630"},{"taxonomy":"product_tag","embeddable":true,"href":"https:\/\/www.irdin.org.br\/site\/wp-json\/wp\/v2\/product_tag?post=83630"}],"curies":[{"name":"wp","href":"https:\/\/api.w.org\/{rel}","templated":true}]}}