{"id":83631,"date":"2018-04-26T18:24:21","date_gmt":"2018-04-26T18:24:21","guid":{"rendered":"http:\/\/www.irdin.org.br\/site\/produto\/o-misterio-da-cruz-na-atual-transicao-planetaria\/"},"modified":"2025-03-15T20:00:42","modified_gmt":"2025-03-15T20:00:42","slug":"o-misterio-da-cruz-na-atual-transicao-planetaria","status":"publish","type":"product","link":"https:\/\/www.irdin.org.br\/site\/produtos\/o-misterio-da-cruz-na-atual-transicao-planetaria\/","title":{"rendered":"O mist\u00e9rio da cruz na atual transi\u00e7\u00e3o planet\u00e1ria"},"content":{"rendered":"<p><em>A cruz fixa simboliza equil\u00edbrio, equanimidade, auto-esquecimento, ren\u00fancia. Ao chegarmos ao seu centro, atingimos um estado superior.<\/em><\/p>\n<p>&nbsp;<br \/>\n<strong>Ou\u00e7a agora:<\/strong><\/p>\n<p><span data-href=\"https:\/\/www.irdin.org.br\/site\/envios\/audios\/0032_0043__por_por__o_misterio_da_cruz_na_atual_transicao_planetaria.mp3\" data-title=\"o mist\u00e9rio da cruz na atual transi\u00e7\u00e3o planet\u00e1ria\" data-rel=\"\" data-target=\"\" data-meta=\"#fap-meta-69f19d0570131\" class=\"fap-single-track fap-track-button fap-play-button\" data-enqueue=\"no\" data-autoenqueue=\"no\" title=\"o mist\u00e9rio da cruz na atual transi\u00e7\u00e3o planet\u00e1ria\"><span class=\"fap-icon-play\"><\/span>Ouvir<\/span> <a href=\"https:\/\/www.irdin.org.br\/site\/envios\/audios\/0032_0043__por_por__o_misterio_da_cruz_na_atual_transicao_planetaria.mp3\" class=\"baixar\" download><span class=\"fa fa-arrow-down\"><\/span>Baixar<\/span><\/a> <span class=\"textobaixar\"> o mist\u00e9rio da cruz na atual transi\u00e7\u00e3o planet\u00e1ria<\/span><\/p>\n<p>&nbsp;<\/p>\n","protected":false},"excerpt":{"rendered":"<p>A cruz fixa simboliza equil\u00edbrio, equanimidade, auto-esquecimento, ren\u00fancia. Ao chegarmos ao seu centro, atingimos um estado superior. &nbsp; Ou\u00e7a agora:<\/p>\n","protected":false},"featured_media":37803,"template":"","meta":{"_acf_changed":false},"product_brand":[],"product_cat":[18076,33068],"product_tag":[40565],"class_list":{"0":"post-83631","1":"product","2":"type-product","3":"status-publish","4":"has-post-thumbnail","6":"product_cat-cddvd","7":"product_cat-palestras","8":"product_tag-40565","9":"pa_autor-trigueirinho","10":"pa_codigo-da-serie-32788","11":"pa_codigo-externo-00320043porcd","12":"pa_data-de-gravacao-21346","13":"pa_duracao-34min","14":"pa_idioma-de-destino-portugues","15":"pa_idioma-de-origem-portugues","16":"pa_lancamento-no","17":"pa_midia-cd","18":"pa_moac-40564","19":"pa_quantidade-de-saldo-33067","20":"pa_sequencial-da-serie-31919","21":"pa_tipo-de-traducao-nao-classificado","23":"first","24":"outofstock","25":"product-type-simple"},"acf":[],"_links":{"self":[{"href":"https:\/\/www.irdin.org.br\/site\/wp-json\/wp\/v2\/product\/83631","targetHints":{"allow":["GET"]}}],"collection":[{"href":"https:\/\/www.irdin.org.br\/site\/wp-json\/wp\/v2\/product"}],"about":[{"href":"https:\/\/www.irdin.org.br\/site\/wp-json\/wp\/v2\/types\/product"}],"version-history":[{"count":1,"href":"https:\/\/www.irdin.org.br\/site\/wp-json\/wp\/v2\/product\/83631\/revisions"}],"predecessor-version":[{"id":108639,"href":"https:\/\/www.irdin.org.br\/site\/wp-json\/wp\/v2\/product\/83631\/revisions\/108639"}],"wp:featuredmedia":[{"embeddable":true,"href":"https:\/\/www.irdin.org.br\/site\/wp-json\/wp\/v2\/media\/37803"}],"wp:attachment":[{"href":"https:\/\/www.irdin.org.br\/site\/wp-json\/wp\/v2\/media?parent=83631"}],"wp:term":[{"taxonomy":"product_brand","embeddable":true,"href":"https:\/\/www.irdin.org.br\/site\/wp-json\/wp\/v2\/product_brand?post=83631"},{"taxonomy":"product_cat","embeddable":true,"href":"https:\/\/www.irdin.org.br\/site\/wp-json\/wp\/v2\/product_cat?post=83631"},{"taxonomy":"product_tag","embeddable":true,"href":"https:\/\/www.irdin.org.br\/site\/wp-json\/wp\/v2\/product_tag?post=83631"}],"curies":[{"name":"wp","href":"https:\/\/api.w.org\/{rel}","templated":true}]}}