{"id":83636,"date":"2018-04-26T18:24:21","date_gmt":"2018-04-26T18:24:21","guid":{"rendered":"http:\/\/www.irdin.org.br\/site\/produto\/a-hora-do-resgate\/"},"modified":"2025-03-15T20:01:43","modified_gmt":"2025-03-15T20:01:43","slug":"a-hora-do-resgate","status":"publish","type":"product","link":"https:\/\/www.irdin.org.br\/site\/produtos\/a-hora-do-resgate\/","title":{"rendered":"A hora do resgate"},"content":{"rendered":"<p><em>O nosso ingresso em n\u00edveis de consci\u00eancia elevados, al\u00e9m dos limites terrestres, onde estaremos mais libertos da ilus\u00e3o.<\/em><\/p>\n<p>&nbsp;<br \/>\n<strong>Ou\u00e7a agora:<\/strong><\/p>\n<p><span data-href=\"https:\/\/www.irdin.org.br\/site\/envios\/audios\/0032_0049__por_por__a_hora_do_resgate.mp3\" data-title=\"a hora do resgate\" data-rel=\"\" data-target=\"\" data-meta=\"#fap-meta-69e300e0cac50\" class=\"fap-single-track fap-track-button fap-play-button\" data-enqueue=\"no\" data-autoenqueue=\"no\" title=\"a hora do resgate\"><span class=\"fap-icon-play\"><\/span>Ouvir<\/span> <a href=\"https:\/\/www.irdin.org.br\/site\/envios\/audios\/0032_0049__por_por__a_hora_do_resgate.mp3\" class=\"baixar\" download><span class=\"fa fa-arrow-down\"><\/span>Baixar<\/span><\/a> <span class=\"textobaixar\"> a hora do resgate<\/span><\/p>\n<p>&nbsp;<\/p>\n","protected":false},"excerpt":{"rendered":"<p>O nosso ingresso em n\u00edveis de consci\u00eancia elevados, al\u00e9m dos limites terrestres, onde estaremos mais libertos da ilus\u00e3o. &nbsp; Ou\u00e7a<\/p>\n","protected":false},"featured_media":37803,"template":"","meta":{"_acf_changed":false},"product_brand":[],"product_cat":[18076,33068],"product_tag":[40575],"class_list":{"0":"post-83636","1":"product","2":"type-product","3":"status-publish","4":"has-post-thumbnail","6":"product_cat-cddvd","7":"product_cat-palestras","8":"product_tag-40575","9":"pa_autor-trigueirinho","10":"pa_codigo-da-serie-32788","11":"pa_codigo-externo-00320049porcd","12":"pa_data-de-gravacao-30813","13":"pa_duracao-47min","14":"pa_idioma-de-destino-portugues","15":"pa_idioma-de-origem-portugues","16":"pa_lancamento-no","17":"pa_midia-cd","18":"pa_moac-40574","19":"pa_quantidade-de-saldo-33067","20":"pa_sequencial-da-serie-31925","21":"pa_tipo-de-traducao-nao-classificado","23":"first","24":"outofstock","25":"product-type-simple"},"acf":[],"_links":{"self":[{"href":"https:\/\/www.irdin.org.br\/site\/wp-json\/wp\/v2\/product\/83636","targetHints":{"allow":["GET"]}}],"collection":[{"href":"https:\/\/www.irdin.org.br\/site\/wp-json\/wp\/v2\/product"}],"about":[{"href":"https:\/\/www.irdin.org.br\/site\/wp-json\/wp\/v2\/types\/product"}],"version-history":[{"count":1,"href":"https:\/\/www.irdin.org.br\/site\/wp-json\/wp\/v2\/product\/83636\/revisions"}],"predecessor-version":[{"id":108644,"href":"https:\/\/www.irdin.org.br\/site\/wp-json\/wp\/v2\/product\/83636\/revisions\/108644"}],"wp:featuredmedia":[{"embeddable":true,"href":"https:\/\/www.irdin.org.br\/site\/wp-json\/wp\/v2\/media\/37803"}],"wp:attachment":[{"href":"https:\/\/www.irdin.org.br\/site\/wp-json\/wp\/v2\/media?parent=83636"}],"wp:term":[{"taxonomy":"product_brand","embeddable":true,"href":"https:\/\/www.irdin.org.br\/site\/wp-json\/wp\/v2\/product_brand?post=83636"},{"taxonomy":"product_cat","embeddable":true,"href":"https:\/\/www.irdin.org.br\/site\/wp-json\/wp\/v2\/product_cat?post=83636"},{"taxonomy":"product_tag","embeddable":true,"href":"https:\/\/www.irdin.org.br\/site\/wp-json\/wp\/v2\/product_tag?post=83636"}],"curies":[{"name":"wp","href":"https:\/\/api.w.org\/{rel}","templated":true}]}}