{"id":83653,"date":"2018-04-26T18:24:40","date_gmt":"2018-04-26T18:24:40","guid":{"rendered":"http:\/\/www.irdin.org.br\/site\/produto\/o-senhor-do-mundo-e-o-instrutor-do-mundo\/"},"modified":"2025-03-15T19:56:41","modified_gmt":"2025-03-15T19:56:41","slug":"o-senhor-do-mundo-e-o-instrutor-do-mundo","status":"publish","type":"product","link":"https:\/\/www.irdin.org.br\/site\/produtos\/o-senhor-do-mundo-e-o-instrutor-do-mundo\/","title":{"rendered":"O Senhor do Mundo e o Instrutor do Mundo"},"content":{"rendered":"<p><em>Grandes mudan\u00e7as ocorrem hoje na Hierarquia planet\u00e1ria. Kuthullim, que no passado encarnou como S\u00e3o Francisco de Assis, assume a reg\u00eancia do planeta. Murielh, conhecido como Pio de Pietrelcina, assume a instru\u00e7\u00e3o para o mundo.<\/em><\/p>\n<p>&nbsp;<br \/>\n<strong>Ou\u00e7a agora:<\/strong><\/p>\n<p><span data-href=\"https:\/\/www.irdin.org.br\/site\/envios\/audios\/0035_0007__por_por__o_senhor_do_mundo_e_o_instrutor_do_mundo.mp3\" data-title=\"o senhor do mundo e o instrutor do mundo\" data-rel=\"\" data-target=\"\" data-meta=\"#fap-meta-69e1f71432d73\" class=\"fap-single-track fap-track-button fap-play-button\" data-enqueue=\"no\" data-autoenqueue=\"no\" title=\"o senhor do mundo e o instrutor do mundo\"><span class=\"fap-icon-play\"><\/span>Ouvir<\/span> <a href=\"https:\/\/www.irdin.org.br\/site\/envios\/audios\/0035_0007__por_por__o_senhor_do_mundo_e_o_instrutor_do_mundo.mp3\" class=\"baixar\" download><span class=\"fa fa-arrow-down\"><\/span>Baixar<\/span><\/a> <span class=\"textobaixar\"> o senhor do mundo e o instrutor do mundo<\/span><\/p>\n<p>&nbsp;<\/p>\n","protected":false},"excerpt":{"rendered":"<p>Grandes mudan\u00e7as ocorrem hoje na Hierarquia planet\u00e1ria. Kuthullim, que no passado encarnou como S\u00e3o Francisco de Assis, assume a reg\u00eancia<\/p>\n","protected":false},"featured_media":37803,"template":"","meta":{"_acf_changed":false},"product_brand":[],"product_cat":[18076,33068],"product_tag":[40607],"class_list":{"0":"post-83653","1":"product","2":"type-product","3":"status-publish","4":"has-post-thumbnail","6":"product_cat-cddvd","7":"product_cat-palestras","8":"product_tag-40607","9":"pa_autor-trigueirinho","10":"pa_codigo-da-serie-32809","11":"pa_data-de-gravacao-26594","12":"pa_idioma-de-destino-portugues","13":"pa_lancamento-no","14":"pa_midia-cd","15":"pa_moac-40606","16":"pa_quantidade-de-saldo-33067","17":"pa_sequencial-da-serie-31883","18":"pa_tipo-de-traducao-nao-classificado","20":"first","21":"outofstock","22":"product-type-simple"},"acf":[],"_links":{"self":[{"href":"https:\/\/www.irdin.org.br\/site\/wp-json\/wp\/v2\/product\/83653","targetHints":{"allow":["GET"]}}],"collection":[{"href":"https:\/\/www.irdin.org.br\/site\/wp-json\/wp\/v2\/product"}],"about":[{"href":"https:\/\/www.irdin.org.br\/site\/wp-json\/wp\/v2\/types\/product"}],"version-history":[{"count":1,"href":"https:\/\/www.irdin.org.br\/site\/wp-json\/wp\/v2\/product\/83653\/revisions"}],"predecessor-version":[{"id":108622,"href":"https:\/\/www.irdin.org.br\/site\/wp-json\/wp\/v2\/product\/83653\/revisions\/108622"}],"wp:featuredmedia":[{"embeddable":true,"href":"https:\/\/www.irdin.org.br\/site\/wp-json\/wp\/v2\/media\/37803"}],"wp:attachment":[{"href":"https:\/\/www.irdin.org.br\/site\/wp-json\/wp\/v2\/media?parent=83653"}],"wp:term":[{"taxonomy":"product_brand","embeddable":true,"href":"https:\/\/www.irdin.org.br\/site\/wp-json\/wp\/v2\/product_brand?post=83653"},{"taxonomy":"product_cat","embeddable":true,"href":"https:\/\/www.irdin.org.br\/site\/wp-json\/wp\/v2\/product_cat?post=83653"},{"taxonomy":"product_tag","embeddable":true,"href":"https:\/\/www.irdin.org.br\/site\/wp-json\/wp\/v2\/product_tag?post=83653"}],"curies":[{"name":"wp","href":"https:\/\/api.w.org\/{rel}","templated":true}]}}