{"id":83658,"date":"2018-04-26T18:24:59","date_gmt":"2018-04-26T18:24:59","guid":{"rendered":"http:\/\/www.irdin.org.br\/site\/produto\/a-luz-de-teresa-de-calcuta\/"},"modified":"2025-03-15T19:47:47","modified_gmt":"2025-03-15T19:47:47","slug":"a-luz-de-teresa-de-calcuta","status":"publish","type":"product","link":"https:\/\/www.irdin.org.br\/site\/produtos\/a-luz-de-teresa-de-calcuta\/","title":{"rendered":"A Luz de Teresa de Calcut\u00e1"},"content":{"rendered":"<p><em>Teresa de Calcut\u00e1 exorta-nos ao contato com a alma, para que energias superiores ingressem na aura do planeta. O servi\u00e7o silencioso \u00e9 o fruto esperado nos esp\u00edritos comprometidos com o Plano Evolutivo. Servindo, encontramos a paz.<\/em><\/p>\n<p>&nbsp;<br \/>\n<strong>Ou\u00e7a agora:<\/strong><\/p>\n<p><span data-href=\"https:\/\/www.irdin.org.br\/site\/envios\/audios\/0035_0013__por_por__a_luz_de_teresa_de_calcuta.mp3\" data-title=\"a luz de teresa de calcut\u00e1\" data-rel=\"\" data-target=\"\" data-meta=\"#fap-meta-69e3c70e81bec\" class=\"fap-single-track fap-track-button fap-play-button\" data-enqueue=\"no\" data-autoenqueue=\"no\" title=\"a luz de teresa de calcut\u00e1\"><span class=\"fap-icon-play\"><\/span>Ouvir<\/span> <a href=\"https:\/\/www.irdin.org.br\/site\/envios\/audios\/0035_0013__por_por__a_luz_de_teresa_de_calcuta.mp3\" class=\"baixar\" download><span class=\"fa fa-arrow-down\"><\/span>Baixar<\/span><\/a> <span class=\"textobaixar\"> a luz de teresa de calcut\u00e1<\/span><\/p>\n<p>&nbsp;<\/p>\n","protected":false},"excerpt":{"rendered":"<p>Teresa de Calcut\u00e1 exorta-nos ao contato com a alma, para que energias superiores ingressem na aura do planeta. O servi\u00e7o<\/p>\n","protected":false},"featured_media":37803,"template":"","meta":{"_acf_changed":false},"product_brand":[],"product_cat":[18076,33068],"product_tag":[40617],"class_list":{"0":"post-83658","1":"product","2":"type-product","3":"status-publish","4":"has-post-thumbnail","6":"product_cat-cddvd","7":"product_cat-palestras","8":"product_tag-40617","9":"pa_autor-trigueirinho","10":"pa_codigo-da-serie-32809","11":"pa_data-de-gravacao-31013","12":"pa_idioma-de-destino-portugues","13":"pa_lancamento-no","14":"pa_midia-cd","15":"pa_moac-40616","16":"pa_quantidade-de-saldo-33067","17":"pa_sequencial-da-serie-31895","18":"pa_tipo-de-traducao-nao-classificado","20":"first","21":"outofstock","22":"product-type-simple"},"acf":[],"_links":{"self":[{"href":"https:\/\/www.irdin.org.br\/site\/wp-json\/wp\/v2\/product\/83658","targetHints":{"allow":["GET"]}}],"collection":[{"href":"https:\/\/www.irdin.org.br\/site\/wp-json\/wp\/v2\/product"}],"about":[{"href":"https:\/\/www.irdin.org.br\/site\/wp-json\/wp\/v2\/types\/product"}],"version-history":[{"count":1,"href":"https:\/\/www.irdin.org.br\/site\/wp-json\/wp\/v2\/product\/83658\/revisions"}],"predecessor-version":[{"id":108587,"href":"https:\/\/www.irdin.org.br\/site\/wp-json\/wp\/v2\/product\/83658\/revisions\/108587"}],"wp:featuredmedia":[{"embeddable":true,"href":"https:\/\/www.irdin.org.br\/site\/wp-json\/wp\/v2\/media\/37803"}],"wp:attachment":[{"href":"https:\/\/www.irdin.org.br\/site\/wp-json\/wp\/v2\/media?parent=83658"}],"wp:term":[{"taxonomy":"product_brand","embeddable":true,"href":"https:\/\/www.irdin.org.br\/site\/wp-json\/wp\/v2\/product_brand?post=83658"},{"taxonomy":"product_cat","embeddable":true,"href":"https:\/\/www.irdin.org.br\/site\/wp-json\/wp\/v2\/product_cat?post=83658"},{"taxonomy":"product_tag","embeddable":true,"href":"https:\/\/www.irdin.org.br\/site\/wp-json\/wp\/v2\/product_tag?post=83658"}],"curies":[{"name":"wp","href":"https:\/\/api.w.org\/{rel}","templated":true}]}}