{"id":83661,"date":"2018-04-26T18:24:59","date_gmt":"2018-04-26T18:24:59","guid":{"rendered":"http:\/\/www.irdin.org.br\/site\/produto\/nao-se-cansem-de-esperar-sao-jose-e-a-mae-do-ashram-planam-sobre-nos\/"},"modified":"2025-03-15T19:48:28","modified_gmt":"2025-03-15T19:48:28","slug":"nao-se-cansem-de-esperar-sao-jose-e-a-mae-do-ashram-planam-sobre-nos","status":"publish","type":"product","link":"https:\/\/www.irdin.org.br\/site\/produtos\/nao-se-cansem-de-esperar-sao-jose-e-a-mae-do-ashram-planam-sobre-nos\/","title":{"rendered":"N\u00e3o se cansem de esperar &#8211; S\u00e3o Jos\u00e9 e a M\u00e3e do Ashram planam sobre n\u00f3s"},"content":{"rendered":"<p><em>Respiramos profundamente em um encontro com dois expoentes que nos mostram a eternidade de algumas verdades.<\/em><\/p>\n<p>&nbsp;<br \/>\n<strong>Ou\u00e7a agora:<\/strong><\/p>\n<p><span data-href=\"https:\/\/www.irdin.org.br\/site\/envios\/audios\/0035_0016__por_por__nao_se_cansem_de_esperar.mp3\" data-title=\"n\u00e3o se cansem de esperar\" data-rel=\"\" data-target=\"\" data-meta=\"#fap-meta-6a04e7e185565\" class=\"fap-single-track fap-track-button fap-play-button\" data-enqueue=\"no\" data-autoenqueue=\"no\" title=\"n\u00e3o se cansem de esperar\"><span class=\"fap-icon-play\"><\/span>Ouvir<\/span> <a href=\"https:\/\/www.irdin.org.br\/site\/envios\/audios\/0035_0016__por_por__nao_se_cansem_de_esperar.mp3\" class=\"baixar\" download><span class=\"fa fa-arrow-down\"><\/span>Baixar<\/span><\/a> <span class=\"textobaixar\"> n\u00e3o se cansem de esperar<\/span><\/p>\n<p>&nbsp;<\/p>\n","protected":false},"excerpt":{"rendered":"<p>Respiramos profundamente em um encontro com dois expoentes que nos mostram a eternidade de algumas verdades. &nbsp; Ou\u00e7a agora: Baixar<\/p>\n","protected":false},"featured_media":37803,"template":"","meta":{"_acf_changed":false},"product_brand":[],"product_cat":[18076,33068],"product_tag":[40623],"class_list":{"0":"post-83661","1":"product","2":"type-product","3":"status-publish","4":"has-post-thumbnail","6":"product_cat-cddvd","7":"product_cat-palestras","8":"product_tag-40623","9":"pa_autor-trigueirinho","10":"pa_codigo-da-serie-32809","11":"pa_data-de-gravacao-31024","12":"pa_idioma-de-destino-portugues","13":"pa_lancamento-no","14":"pa_midia-cd","15":"pa_moac-40622","16":"pa_quantidade-de-saldo-33067","17":"pa_sequencial-da-serie-31869","18":"pa_tipo-de-traducao-nao-classificado","20":"first","21":"outofstock","22":"product-type-simple"},"acf":[],"_links":{"self":[{"href":"https:\/\/www.irdin.org.br\/site\/wp-json\/wp\/v2\/product\/83661","targetHints":{"allow":["GET"]}}],"collection":[{"href":"https:\/\/www.irdin.org.br\/site\/wp-json\/wp\/v2\/product"}],"about":[{"href":"https:\/\/www.irdin.org.br\/site\/wp-json\/wp\/v2\/types\/product"}],"version-history":[{"count":1,"href":"https:\/\/www.irdin.org.br\/site\/wp-json\/wp\/v2\/product\/83661\/revisions"}],"predecessor-version":[{"id":108590,"href":"https:\/\/www.irdin.org.br\/site\/wp-json\/wp\/v2\/product\/83661\/revisions\/108590"}],"wp:featuredmedia":[{"embeddable":true,"href":"https:\/\/www.irdin.org.br\/site\/wp-json\/wp\/v2\/media\/37803"}],"wp:attachment":[{"href":"https:\/\/www.irdin.org.br\/site\/wp-json\/wp\/v2\/media?parent=83661"}],"wp:term":[{"taxonomy":"product_brand","embeddable":true,"href":"https:\/\/www.irdin.org.br\/site\/wp-json\/wp\/v2\/product_brand?post=83661"},{"taxonomy":"product_cat","embeddable":true,"href":"https:\/\/www.irdin.org.br\/site\/wp-json\/wp\/v2\/product_cat?post=83661"},{"taxonomy":"product_tag","embeddable":true,"href":"https:\/\/www.irdin.org.br\/site\/wp-json\/wp\/v2\/product_tag?post=83661"}],"curies":[{"name":"wp","href":"https:\/\/api.w.org\/{rel}","templated":true}]}}