{"id":83663,"date":"2018-04-26T18:24:59","date_gmt":"2018-04-26T18:24:59","guid":{"rendered":"http:\/\/www.irdin.org.br\/site\/produto\/murielh-e-a-sabedoria-que-nos-salva\/"},"modified":"2025-03-15T19:48:52","modified_gmt":"2025-03-15T19:48:52","slug":"murielh-e-a-sabedoria-que-nos-salva","status":"publish","type":"product","link":"https:\/\/www.irdin.org.br\/site\/produtos\/murielh-e-a-sabedoria-que-nos-salva\/","title":{"rendered":"Murielh e a sabedoria que nos salva"},"content":{"rendered":"<p><em>O valor das prova\u00e7\u00f5es \/ Enxergar o que os olhos normais n\u00e3o veem \/ No exerc\u00edcio da vigil\u00e2ncia chegamos \u00e0 prontid\u00e3o \/ Enxergar antes que as coisas aconte\u00e7am \/ Apelar para nossas capacidades desconhecidas, ensina Murielh \/ A ignor\u00e2ncia de n\u00e3o querer aprender \/ A entrega \u00e0 Fonte do Amor Maior \u00e9 o que resolve cada situa\u00e7\u00e3o<\/em><\/p>\n<p>&nbsp;<br \/>\n<strong>Ou\u00e7a agora:<\/strong><\/p>\n<p><span data-href=\"https:\/\/www.irdin.org.br\/site\/envios\/audios\/0035_0018__por_por__murielh_e_a_sabedoria_que_nos_salva.mp3\" data-title=\"murielh e a sabedoria que nos salva\" data-rel=\"\" data-target=\"\" data-meta=\"#fap-meta-69e351e2c8a35\" class=\"fap-single-track fap-track-button fap-play-button\" data-enqueue=\"no\" data-autoenqueue=\"no\" title=\"murielh e a sabedoria que nos salva\"><span class=\"fap-icon-play\"><\/span>Ouvir<\/span> <a href=\"https:\/\/www.irdin.org.br\/site\/envios\/audios\/0035_0018__por_por__murielh_e_a_sabedoria_que_nos_salva.mp3\" class=\"baixar\" download><span class=\"fa fa-arrow-down\"><\/span>Baixar<\/span><\/a> <span class=\"textobaixar\"> murielh e a sabedoria que nos salva<\/span><\/p>\n<p>&nbsp;<\/p>\n","protected":false},"excerpt":{"rendered":"<p>O valor das prova\u00e7\u00f5es \/ Enxergar o que os olhos normais n\u00e3o veem \/ No exerc\u00edcio da vigil\u00e2ncia chegamos \u00e0<\/p>\n","protected":false},"featured_media":37803,"template":"","meta":{"_acf_changed":false},"product_brand":[],"product_cat":[18076,33068],"product_tag":[40627],"class_list":{"0":"post-83663","1":"product","2":"type-product","3":"status-publish","4":"has-post-thumbnail","6":"product_cat-cddvd","7":"product_cat-palestras","8":"product_tag-40627","9":"pa_autor-trigueirinho","10":"pa_codigo-da-serie-32809","11":"pa_data-de-gravacao-31030","12":"pa_idioma-de-destino-portugues","13":"pa_lancamento-no","14":"pa_midia-cd","15":"pa_moac-40626","16":"pa_quantidade-de-saldo-33067","17":"pa_sequencial-da-serie-31871","18":"pa_tipo-de-traducao-nao-classificado","20":"first","21":"outofstock","22":"product-type-simple"},"acf":[],"_links":{"self":[{"href":"https:\/\/www.irdin.org.br\/site\/wp-json\/wp\/v2\/product\/83663","targetHints":{"allow":["GET"]}}],"collection":[{"href":"https:\/\/www.irdin.org.br\/site\/wp-json\/wp\/v2\/product"}],"about":[{"href":"https:\/\/www.irdin.org.br\/site\/wp-json\/wp\/v2\/types\/product"}],"version-history":[{"count":1,"href":"https:\/\/www.irdin.org.br\/site\/wp-json\/wp\/v2\/product\/83663\/revisions"}],"predecessor-version":[{"id":108592,"href":"https:\/\/www.irdin.org.br\/site\/wp-json\/wp\/v2\/product\/83663\/revisions\/108592"}],"wp:featuredmedia":[{"embeddable":true,"href":"https:\/\/www.irdin.org.br\/site\/wp-json\/wp\/v2\/media\/37803"}],"wp:attachment":[{"href":"https:\/\/www.irdin.org.br\/site\/wp-json\/wp\/v2\/media?parent=83663"}],"wp:term":[{"taxonomy":"product_brand","embeddable":true,"href":"https:\/\/www.irdin.org.br\/site\/wp-json\/wp\/v2\/product_brand?post=83663"},{"taxonomy":"product_cat","embeddable":true,"href":"https:\/\/www.irdin.org.br\/site\/wp-json\/wp\/v2\/product_cat?post=83663"},{"taxonomy":"product_tag","embeddable":true,"href":"https:\/\/www.irdin.org.br\/site\/wp-json\/wp\/v2\/product_tag?post=83663"}],"curies":[{"name":"wp","href":"https:\/\/api.w.org\/{rel}","templated":true}]}}