{"id":83680,"date":"2018-04-26T18:25:19","date_gmt":"2018-04-26T18:25:19","guid":{"rendered":"http:\/\/www.irdin.org.br\/site\/produto\/temas-especiais-para-estudo-6\/"},"modified":"2025-03-15T19:43:48","modified_gmt":"2025-03-15T19:43:48","slug":"temas-especiais-para-estudo-6","status":"publish","type":"product","link":"https:\/\/www.irdin.org.br\/site\/produtos\/temas-especiais-para-estudo-6\/","title":{"rendered":"Temas especiais para estudo &#8211; 6"},"content":{"rendered":"<p><em>Efeitos da observa\u00e7\u00e3o de certas pinturas de Madonas. Manter a mente na alma, prestar ajuda silenciosa ao outro, em tudo sentir a presen\u00e7a de Deus. Alimenta\u00e7\u00e3o em Figueira. Aquecimento global e presen\u00e7a extraterrestre. Coligar-se com Sirius, buscar as origens e a mais elevada meta.<\/em><\/p>\n<p>&nbsp;<br \/>\n<strong>Ou\u00e7a agora:<\/strong><\/p>\n<p><span data-href=\"https:\/\/www.irdin.org.br\/site\/envios\/audios\/0041_0006__por_por__temas_especiais_para_estudo_06.mp3\" data-title=\"temas especiais para estudo - 6\" data-rel=\"\" data-target=\"\" data-meta=\"#fap-meta-69e2b1282ac9a\" class=\"fap-single-track fap-track-button fap-play-button\" data-enqueue=\"no\" data-autoenqueue=\"no\" title=\"temas especiais para estudo - 6\"><span class=\"fap-icon-play\"><\/span>Ouvir<\/span> <a href=\"https:\/\/www.irdin.org.br\/site\/envios\/audios\/0041_0006__por_por__temas_especiais_para_estudo_06.mp3\" class=\"baixar\" download><span class=\"fa fa-arrow-down\"><\/span>Baixar<\/span><\/a> <span class=\"textobaixar\"> temas especiais para estudo &#8211; 6<\/span><\/p>\n<p>&nbsp;<\/p>\n","protected":false},"excerpt":{"rendered":"<p>Efeitos da observa\u00e7\u00e3o de certas pinturas de Madonas. Manter a mente na alma, prestar ajuda silenciosa ao outro, em tudo<\/p>\n","protected":false},"featured_media":37803,"template":"","meta":{"_acf_changed":false},"product_brand":[],"product_cat":[18076,33068],"product_tag":[40661],"class_list":{"0":"post-83680","1":"product","2":"type-product","3":"status-publish","4":"has-post-thumbnail","6":"product_cat-cddvd","7":"product_cat-palestras","8":"product_tag-40661","9":"pa_autor-trigueirinho","10":"pa_codigo-da-serie-32815","11":"pa_data-de-gravacao-31116","12":"pa_idioma-de-destino-portugues","13":"pa_lancamento-no","14":"pa_midia-cd","15":"pa_moac-40660","16":"pa_quantidade-de-saldo-33067","17":"pa_sequencial-da-serie-31882","18":"pa_tipo-de-traducao-nao-classificado","20":"first","21":"outofstock","22":"product-type-simple"},"acf":[],"_links":{"self":[{"href":"https:\/\/www.irdin.org.br\/site\/wp-json\/wp\/v2\/product\/83680","targetHints":{"allow":["GET"]}}],"collection":[{"href":"https:\/\/www.irdin.org.br\/site\/wp-json\/wp\/v2\/product"}],"about":[{"href":"https:\/\/www.irdin.org.br\/site\/wp-json\/wp\/v2\/types\/product"}],"version-history":[{"count":1,"href":"https:\/\/www.irdin.org.br\/site\/wp-json\/wp\/v2\/product\/83680\/revisions"}],"predecessor-version":[{"id":108569,"href":"https:\/\/www.irdin.org.br\/site\/wp-json\/wp\/v2\/product\/83680\/revisions\/108569"}],"wp:featuredmedia":[{"embeddable":true,"href":"https:\/\/www.irdin.org.br\/site\/wp-json\/wp\/v2\/media\/37803"}],"wp:attachment":[{"href":"https:\/\/www.irdin.org.br\/site\/wp-json\/wp\/v2\/media?parent=83680"}],"wp:term":[{"taxonomy":"product_brand","embeddable":true,"href":"https:\/\/www.irdin.org.br\/site\/wp-json\/wp\/v2\/product_brand?post=83680"},{"taxonomy":"product_cat","embeddable":true,"href":"https:\/\/www.irdin.org.br\/site\/wp-json\/wp\/v2\/product_cat?post=83680"},{"taxonomy":"product_tag","embeddable":true,"href":"https:\/\/www.irdin.org.br\/site\/wp-json\/wp\/v2\/product_tag?post=83680"}],"curies":[{"name":"wp","href":"https:\/\/api.w.org\/{rel}","templated":true}]}}