{"id":83682,"date":"2018-04-26T18:25:19","date_gmt":"2018-04-26T18:25:19","guid":{"rendered":"http:\/\/www.irdin.org.br\/site\/produto\/temas-especiais-para-estudo-8\/"},"modified":"2025-03-15T19:44:16","modified_gmt":"2025-03-15T19:44:16","slug":"temas-especiais-para-estudo-8","status":"publish","type":"product","link":"https:\/\/www.irdin.org.br\/site\/produtos\/temas-especiais-para-estudo-8\/","title":{"rendered":"Temas especiais para estudo &#8211; 8"},"content":{"rendered":"<p><em>O contato interior e os princ\u00edpios que regulam a vida externa em Figueira.A regra: Avan\u00e7a. Ouve, toca, v\u00ea, sabe e cala. E torna a avan\u00e7ar\u00b4. \u00b4<\/em><\/p>\n<p>&nbsp;<br \/>\n<strong>Ou\u00e7a agora:<\/strong><\/p>\n<p><span data-href=\"https:\/\/www.irdin.org.br\/site\/envios\/audios\/0041_0008__por_por__temas_especiais_para_estudo_08.mp3\" data-title=\"temas especiais para estudo - 8\" data-rel=\"\" data-target=\"\" data-meta=\"#fap-meta-6a0060387467e\" class=\"fap-single-track fap-track-button fap-play-button\" data-enqueue=\"no\" data-autoenqueue=\"no\" title=\"temas especiais para estudo - 8\"><span class=\"fap-icon-play\"><\/span>Ouvir<\/span> <a href=\"https:\/\/www.irdin.org.br\/site\/envios\/audios\/0041_0008__por_por__temas_especiais_para_estudo_08.mp3\" class=\"baixar\" download><span class=\"fa fa-arrow-down\"><\/span>Baixar<\/span><\/a> <span class=\"textobaixar\"> temas especiais para estudo &#8211; 8<\/span><\/p>\n<p>&nbsp;<\/p>\n","protected":false},"excerpt":{"rendered":"<p>O contato interior e os princ\u00edpios que regulam a vida externa em Figueira.A regra: Avan\u00e7a. Ouve, toca, v\u00ea, sabe e<\/p>\n","protected":false},"featured_media":37803,"template":"","meta":{"_acf_changed":false},"product_brand":[],"product_cat":[18076,33068],"product_tag":[40665],"class_list":{"0":"post-83682","1":"product","2":"type-product","3":"status-publish","4":"has-post-thumbnail","6":"product_cat-cddvd","7":"product_cat-palestras","8":"product_tag-40665","9":"pa_autor-trigueirinho","10":"pa_codigo-da-serie-32815","11":"pa_data-de-gravacao-31122","12":"pa_idioma-de-destino-portugues","13":"pa_lancamento-no","14":"pa_midia-cd","15":"pa_moac-40664","16":"pa_quantidade-de-saldo-33067","17":"pa_sequencial-da-serie-31888","18":"pa_tipo-de-traducao-nao-classificado","20":"first","21":"outofstock","22":"product-type-simple"},"acf":[],"_links":{"self":[{"href":"https:\/\/www.irdin.org.br\/site\/wp-json\/wp\/v2\/product\/83682","targetHints":{"allow":["GET"]}}],"collection":[{"href":"https:\/\/www.irdin.org.br\/site\/wp-json\/wp\/v2\/product"}],"about":[{"href":"https:\/\/www.irdin.org.br\/site\/wp-json\/wp\/v2\/types\/product"}],"version-history":[{"count":1,"href":"https:\/\/www.irdin.org.br\/site\/wp-json\/wp\/v2\/product\/83682\/revisions"}],"predecessor-version":[{"id":108571,"href":"https:\/\/www.irdin.org.br\/site\/wp-json\/wp\/v2\/product\/83682\/revisions\/108571"}],"wp:featuredmedia":[{"embeddable":true,"href":"https:\/\/www.irdin.org.br\/site\/wp-json\/wp\/v2\/media\/37803"}],"wp:attachment":[{"href":"https:\/\/www.irdin.org.br\/site\/wp-json\/wp\/v2\/media?parent=83682"}],"wp:term":[{"taxonomy":"product_brand","embeddable":true,"href":"https:\/\/www.irdin.org.br\/site\/wp-json\/wp\/v2\/product_brand?post=83682"},{"taxonomy":"product_cat","embeddable":true,"href":"https:\/\/www.irdin.org.br\/site\/wp-json\/wp\/v2\/product_cat?post=83682"},{"taxonomy":"product_tag","embeddable":true,"href":"https:\/\/www.irdin.org.br\/site\/wp-json\/wp\/v2\/product_tag?post=83682"}],"curies":[{"name":"wp","href":"https:\/\/api.w.org\/{rel}","templated":true}]}}